{"id":8352,"date":"2022-02-24T11:50:43","date_gmt":"2022-02-24T11:50:43","guid":{"rendered":"https:\/\/www.24-7prayer.com\/acerca-de\/lo-que-hacemos\/alrededor-del-mundo\/america-del-norte\/"},"modified":"2022-02-24T11:50:45","modified_gmt":"2022-02-24T11:50:45","slug":"america-del-norte","status":"publish","type":"page","link":"https:\/\/www.24-7prayer.com\/es\/acerca-de\/lo-que-hacemos\/alrededor-del-mundo\/america-del-norte\/","title":{"rendered":"Am\u00e9rica del Norte"},"content":{"rendered":"\n<h2 class=\"wp-block-heading\">Canad\u00e1<br\/>Oraci\u00f3n 24-7 Canad\u00e1<\/h2>\n\n<p>Oraci\u00f3n 24-7 Canad\u00e1 ayuda a las iglesias y organizaciones a cultivar una cultura profunda y completa de oraci\u00f3n, misi\u00f3n y justicia que repercuta en sus ciudades para el Evangelio. Canad\u00e1 se encuentra en un momento de hambre renovada por la oraci\u00f3n.<\/p>\n\n<div style=\"height:10px\" aria-hidden=\"true\" class=\"wp-block-spacer\"><\/div>\n\n<h4 class=\"wp-block-heading\">El equipo<\/h4>\n\n<p>Dorielis Friesen dirige el equipo canadiense, que se compone de cuatro personas.<\/p>\n\n<h4 class=\"wp-block-heading\">Descubre m\u00e1s<\/h4>\n\n<p><a href=\"https:\/\/www.247prayercanada.com\/\">https:\/\/www.247prayercanada.com\/<\/a><\/p>\n\n<h4 class=\"wp-block-heading\">Contacta<\/h4>\n\n<p> <a href=\"mailto:info@247prayercanada.com\">info@247prayercanada.com<\/a><\/p>\n\n<hr class=\"wp-block-separator\"\/>\n\n<h2 class=\"wp-block-heading\">ESTADOS UNIDOS <br\/>Oraci\u00f3n 24-7 Estados Unidos<\/h2>\n\n<p>El movimiento de Oraci\u00f3n 24-7 en Estados Unidos empez\u00f3 a cobrar fuerza en 2001, cuando las iglesias y los grupos exploraron nuevas formas de orar y encontrarse con Dios en las Salas interactivas de Oraci\u00f3n 24-7. Llevamos orando ininterrumpidamente de forma colectiva en las salas de Oraci\u00f3n 24-7 desde 2003. Oraci\u00f3n 24-7 Estados Unidos comenz\u00f3 oficialmente en 2004, y unos a\u00f1os despu\u00e9s lanzaron una iniciativa llamada Campus America, que moviliz\u00f3 a estudiantes universitarios en cerca de mil campuses universitarios a lo largo de la naci\u00f3n para buscar a Dios y orar. Desde entonces, Oraci\u00f3n 24-7 Estados Unidos ha orientado a comunidades de fe, casas de oraci\u00f3n, iniciativas de oraci\u00f3n, y los esfuerzos en cuanto a la misi\u00f3n y la justicia social han seguido multiplic\u00e1ndose en todo el pa\u00eds. <\/p>\n\n<div style=\"height:10px\" aria-hidden=\"true\" class=\"wp-block-spacer\"><\/div>\n\n<h4 class=\"wp-block-heading\">El equipo<\/h4>\n\n<p>Tyler Staton es el nuevo l\u00edder del equipo nacional, con un equipo de supervisi\u00f3n de siete personas que se encargan de Oraci\u00f3n 24-7 en Estados Unidos.<\/p>\n\n<h4 class=\"wp-block-heading\">Descubre m\u00e1s<\/h4>\n\n<p><a href=\"http:\/\/www.24-7prayerUSA.com\">www.24-7prayerUSA.com<\/a><\/p>\n\n<h4 class=\"wp-block-heading\">Contacta<\/h4>\n\n<p><a href=\"mailto:info@24-7prayerusa.com\">info@24-7prayerusa.com<\/a><\/p>\n","protected":false},"excerpt":{"rendered":"<p>Canad\u00e1Oraci\u00f3n 24-7 Canad\u00e1 Oraci\u00f3n 24-7 Canad\u00e1 ayuda a las iglesias y organizaciones a cultivar una cultura profunda y completa de oraci\u00f3n, misi\u00f3n y justicia que repercuta en sus ciudades para el Evangelio. Canad\u00e1 se encuentra en un momento de hambre renovada por la oraci\u00f3n. El equipo Dorielis Friesen dirige el equipo canadiense, que se compone [&hellip;]<\/p>\n","protected":false},"author":1,"featured_media":10513,"parent":4138,"menu_order":200,"comment_status":"closed","ping_status":"closed","template":"","meta":{"_acf_changed":false,"inline_featured_image":false,"footnotes":""},"class_list":["post-8352","page","type-page","status-publish","has-post-thumbnail","hentry"],"acf":[],"yoast_head":"<!-- This site is optimized with the Yoast SEO plugin v27.4 - https:\/\/yoast.com\/product\/yoast-seo-wordpress\/ -->\n<title>Am\u00e9rica del Norte - 24-7 Prayer International<\/title>\n<meta name=\"robots\" content=\"index, follow, max-snippet:-1, max-image-preview:large, max-video-preview:-1\" \/>\n<link rel=\"canonical\" href=\"https:\/\/www.24-7prayer.com\/es\/acerca-de\/lo-que-hacemos\/alrededor-del-mundo\/america-del-norte\/\" \/>\n<meta property=\"og:locale\" content=\"es_ES\" \/>\n<meta property=\"og:type\" content=\"article\" \/>\n<meta property=\"og:title\" content=\"Am\u00e9rica del Norte - 24-7 Prayer International\" \/>\n<meta property=\"og:description\" content=\"Canad\u00e1Oraci\u00f3n 24-7 Canad\u00e1 Oraci\u00f3n 24-7 Canad\u00e1 ayuda a las iglesias y organizaciones a cultivar una cultura profunda y completa de oraci\u00f3n, misi\u00f3n y justicia que repercuta en sus ciudades para el Evangelio. Canad\u00e1 se encuentra en un momento de hambre renovada por la oraci\u00f3n. El equipo Dorielis Friesen dirige el equipo canadiense, que se compone [&hellip;]\" \/>\n<meta property=\"og:url\" content=\"https:\/\/www.24-7prayer.com\/es\/acerca-de\/lo-que-hacemos\/alrededor-del-mundo\/america-del-norte\/\" \/>\n<meta property=\"og:site_name\" content=\"24-7 Prayer International\" \/>\n<meta property=\"article:modified_time\" content=\"2022-02-24T11:50:45+00:00\" \/>\n<meta name=\"twitter:card\" content=\"summary_large_image\" \/>\n<script type=\"application\/ld+json\" class=\"yoast-schema-graph\">{\"@context\":\"https:\\\/\\\/schema.org\",\"@graph\":[{\"@type\":\"WebPage\",\"@id\":\"https:\\\/\\\/www.24-7prayer.com\\\/es\\\/acerca-de\\\/lo-que-hacemos\\\/alrededor-del-mundo\\\/america-del-norte\\\/\",\"url\":\"https:\\\/\\\/www.24-7prayer.com\\\/es\\\/acerca-de\\\/lo-que-hacemos\\\/alrededor-del-mundo\\\/america-del-norte\\\/\",\"name\":\"Am\u00e9rica del Norte - 24-7 Prayer International\",\"isPartOf\":{\"@id\":\"https:\\\/\\\/www.24-7prayer.com\\\/es\\\/#website\"},\"primaryImageOfPage\":{\"@id\":\"https:\\\/\\\/www.24-7prayer.com\\\/es\\\/acerca-de\\\/lo-que-hacemos\\\/alrededor-del-mundo\\\/america-del-norte\\\/#primaryimage\"},\"image\":{\"@id\":\"https:\\\/\\\/www.24-7prayer.com\\\/es\\\/acerca-de\\\/lo-que-hacemos\\\/alrededor-del-mundo\\\/america-del-norte\\\/#primaryimage\"},\"thumbnailUrl\":\"https:\\\/\\\/www.24-7prayer.com\\\/wp-content\\\/uploads\\\/2022\\\/07\\\/north-america-standard_page_header-scaled.jpg\",\"datePublished\":\"2022-02-24T11:50:43+00:00\",\"dateModified\":\"2022-02-24T11:50:45+00:00\",\"breadcrumb\":{\"@id\":\"https:\\\/\\\/www.24-7prayer.com\\\/es\\\/acerca-de\\\/lo-que-hacemos\\\/alrededor-del-mundo\\\/america-del-norte\\\/#breadcrumb\"},\"inLanguage\":\"es\",\"potentialAction\":[{\"@type\":\"ReadAction\",\"target\":[\"https:\\\/\\\/www.24-7prayer.com\\\/es\\\/acerca-de\\\/lo-que-hacemos\\\/alrededor-del-mundo\\\/america-del-norte\\\/\"]}]},{\"@type\":\"ImageObject\",\"inLanguage\":\"es\",\"@id\":\"https:\\\/\\\/www.24-7prayer.com\\\/es\\\/acerca-de\\\/lo-que-hacemos\\\/alrededor-del-mundo\\\/america-del-norte\\\/#primaryimage\",\"url\":\"https:\\\/\\\/www.24-7prayer.com\\\/wp-content\\\/uploads\\\/2022\\\/07\\\/north-america-standard_page_header-scaled.jpg\",\"contentUrl\":\"https:\\\/\\\/www.24-7prayer.com\\\/wp-content\\\/uploads\\\/2022\\\/07\\\/north-america-standard_page_header-scaled.jpg\",\"width\":2560,\"height\":914},{\"@type\":\"BreadcrumbList\",\"@id\":\"https:\\\/\\\/www.24-7prayer.com\\\/es\\\/acerca-de\\\/lo-que-hacemos\\\/alrededor-del-mundo\\\/america-del-norte\\\/#breadcrumb\",\"itemListElement\":[{\"@type\":\"ListItem\",\"position\":1,\"name\":\"Home\",\"item\":\"https:\\\/\\\/www.24-7prayer.com\\\/es\\\/\"},{\"@type\":\"ListItem\",\"position\":2,\"name\":\"Acerca de\",\"item\":\"https:\\\/\\\/www.24-7prayer.com\\\/es\\\/acerca-de\\\/\"},{\"@type\":\"ListItem\",\"position\":3,\"name\":\"Lo que hacemos\",\"item\":\"https:\\\/\\\/www.24-7prayer.com\\\/es\\\/acerca-de\\\/lo-que-hacemos\\\/\"},{\"@type\":\"ListItem\",\"position\":4,\"name\":\"Alrededor del mundo\",\"item\":\"https:\\\/\\\/www.24-7prayer.com\\\/es\\\/acerca-de\\\/lo-que-hacemos\\\/alrededor-del-mundo\\\/\"},{\"@type\":\"ListItem\",\"position\":5,\"name\":\"Am\u00e9rica del Norte\"}]},{\"@type\":\"WebSite\",\"@id\":\"https:\\\/\\\/www.24-7prayer.com\\\/es\\\/#website\",\"url\":\"https:\\\/\\\/www.24-7prayer.com\\\/es\\\/\",\"name\":\"24-7 Prayer International\",\"description\":\"Prayer Mission Justice\",\"publisher\":{\"@id\":\"https:\\\/\\\/www.24-7prayer.com\\\/es\\\/#organization\"},\"potentialAction\":[{\"@type\":\"SearchAction\",\"target\":{\"@type\":\"EntryPoint\",\"urlTemplate\":\"https:\\\/\\\/www.24-7prayer.com\\\/es\\\/?s={search_term_string}\"},\"query-input\":{\"@type\":\"PropertyValueSpecification\",\"valueRequired\":true,\"valueName\":\"search_term_string\"}}],\"inLanguage\":\"es\"},{\"@type\":\"Organization\",\"@id\":\"https:\\\/\\\/www.24-7prayer.com\\\/es\\\/#organization\",\"name\":\"24-7 Prayer\",\"url\":\"https:\\\/\\\/www.24-7prayer.com\\\/es\\\/\",\"logo\":{\"@type\":\"ImageObject\",\"inLanguage\":\"es\",\"@id\":\"https:\\\/\\\/www.24-7prayer.com\\\/es\\\/#\\\/schema\\\/logo\\\/image\\\/\",\"url\":\"https:\\\/\\\/www.24-7prayer.com\\\/wp-content\\\/uploads\\\/2022\\\/06\\\/logo.png\",\"contentUrl\":\"https:\\\/\\\/www.24-7prayer.com\\\/wp-content\\\/uploads\\\/2022\\\/06\\\/logo.png\",\"width\":302,\"height\":49,\"caption\":\"24-7 Prayer\"},\"image\":{\"@id\":\"https:\\\/\\\/www.24-7prayer.com\\\/es\\\/#\\\/schema\\\/logo\\\/image\\\/\"}}]}<\/script>\n<!-- \/ Yoast SEO plugin. -->","yoast_head_json":{"title":"Am\u00e9rica del Norte - 24-7 Prayer International","robots":{"index":"index","follow":"follow","max-snippet":"max-snippet:-1","max-image-preview":"max-image-preview:large","max-video-preview":"max-video-preview:-1"},"canonical":"https:\/\/www.24-7prayer.com\/es\/acerca-de\/lo-que-hacemos\/alrededor-del-mundo\/america-del-norte\/","og_locale":"es_ES","og_type":"article","og_title":"Am\u00e9rica del Norte - 24-7 Prayer International","og_description":"Canad\u00e1Oraci\u00f3n 24-7 Canad\u00e1 Oraci\u00f3n 24-7 Canad\u00e1 ayuda a las iglesias y organizaciones a cultivar una cultura profunda y completa de oraci\u00f3n, misi\u00f3n y justicia que repercuta en sus ciudades para el Evangelio. Canad\u00e1 se encuentra en un momento de hambre renovada por la oraci\u00f3n. El equipo Dorielis Friesen dirige el equipo canadiense, que se compone [&hellip;]","og_url":"https:\/\/www.24-7prayer.com\/es\/acerca-de\/lo-que-hacemos\/alrededor-del-mundo\/america-del-norte\/","og_site_name":"24-7 Prayer International","article_modified_time":"2022-02-24T11:50:45+00:00","twitter_card":"summary_large_image","schema":{"@context":"https:\/\/schema.org","@graph":[{"@type":"WebPage","@id":"https:\/\/www.24-7prayer.com\/es\/acerca-de\/lo-que-hacemos\/alrededor-del-mundo\/america-del-norte\/","url":"https:\/\/www.24-7prayer.com\/es\/acerca-de\/lo-que-hacemos\/alrededor-del-mundo\/america-del-norte\/","name":"Am\u00e9rica del Norte - 24-7 Prayer International","isPartOf":{"@id":"https:\/\/www.24-7prayer.com\/es\/#website"},"primaryImageOfPage":{"@id":"https:\/\/www.24-7prayer.com\/es\/acerca-de\/lo-que-hacemos\/alrededor-del-mundo\/america-del-norte\/#primaryimage"},"image":{"@id":"https:\/\/www.24-7prayer.com\/es\/acerca-de\/lo-que-hacemos\/alrededor-del-mundo\/america-del-norte\/#primaryimage"},"thumbnailUrl":"https:\/\/www.24-7prayer.com\/wp-content\/uploads\/2022\/07\/north-america-standard_page_header-scaled.jpg","datePublished":"2022-02-24T11:50:43+00:00","dateModified":"2022-02-24T11:50:45+00:00","breadcrumb":{"@id":"https:\/\/www.24-7prayer.com\/es\/acerca-de\/lo-que-hacemos\/alrededor-del-mundo\/america-del-norte\/#breadcrumb"},"inLanguage":"es","potentialAction":[{"@type":"ReadAction","target":["https:\/\/www.24-7prayer.com\/es\/acerca-de\/lo-que-hacemos\/alrededor-del-mundo\/america-del-norte\/"]}]},{"@type":"ImageObject","inLanguage":"es","@id":"https:\/\/www.24-7prayer.com\/es\/acerca-de\/lo-que-hacemos\/alrededor-del-mundo\/america-del-norte\/#primaryimage","url":"https:\/\/www.24-7prayer.com\/wp-content\/uploads\/2022\/07\/north-america-standard_page_header-scaled.jpg","contentUrl":"https:\/\/www.24-7prayer.com\/wp-content\/uploads\/2022\/07\/north-america-standard_page_header-scaled.jpg","width":2560,"height":914},{"@type":"BreadcrumbList","@id":"https:\/\/www.24-7prayer.com\/es\/acerca-de\/lo-que-hacemos\/alrededor-del-mundo\/america-del-norte\/#breadcrumb","itemListElement":[{"@type":"ListItem","position":1,"name":"Home","item":"https:\/\/www.24-7prayer.com\/es\/"},{"@type":"ListItem","position":2,"name":"Acerca de","item":"https:\/\/www.24-7prayer.com\/es\/acerca-de\/"},{"@type":"ListItem","position":3,"name":"Lo que hacemos","item":"https:\/\/www.24-7prayer.com\/es\/acerca-de\/lo-que-hacemos\/"},{"@type":"ListItem","position":4,"name":"Alrededor del mundo","item":"https:\/\/www.24-7prayer.com\/es\/acerca-de\/lo-que-hacemos\/alrededor-del-mundo\/"},{"@type":"ListItem","position":5,"name":"Am\u00e9rica del Norte"}]},{"@type":"WebSite","@id":"https:\/\/www.24-7prayer.com\/es\/#website","url":"https:\/\/www.24-7prayer.com\/es\/","name":"24-7 Prayer International","description":"Prayer Mission Justice","publisher":{"@id":"https:\/\/www.24-7prayer.com\/es\/#organization"},"potentialAction":[{"@type":"SearchAction","target":{"@type":"EntryPoint","urlTemplate":"https:\/\/www.24-7prayer.com\/es\/?s={search_term_string}"},"query-input":{"@type":"PropertyValueSpecification","valueRequired":true,"valueName":"search_term_string"}}],"inLanguage":"es"},{"@type":"Organization","@id":"https:\/\/www.24-7prayer.com\/es\/#organization","name":"24-7 Prayer","url":"https:\/\/www.24-7prayer.com\/es\/","logo":{"@type":"ImageObject","inLanguage":"es","@id":"https:\/\/www.24-7prayer.com\/es\/#\/schema\/logo\/image\/","url":"https:\/\/www.24-7prayer.com\/wp-content\/uploads\/2022\/06\/logo.png","contentUrl":"https:\/\/www.24-7prayer.com\/wp-content\/uploads\/2022\/06\/logo.png","width":302,"height":49,"caption":"24-7 Prayer"},"image":{"@id":"https:\/\/www.24-7prayer.com\/es\/#\/schema\/logo\/image\/"}}]}},"_links":{"self":[{"href":"https:\/\/www.24-7prayer.com\/es\/wp-json\/wp\/v2\/pages\/8352","targetHints":{"allow":["GET"]}}],"collection":[{"href":"https:\/\/www.24-7prayer.com\/es\/wp-json\/wp\/v2\/pages"}],"about":[{"href":"https:\/\/www.24-7prayer.com\/es\/wp-json\/wp\/v2\/types\/page"}],"author":[{"embeddable":true,"href":"https:\/\/www.24-7prayer.com\/es\/wp-json\/wp\/v2\/users\/1"}],"replies":[{"embeddable":true,"href":"https:\/\/www.24-7prayer.com\/es\/wp-json\/wp\/v2\/comments?post=8352"}],"version-history":[{"count":3,"href":"https:\/\/www.24-7prayer.com\/es\/wp-json\/wp\/v2\/pages\/8352\/revisions"}],"predecessor-version":[{"id":8355,"href":"https:\/\/www.24-7prayer.com\/es\/wp-json\/wp\/v2\/pages\/8352\/revisions\/8355"}],"up":[{"embeddable":true,"href":"https:\/\/www.24-7prayer.com\/es\/wp-json\/wp\/v2\/pages\/4138"}],"wp:featuredmedia":[{"embeddable":true,"href":"https:\/\/www.24-7prayer.com\/es\/wp-json\/wp\/v2\/media\/10513"}],"wp:attachment":[{"href":"https:\/\/www.24-7prayer.com\/es\/wp-json\/wp\/v2\/media?parent=8352"}],"curies":[{"name":"wp","href":"https:\/\/api.w.org\/{rel}","templated":true}]}}