{"id":8099,"date":"2022-02-18T09:25:10","date_gmt":"2022-02-18T09:25:10","guid":{"rendered":"https:\/\/www.24-7prayer.com\/acerca-de\/lo-que-hacemos\/comunidades-24-7\/unete-a-la-red-de-comunidades-24-7\/"},"modified":"2022-02-22T19:27:28","modified_gmt":"2022-02-22T19:27:28","slug":"unete-a-la-red-de-comunidades-24-7","status":"publish","type":"page","link":"https:\/\/www.24-7prayer.com\/es\/acerca-de\/lo-que-hacemos\/comunidades-24-7\/unete-a-la-red-de-comunidades-24-7\/","title":{"rendered":"\u00danete a la red de Comunidades 24-7"},"content":{"rendered":"\n<h3 class=\"wp-block-heading\">\u00danete a la red de Comunidades 24-7<\/h3>\n\n<p>Muchas gracias por tu inter\u00e9s en explorar la posibilidad de comenzar una relaci\u00f3n con de la red de Comunidades 24-7. We would love to get to know you, your team and your community and begin a conversation around what joining the network could look like.<\/p>\n\n<div style=\"height:40px\" aria-hidden=\"true\" class=\"wp-block-spacer\"><\/div>\n\n<h3 class=\"wp-block-heading\">Para comenzar<\/h3>\n\n<p>Nos encantar\u00eda empezar con una conversaci\u00f3n que nos ayude a entender el viaje que est\u00e1 haciendo tu comunidad en estos momentos. Queremos ser capaces de escuchar juntos lo que Dios os est\u00e1 diciendo y c\u00f3mo Dios os est\u00e1 guiando. Nosotros lo llamamos el Proceso del Abrazo.<\/p>\n\n<div style=\"height:40px\" aria-hidden=\"true\" class=\"wp-block-spacer\"><\/div>\n\n<h3 class=\"wp-block-heading\">El Proceso<\/h3>\n\n<p>Nos tomaremos <strong>un a\u00f1o<\/strong> para caminar juntos, reflexionando sobre <strong>el coraz\u00f3n, la mente, el prop\u00f3sito<\/strong> y el <strong>esp\u00edritu<\/strong> compartidos. Hay un v\u00eddeo y un debate sobre cada una de estas cuatro \u00e1reas que te ayudar\u00e1n a trabajar en cada prioridad, junto a un miembro del equipo de las Comunidades de Oraci\u00f3n 24-7. Las \u00e1reas se basan en el coraz\u00f3n de este pasaje:<\/p>\n\n<blockquote class=\"wp-block-quote is-layout-flow wp-block-quote-is-layout-flow\"><p>\u00abPor tanto, si sent\u00eds alg\u00fan est\u00edmulo en vuestra uni\u00f3n con Cristo, alg\u00fan consuelo en su amor, alg\u00fan compa\u00f1erismo en el Esp\u00edritu, alg\u00fan afecto entra\u00f1able, llenadme de alegr\u00eda teniendo un mismo parecer, un mismo amor, unidos en alma y pensamiento.\u00bb<\/p><cite>Filipenses 2:1-2 (NVI)<\/cite><\/blockquote>\n\n<p>El Proceso del Abrazo es un proceso de discernimiento guiado por el Esp\u00edritu; para decidir si unirse a la Red de Comunidades de Oraci\u00f3n 24-7 es el paso correcto para tu comunidad, con oportunidades a lo largo del a\u00f1o para hacer preguntas, aprender sobre el movimiento y escuchar a Dios juntos.<\/p>\n\n<p>Si quiere saber m\u00e1s sobre c\u00f3mo unirte a la Red de Comunidades 24-7, ponte en contacto con nosotros.<\/p>\n","protected":false},"excerpt":{"rendered":"<p>\u00danete a la red de Comunidades 24-7 Muchas gracias por tu inter\u00e9s en explorar la posibilidad de comenzar una relaci\u00f3n con de la red de Comunidades 24-7. We would love to get to know you, your team and your community and begin a conversation around what joining the network could look like. Para comenzar Nos [&hellip;]<\/p>\n","protected":false},"author":1,"featured_media":0,"parent":3491,"menu_order":214,"comment_status":"closed","ping_status":"closed","template":"","meta":{"_acf_changed":false,"inline_featured_image":false,"footnotes":""},"class_list":["post-8099","page","type-page","status-publish","hentry"],"acf":[],"yoast_head":"<!-- This site is optimized with the Yoast SEO plugin v27.3 - https:\/\/yoast.com\/product\/yoast-seo-wordpress\/ -->\n<title>\u00danete a la red de Comunidades 24-7 - 24-7 Prayer International<\/title>\n<meta name=\"robots\" content=\"index, follow, max-snippet:-1, max-image-preview:large, max-video-preview:-1\" \/>\n<link rel=\"canonical\" href=\"https:\/\/www.24-7prayer.com\/es\/acerca-de\/lo-que-hacemos\/comunidades-24-7\/unete-a-la-red-de-comunidades-24-7\/\" \/>\n<meta property=\"og:locale\" content=\"es_ES\" \/>\n<meta property=\"og:type\" content=\"article\" \/>\n<meta property=\"og:title\" content=\"\u00danete a la red de Comunidades 24-7 - 24-7 Prayer International\" \/>\n<meta property=\"og:description\" content=\"\u00danete a la red de Comunidades 24-7 Muchas gracias por tu inter\u00e9s en explorar la posibilidad de comenzar una relaci\u00f3n con de la red de Comunidades 24-7. We would love to get to know you, your team and your community and begin a conversation around what joining the network could look like. Para comenzar Nos [&hellip;]\" \/>\n<meta property=\"og:url\" content=\"https:\/\/www.24-7prayer.com\/es\/acerca-de\/lo-que-hacemos\/comunidades-24-7\/unete-a-la-red-de-comunidades-24-7\/\" \/>\n<meta property=\"og:site_name\" content=\"24-7 Prayer International\" \/>\n<meta property=\"article:modified_time\" content=\"2022-02-22T19:27:28+00:00\" \/>\n<meta name=\"twitter:card\" content=\"summary_large_image\" \/>\n<script type=\"application\/ld+json\" class=\"yoast-schema-graph\">{\"@context\":\"https:\\\/\\\/schema.org\",\"@graph\":[{\"@type\":\"WebPage\",\"@id\":\"https:\\\/\\\/www.24-7prayer.com\\\/es\\\/acerca-de\\\/lo-que-hacemos\\\/comunidades-24-7\\\/unete-a-la-red-de-comunidades-24-7\\\/\",\"url\":\"https:\\\/\\\/www.24-7prayer.com\\\/es\\\/acerca-de\\\/lo-que-hacemos\\\/comunidades-24-7\\\/unete-a-la-red-de-comunidades-24-7\\\/\",\"name\":\"\u00danete a la red de Comunidades 24-7 - 24-7 Prayer International\",\"isPartOf\":{\"@id\":\"https:\\\/\\\/www.24-7prayer.com\\\/es\\\/#website\"},\"datePublished\":\"2022-02-18T09:25:10+00:00\",\"dateModified\":\"2022-02-22T19:27:28+00:00\",\"breadcrumb\":{\"@id\":\"https:\\\/\\\/www.24-7prayer.com\\\/es\\\/acerca-de\\\/lo-que-hacemos\\\/comunidades-24-7\\\/unete-a-la-red-de-comunidades-24-7\\\/#breadcrumb\"},\"inLanguage\":\"es\",\"potentialAction\":[{\"@type\":\"ReadAction\",\"target\":[\"https:\\\/\\\/www.24-7prayer.com\\\/es\\\/acerca-de\\\/lo-que-hacemos\\\/comunidades-24-7\\\/unete-a-la-red-de-comunidades-24-7\\\/\"]}]},{\"@type\":\"BreadcrumbList\",\"@id\":\"https:\\\/\\\/www.24-7prayer.com\\\/es\\\/acerca-de\\\/lo-que-hacemos\\\/comunidades-24-7\\\/unete-a-la-red-de-comunidades-24-7\\\/#breadcrumb\",\"itemListElement\":[{\"@type\":\"ListItem\",\"position\":1,\"name\":\"Home\",\"item\":\"https:\\\/\\\/www.24-7prayer.com\\\/es\\\/\"},{\"@type\":\"ListItem\",\"position\":2,\"name\":\"Acerca de\",\"item\":\"https:\\\/\\\/www.24-7prayer.com\\\/es\\\/acerca-de\\\/\"},{\"@type\":\"ListItem\",\"position\":3,\"name\":\"Lo que hacemos\",\"item\":\"https:\\\/\\\/www.24-7prayer.com\\\/es\\\/acerca-de\\\/lo-que-hacemos\\\/\"},{\"@type\":\"ListItem\",\"position\":4,\"name\":\"Comunidades 24-7\",\"item\":\"https:\\\/\\\/www.24-7prayer.com\\\/es\\\/acerca-de\\\/lo-que-hacemos\\\/comunidades-24-7\\\/\"},{\"@type\":\"ListItem\",\"position\":5,\"name\":\"\u00danete a la red de Comunidades 24-7\"}]},{\"@type\":\"WebSite\",\"@id\":\"https:\\\/\\\/www.24-7prayer.com\\\/es\\\/#website\",\"url\":\"https:\\\/\\\/www.24-7prayer.com\\\/es\\\/\",\"name\":\"24-7 Prayer International\",\"description\":\"Prayer Mission Justice\",\"publisher\":{\"@id\":\"https:\\\/\\\/www.24-7prayer.com\\\/es\\\/#organization\"},\"potentialAction\":[{\"@type\":\"SearchAction\",\"target\":{\"@type\":\"EntryPoint\",\"urlTemplate\":\"https:\\\/\\\/www.24-7prayer.com\\\/es\\\/?s={search_term_string}\"},\"query-input\":{\"@type\":\"PropertyValueSpecification\",\"valueRequired\":true,\"valueName\":\"search_term_string\"}}],\"inLanguage\":\"es\"},{\"@type\":\"Organization\",\"@id\":\"https:\\\/\\\/www.24-7prayer.com\\\/es\\\/#organization\",\"name\":\"24-7 Prayer\",\"url\":\"https:\\\/\\\/www.24-7prayer.com\\\/es\\\/\",\"logo\":{\"@type\":\"ImageObject\",\"inLanguage\":\"es\",\"@id\":\"https:\\\/\\\/www.24-7prayer.com\\\/es\\\/#\\\/schema\\\/logo\\\/image\\\/\",\"url\":\"https:\\\/\\\/www.24-7prayer.com\\\/wp-content\\\/uploads\\\/2022\\\/06\\\/logo.png\",\"contentUrl\":\"https:\\\/\\\/www.24-7prayer.com\\\/wp-content\\\/uploads\\\/2022\\\/06\\\/logo.png\",\"width\":302,\"height\":49,\"caption\":\"24-7 Prayer\"},\"image\":{\"@id\":\"https:\\\/\\\/www.24-7prayer.com\\\/es\\\/#\\\/schema\\\/logo\\\/image\\\/\"}}]}<\/script>\n<!-- \/ Yoast SEO plugin. -->","yoast_head_json":{"title":"\u00danete a la red de Comunidades 24-7 - 24-7 Prayer International","robots":{"index":"index","follow":"follow","max-snippet":"max-snippet:-1","max-image-preview":"max-image-preview:large","max-video-preview":"max-video-preview:-1"},"canonical":"https:\/\/www.24-7prayer.com\/es\/acerca-de\/lo-que-hacemos\/comunidades-24-7\/unete-a-la-red-de-comunidades-24-7\/","og_locale":"es_ES","og_type":"article","og_title":"\u00danete a la red de Comunidades 24-7 - 24-7 Prayer International","og_description":"\u00danete a la red de Comunidades 24-7 Muchas gracias por tu inter\u00e9s en explorar la posibilidad de comenzar una relaci\u00f3n con de la red de Comunidades 24-7. We would love to get to know you, your team and your community and begin a conversation around what joining the network could look like. Para comenzar Nos [&hellip;]","og_url":"https:\/\/www.24-7prayer.com\/es\/acerca-de\/lo-que-hacemos\/comunidades-24-7\/unete-a-la-red-de-comunidades-24-7\/","og_site_name":"24-7 Prayer International","article_modified_time":"2022-02-22T19:27:28+00:00","twitter_card":"summary_large_image","schema":{"@context":"https:\/\/schema.org","@graph":[{"@type":"WebPage","@id":"https:\/\/www.24-7prayer.com\/es\/acerca-de\/lo-que-hacemos\/comunidades-24-7\/unete-a-la-red-de-comunidades-24-7\/","url":"https:\/\/www.24-7prayer.com\/es\/acerca-de\/lo-que-hacemos\/comunidades-24-7\/unete-a-la-red-de-comunidades-24-7\/","name":"\u00danete a la red de Comunidades 24-7 - 24-7 Prayer International","isPartOf":{"@id":"https:\/\/www.24-7prayer.com\/es\/#website"},"datePublished":"2022-02-18T09:25:10+00:00","dateModified":"2022-02-22T19:27:28+00:00","breadcrumb":{"@id":"https:\/\/www.24-7prayer.com\/es\/acerca-de\/lo-que-hacemos\/comunidades-24-7\/unete-a-la-red-de-comunidades-24-7\/#breadcrumb"},"inLanguage":"es","potentialAction":[{"@type":"ReadAction","target":["https:\/\/www.24-7prayer.com\/es\/acerca-de\/lo-que-hacemos\/comunidades-24-7\/unete-a-la-red-de-comunidades-24-7\/"]}]},{"@type":"BreadcrumbList","@id":"https:\/\/www.24-7prayer.com\/es\/acerca-de\/lo-que-hacemos\/comunidades-24-7\/unete-a-la-red-de-comunidades-24-7\/#breadcrumb","itemListElement":[{"@type":"ListItem","position":1,"name":"Home","item":"https:\/\/www.24-7prayer.com\/es\/"},{"@type":"ListItem","position":2,"name":"Acerca de","item":"https:\/\/www.24-7prayer.com\/es\/acerca-de\/"},{"@type":"ListItem","position":3,"name":"Lo que hacemos","item":"https:\/\/www.24-7prayer.com\/es\/acerca-de\/lo-que-hacemos\/"},{"@type":"ListItem","position":4,"name":"Comunidades 24-7","item":"https:\/\/www.24-7prayer.com\/es\/acerca-de\/lo-que-hacemos\/comunidades-24-7\/"},{"@type":"ListItem","position":5,"name":"\u00danete a la red de Comunidades 24-7"}]},{"@type":"WebSite","@id":"https:\/\/www.24-7prayer.com\/es\/#website","url":"https:\/\/www.24-7prayer.com\/es\/","name":"24-7 Prayer International","description":"Prayer Mission Justice","publisher":{"@id":"https:\/\/www.24-7prayer.com\/es\/#organization"},"potentialAction":[{"@type":"SearchAction","target":{"@type":"EntryPoint","urlTemplate":"https:\/\/www.24-7prayer.com\/es\/?s={search_term_string}"},"query-input":{"@type":"PropertyValueSpecification","valueRequired":true,"valueName":"search_term_string"}}],"inLanguage":"es"},{"@type":"Organization","@id":"https:\/\/www.24-7prayer.com\/es\/#organization","name":"24-7 Prayer","url":"https:\/\/www.24-7prayer.com\/es\/","logo":{"@type":"ImageObject","inLanguage":"es","@id":"https:\/\/www.24-7prayer.com\/es\/#\/schema\/logo\/image\/","url":"https:\/\/www.24-7prayer.com\/wp-content\/uploads\/2022\/06\/logo.png","contentUrl":"https:\/\/www.24-7prayer.com\/wp-content\/uploads\/2022\/06\/logo.png","width":302,"height":49,"caption":"24-7 Prayer"},"image":{"@id":"https:\/\/www.24-7prayer.com\/es\/#\/schema\/logo\/image\/"}}]}},"_links":{"self":[{"href":"https:\/\/www.24-7prayer.com\/es\/wp-json\/wp\/v2\/pages\/8099","targetHints":{"allow":["GET"]}}],"collection":[{"href":"https:\/\/www.24-7prayer.com\/es\/wp-json\/wp\/v2\/pages"}],"about":[{"href":"https:\/\/www.24-7prayer.com\/es\/wp-json\/wp\/v2\/types\/page"}],"author":[{"embeddable":true,"href":"https:\/\/www.24-7prayer.com\/es\/wp-json\/wp\/v2\/users\/1"}],"replies":[{"embeddable":true,"href":"https:\/\/www.24-7prayer.com\/es\/wp-json\/wp\/v2\/comments?post=8099"}],"version-history":[{"count":4,"href":"https:\/\/www.24-7prayer.com\/es\/wp-json\/wp\/v2\/pages\/8099\/revisions"}],"predecessor-version":[{"id":8254,"href":"https:\/\/www.24-7prayer.com\/es\/wp-json\/wp\/v2\/pages\/8099\/revisions\/8254"}],"up":[{"embeddable":true,"href":"https:\/\/www.24-7prayer.com\/es\/wp-json\/wp\/v2\/pages\/3491"}],"wp:attachment":[{"href":"https:\/\/www.24-7prayer.com\/es\/wp-json\/wp\/v2\/media?parent=8099"}],"curies":[{"name":"wp","href":"https:\/\/api.w.org\/{rel}","templated":true}]}}