{"id":5769,"date":"2021-11-16T12:48:26","date_gmt":"2021-11-16T12:48:26","guid":{"rendered":"https:\/\/www.24-7prayer.com\/quienes-somos\/"},"modified":"2024-12-02T07:50:55","modified_gmt":"2024-12-02T07:50:55","slug":"quienes-somos","status":"publish","type":"page","link":"https:\/\/www.24-7prayer.com\/es\/acerca-de\/quienes-somos\/","title":{"rendered":"Qui\u00e9nes somos"},"content":{"rendered":"\n<h6 class=\"wp-block-heading\" id=\"oracion-24-7-es-un-movimiento-internacional-e-interdenominacional-de-oracion-con-una-vision-para-reavivar-la-iglesia-y-transformar-la-cultura-a-traves-de-la-oracion-continua-dia-y-noche\">Oraci\u00f3n 24-7 es un movimiento internacional e interdenominacional de oraci\u00f3n con una visi\u00f3n para reavivar la iglesia y transformar la cultura a trav\u00e9s de la oraci\u00f3n continua d\u00eda y noche.<\/h6>\n\n\n\n<p>Comenzamos en 1999, cuando una simple vigilia de oraci\u00f3n dirigida por estudiantes se hizo viral y grupos de todo el mundo se unieron para orar. Ahora, m\u00e1s de dos d\u00e9cadas despu\u00e9s, miles de comunidades han participado en la Oraci\u00f3n 24-7 en iglesias, comunidades y ciudades de m\u00e1s de la mitad de los pa\u00edses del mundo. <\/p>\n","protected":false},"excerpt":{"rendered":"<p>Oraci\u00f3n 24-7 es un movimiento internacional e interdenominacional de oraci\u00f3n con una visi\u00f3n para reavivar la iglesia y transformar la cultura a trav\u00e9s de la oraci\u00f3n continua d\u00eda y noche. Comenzamos en 1999, cuando una simple vigilia de oraci\u00f3n dirigida por estudiantes se hizo viral y grupos de todo el mundo se unieron para orar. [&hellip;]<\/p>\n","protected":false},"author":1,"featured_media":5774,"parent":72,"menu_order":228,"comment_status":"closed","ping_status":"closed","template":"page-templates\/who-we-are.php","meta":{"_acf_changed":false,"inline_featured_image":false,"footnotes":""},"class_list":["post-5769","page","type-page","status-publish","has-post-thumbnail","hentry"],"acf":[],"yoast_head":"<!-- This site is optimized with the Yoast SEO plugin v27.3 - https:\/\/yoast.com\/product\/yoast-seo-wordpress\/ -->\n<title>Qui\u00e9nes somos - 24-7 Prayer International<\/title>\n<meta name=\"robots\" content=\"index, follow, max-snippet:-1, max-image-preview:large, max-video-preview:-1\" \/>\n<link rel=\"canonical\" href=\"https:\/\/www.24-7prayer.com\/es\/acerca-de\/quienes-somos\/\" \/>\n<meta property=\"og:locale\" content=\"es_ES\" \/>\n<meta property=\"og:type\" content=\"article\" \/>\n<meta property=\"og:title\" content=\"Qui\u00e9nes somos - 24-7 Prayer International\" \/>\n<meta property=\"og:description\" content=\"Oraci\u00f3n 24-7 es un movimiento internacional e interdenominacional de oraci\u00f3n con una visi\u00f3n para reavivar la iglesia y transformar la cultura a trav\u00e9s de la oraci\u00f3n continua d\u00eda y noche. Comenzamos en 1999, cuando una simple vigilia de oraci\u00f3n dirigida por estudiantes se hizo viral y grupos de todo el mundo se unieron para orar. [&hellip;]\" \/>\n<meta property=\"og:url\" content=\"https:\/\/www.24-7prayer.com\/es\/acerca-de\/quienes-somos\/\" \/>\n<meta property=\"og:site_name\" content=\"24-7 Prayer International\" \/>\n<meta property=\"article:modified_time\" content=\"2024-12-02T07:50:55+00:00\" \/>\n<meta property=\"og:image\" content=\"https:\/\/www.24-7prayer.com\/wp-content\/uploads\/2021\/10\/who_we_are_header-scaled.jpg\" \/>\n\t<meta property=\"og:image:width\" content=\"2560\" \/>\n\t<meta property=\"og:image:height\" content=\"1443\" \/>\n\t<meta property=\"og:image:type\" content=\"image\/jpeg\" \/>\n<meta name=\"twitter:card\" content=\"summary_large_image\" \/>\n<script type=\"application\/ld+json\" class=\"yoast-schema-graph\">{\"@context\":\"https:\\\/\\\/schema.org\",\"@graph\":[{\"@type\":\"WebPage\",\"@id\":\"https:\\\/\\\/www.24-7prayer.com\\\/es\\\/acerca-de\\\/quienes-somos\\\/\",\"url\":\"https:\\\/\\\/www.24-7prayer.com\\\/es\\\/acerca-de\\\/quienes-somos\\\/\",\"name\":\"Qui\u00e9nes somos - 24-7 Prayer International\",\"isPartOf\":{\"@id\":\"https:\\\/\\\/www.24-7prayer.com\\\/es\\\/#website\"},\"primaryImageOfPage\":{\"@id\":\"https:\\\/\\\/www.24-7prayer.com\\\/es\\\/acerca-de\\\/quienes-somos\\\/#primaryimage\"},\"image\":{\"@id\":\"https:\\\/\\\/www.24-7prayer.com\\\/es\\\/acerca-de\\\/quienes-somos\\\/#primaryimage\"},\"thumbnailUrl\":\"https:\\\/\\\/www.24-7prayer.com\\\/wp-content\\\/uploads\\\/2021\\\/10\\\/who_we_are_header-scaled.jpg\",\"datePublished\":\"2021-11-16T12:48:26+00:00\",\"dateModified\":\"2024-12-02T07:50:55+00:00\",\"breadcrumb\":{\"@id\":\"https:\\\/\\\/www.24-7prayer.com\\\/es\\\/acerca-de\\\/quienes-somos\\\/#breadcrumb\"},\"inLanguage\":\"es\",\"potentialAction\":[{\"@type\":\"ReadAction\",\"target\":[\"https:\\\/\\\/www.24-7prayer.com\\\/es\\\/acerca-de\\\/quienes-somos\\\/\"]}]},{\"@type\":\"ImageObject\",\"inLanguage\":\"es\",\"@id\":\"https:\\\/\\\/www.24-7prayer.com\\\/es\\\/acerca-de\\\/quienes-somos\\\/#primaryimage\",\"url\":\"https:\\\/\\\/www.24-7prayer.com\\\/wp-content\\\/uploads\\\/2021\\\/10\\\/who_we_are_header-scaled.jpg\",\"contentUrl\":\"https:\\\/\\\/www.24-7prayer.com\\\/wp-content\\\/uploads\\\/2021\\\/10\\\/who_we_are_header-scaled.jpg\",\"width\":2560,\"height\":1443},{\"@type\":\"BreadcrumbList\",\"@id\":\"https:\\\/\\\/www.24-7prayer.com\\\/es\\\/acerca-de\\\/quienes-somos\\\/#breadcrumb\",\"itemListElement\":[{\"@type\":\"ListItem\",\"position\":1,\"name\":\"Home\",\"item\":\"https:\\\/\\\/www.24-7prayer.com\\\/es\\\/\"},{\"@type\":\"ListItem\",\"position\":2,\"name\":\"Acerca de\",\"item\":\"https:\\\/\\\/www.24-7prayer.com\\\/es\\\/acerca-de\\\/\"},{\"@type\":\"ListItem\",\"position\":3,\"name\":\"Qui\u00e9nes somos\"}]},{\"@type\":\"WebSite\",\"@id\":\"https:\\\/\\\/www.24-7prayer.com\\\/es\\\/#website\",\"url\":\"https:\\\/\\\/www.24-7prayer.com\\\/es\\\/\",\"name\":\"24-7 Prayer International\",\"description\":\"Prayer Mission Justice\",\"publisher\":{\"@id\":\"https:\\\/\\\/www.24-7prayer.com\\\/es\\\/#organization\"},\"potentialAction\":[{\"@type\":\"SearchAction\",\"target\":{\"@type\":\"EntryPoint\",\"urlTemplate\":\"https:\\\/\\\/www.24-7prayer.com\\\/es\\\/?s={search_term_string}\"},\"query-input\":{\"@type\":\"PropertyValueSpecification\",\"valueRequired\":true,\"valueName\":\"search_term_string\"}}],\"inLanguage\":\"es\"},{\"@type\":\"Organization\",\"@id\":\"https:\\\/\\\/www.24-7prayer.com\\\/es\\\/#organization\",\"name\":\"24-7 Prayer\",\"url\":\"https:\\\/\\\/www.24-7prayer.com\\\/es\\\/\",\"logo\":{\"@type\":\"ImageObject\",\"inLanguage\":\"es\",\"@id\":\"https:\\\/\\\/www.24-7prayer.com\\\/es\\\/#\\\/schema\\\/logo\\\/image\\\/\",\"url\":\"https:\\\/\\\/www.24-7prayer.com\\\/wp-content\\\/uploads\\\/2022\\\/06\\\/logo.png\",\"contentUrl\":\"https:\\\/\\\/www.24-7prayer.com\\\/wp-content\\\/uploads\\\/2022\\\/06\\\/logo.png\",\"width\":302,\"height\":49,\"caption\":\"24-7 Prayer\"},\"image\":{\"@id\":\"https:\\\/\\\/www.24-7prayer.com\\\/es\\\/#\\\/schema\\\/logo\\\/image\\\/\"}}]}<\/script>\n<!-- \/ Yoast SEO plugin. -->","yoast_head_json":{"title":"Qui\u00e9nes somos - 24-7 Prayer International","robots":{"index":"index","follow":"follow","max-snippet":"max-snippet:-1","max-image-preview":"max-image-preview:large","max-video-preview":"max-video-preview:-1"},"canonical":"https:\/\/www.24-7prayer.com\/es\/acerca-de\/quienes-somos\/","og_locale":"es_ES","og_type":"article","og_title":"Qui\u00e9nes somos - 24-7 Prayer International","og_description":"Oraci\u00f3n 24-7 es un movimiento internacional e interdenominacional de oraci\u00f3n con una visi\u00f3n para reavivar la iglesia y transformar la cultura a trav\u00e9s de la oraci\u00f3n continua d\u00eda y noche. Comenzamos en 1999, cuando una simple vigilia de oraci\u00f3n dirigida por estudiantes se hizo viral y grupos de todo el mundo se unieron para orar. [&hellip;]","og_url":"https:\/\/www.24-7prayer.com\/es\/acerca-de\/quienes-somos\/","og_site_name":"24-7 Prayer International","article_modified_time":"2024-12-02T07:50:55+00:00","og_image":[{"width":2560,"height":1443,"url":"https:\/\/www.24-7prayer.com\/wp-content\/uploads\/2021\/10\/who_we_are_header-scaled.jpg","type":"image\/jpeg"}],"twitter_card":"summary_large_image","schema":{"@context":"https:\/\/schema.org","@graph":[{"@type":"WebPage","@id":"https:\/\/www.24-7prayer.com\/es\/acerca-de\/quienes-somos\/","url":"https:\/\/www.24-7prayer.com\/es\/acerca-de\/quienes-somos\/","name":"Qui\u00e9nes somos - 24-7 Prayer International","isPartOf":{"@id":"https:\/\/www.24-7prayer.com\/es\/#website"},"primaryImageOfPage":{"@id":"https:\/\/www.24-7prayer.com\/es\/acerca-de\/quienes-somos\/#primaryimage"},"image":{"@id":"https:\/\/www.24-7prayer.com\/es\/acerca-de\/quienes-somos\/#primaryimage"},"thumbnailUrl":"https:\/\/www.24-7prayer.com\/wp-content\/uploads\/2021\/10\/who_we_are_header-scaled.jpg","datePublished":"2021-11-16T12:48:26+00:00","dateModified":"2024-12-02T07:50:55+00:00","breadcrumb":{"@id":"https:\/\/www.24-7prayer.com\/es\/acerca-de\/quienes-somos\/#breadcrumb"},"inLanguage":"es","potentialAction":[{"@type":"ReadAction","target":["https:\/\/www.24-7prayer.com\/es\/acerca-de\/quienes-somos\/"]}]},{"@type":"ImageObject","inLanguage":"es","@id":"https:\/\/www.24-7prayer.com\/es\/acerca-de\/quienes-somos\/#primaryimage","url":"https:\/\/www.24-7prayer.com\/wp-content\/uploads\/2021\/10\/who_we_are_header-scaled.jpg","contentUrl":"https:\/\/www.24-7prayer.com\/wp-content\/uploads\/2021\/10\/who_we_are_header-scaled.jpg","width":2560,"height":1443},{"@type":"BreadcrumbList","@id":"https:\/\/www.24-7prayer.com\/es\/acerca-de\/quienes-somos\/#breadcrumb","itemListElement":[{"@type":"ListItem","position":1,"name":"Home","item":"https:\/\/www.24-7prayer.com\/es\/"},{"@type":"ListItem","position":2,"name":"Acerca de","item":"https:\/\/www.24-7prayer.com\/es\/acerca-de\/"},{"@type":"ListItem","position":3,"name":"Qui\u00e9nes somos"}]},{"@type":"WebSite","@id":"https:\/\/www.24-7prayer.com\/es\/#website","url":"https:\/\/www.24-7prayer.com\/es\/","name":"24-7 Prayer International","description":"Prayer Mission Justice","publisher":{"@id":"https:\/\/www.24-7prayer.com\/es\/#organization"},"potentialAction":[{"@type":"SearchAction","target":{"@type":"EntryPoint","urlTemplate":"https:\/\/www.24-7prayer.com\/es\/?s={search_term_string}"},"query-input":{"@type":"PropertyValueSpecification","valueRequired":true,"valueName":"search_term_string"}}],"inLanguage":"es"},{"@type":"Organization","@id":"https:\/\/www.24-7prayer.com\/es\/#organization","name":"24-7 Prayer","url":"https:\/\/www.24-7prayer.com\/es\/","logo":{"@type":"ImageObject","inLanguage":"es","@id":"https:\/\/www.24-7prayer.com\/es\/#\/schema\/logo\/image\/","url":"https:\/\/www.24-7prayer.com\/wp-content\/uploads\/2022\/06\/logo.png","contentUrl":"https:\/\/www.24-7prayer.com\/wp-content\/uploads\/2022\/06\/logo.png","width":302,"height":49,"caption":"24-7 Prayer"},"image":{"@id":"https:\/\/www.24-7prayer.com\/es\/#\/schema\/logo\/image\/"}}]}},"_links":{"self":[{"href":"https:\/\/www.24-7prayer.com\/es\/wp-json\/wp\/v2\/pages\/5769","targetHints":{"allow":["GET"]}}],"collection":[{"href":"https:\/\/www.24-7prayer.com\/es\/wp-json\/wp\/v2\/pages"}],"about":[{"href":"https:\/\/www.24-7prayer.com\/es\/wp-json\/wp\/v2\/types\/page"}],"author":[{"embeddable":true,"href":"https:\/\/www.24-7prayer.com\/es\/wp-json\/wp\/v2\/users\/1"}],"replies":[{"embeddable":true,"href":"https:\/\/www.24-7prayer.com\/es\/wp-json\/wp\/v2\/comments?post=5769"}],"version-history":[{"count":42,"href":"https:\/\/www.24-7prayer.com\/es\/wp-json\/wp\/v2\/pages\/5769\/revisions"}],"predecessor-version":[{"id":136861,"href":"https:\/\/www.24-7prayer.com\/es\/wp-json\/wp\/v2\/pages\/5769\/revisions\/136861"}],"up":[{"embeddable":true,"href":"https:\/\/www.24-7prayer.com\/es\/wp-json\/wp\/v2\/pages\/72"}],"wp:featuredmedia":[{"embeddable":true,"href":"https:\/\/www.24-7prayer.com\/es\/wp-json\/wp\/v2\/media\/5774"}],"wp:attachment":[{"href":"https:\/\/www.24-7prayer.com\/es\/wp-json\/wp\/v2\/media?parent=5769"}],"curies":[{"name":"wp","href":"https:\/\/api.w.org\/{rel}","templated":true}]}}