{"id":3491,"date":"2021-10-26T19:03:59","date_gmt":"2021-10-26T18:03:59","guid":{"rendered":"https:\/\/www.24-7prayer.com\/comunidades-24-7\/"},"modified":"2022-02-24T16:05:17","modified_gmt":"2022-02-24T16:05:17","slug":"comunidades-24-7","status":"publish","type":"page","link":"https:\/\/www.24-7prayer.com\/es\/acerca-de\/lo-que-hacemos\/comunidades-24-7\/","title":{"rendered":"Comunidades 24-7"},"content":{"rendered":"\n<h6 class=\"wp-block-heading\" id=\"las-comunidades-de-oracion-24-7-son-una-familia-internacional-en-expansion-formada-por-iglesias-casas-de-oracion-y-nuevas-comunidades-monasticas-juntas-forman-la-red-de-comunidades\">Las comunidades de Oraci\u00f3n 24-7 son una familia internacional en expansi\u00f3n formada por iglesias, casas de oraci\u00f3n y nuevas comunidades mon\u00e1sticas. Juntas forman la red de comunidades.<\/h6>\n\n\n\n<h5 class=\"wp-block-heading\" id=\"existen-comunidades-24-7-por-todo-el-mundo\">Existen Comunidades 24-7 por todo el mundo&#8230;<\/h5>\n\n\n\n<p><\/p>\n","protected":false},"excerpt":{"rendered":"<p>Las comunidades de Oraci\u00f3n 24-7 son una familia internacional en expansi\u00f3n formada por iglesias, casas de oraci\u00f3n y nuevas comunidades mon\u00e1sticas. Juntas forman la red de comunidades. Existen Comunidades 24-7 por todo el mundo&#8230;<\/p>\n","protected":false},"author":1,"featured_media":3492,"parent":4003,"menu_order":209,"comment_status":"closed","ping_status":"closed","template":"page-templates\/communities.php","meta":{"_acf_changed":false,"inline_featured_image":false,"footnotes":""},"class_list":["post-3491","page","type-page","status-publish","has-post-thumbnail","hentry"],"acf":[],"yoast_head":"<!-- This site is optimized with the Yoast SEO plugin v27.3 - https:\/\/yoast.com\/product\/yoast-seo-wordpress\/ -->\n<title>Comunidades 24-7 - 24-7 Prayer International<\/title>\n<meta name=\"robots\" content=\"index, follow, max-snippet:-1, max-image-preview:large, max-video-preview:-1\" \/>\n<link rel=\"canonical\" href=\"https:\/\/www.24-7prayer.com\/es\/acerca-de\/lo-que-hacemos\/comunidades-24-7\/\" \/>\n<meta property=\"og:locale\" content=\"es_ES\" \/>\n<meta property=\"og:type\" content=\"article\" \/>\n<meta property=\"og:title\" content=\"Comunidades 24-7 - 24-7 Prayer International\" \/>\n<meta property=\"og:description\" content=\"Las comunidades de Oraci\u00f3n 24-7 son una familia internacional en expansi\u00f3n formada por iglesias, casas de oraci\u00f3n y nuevas comunidades mon\u00e1sticas. Juntas forman la red de comunidades. Existen Comunidades 24-7 por todo el mundo&#8230;\" \/>\n<meta property=\"og:url\" content=\"https:\/\/www.24-7prayer.com\/es\/acerca-de\/lo-que-hacemos\/comunidades-24-7\/\" \/>\n<meta property=\"og:site_name\" content=\"24-7 Prayer International\" \/>\n<meta property=\"article:modified_time\" content=\"2022-02-24T16:05:17+00:00\" \/>\n<meta property=\"og:image\" content=\"https:\/\/www.24-7prayer.com\/wp-content\/uploads\/2021\/10\/communities-hero-scaled.jpg\" \/>\n\t<meta property=\"og:image:width\" content=\"2560\" \/>\n\t<meta property=\"og:image:height\" content=\"1405\" \/>\n\t<meta property=\"og:image:type\" content=\"image\/jpeg\" \/>\n<meta name=\"twitter:card\" content=\"summary_large_image\" \/>\n<script type=\"application\/ld+json\" class=\"yoast-schema-graph\">{\"@context\":\"https:\\\/\\\/schema.org\",\"@graph\":[{\"@type\":\"WebPage\",\"@id\":\"https:\\\/\\\/www.24-7prayer.com\\\/es\\\/acerca-de\\\/lo-que-hacemos\\\/comunidades-24-7\\\/\",\"url\":\"https:\\\/\\\/www.24-7prayer.com\\\/es\\\/acerca-de\\\/lo-que-hacemos\\\/comunidades-24-7\\\/\",\"name\":\"Comunidades 24-7 - 24-7 Prayer International\",\"isPartOf\":{\"@id\":\"https:\\\/\\\/www.24-7prayer.com\\\/es\\\/#website\"},\"primaryImageOfPage\":{\"@id\":\"https:\\\/\\\/www.24-7prayer.com\\\/es\\\/acerca-de\\\/lo-que-hacemos\\\/comunidades-24-7\\\/#primaryimage\"},\"image\":{\"@id\":\"https:\\\/\\\/www.24-7prayer.com\\\/es\\\/acerca-de\\\/lo-que-hacemos\\\/comunidades-24-7\\\/#primaryimage\"},\"thumbnailUrl\":\"https:\\\/\\\/www.24-7prayer.com\\\/wp-content\\\/uploads\\\/2021\\\/10\\\/communities-hero-scaled.jpg\",\"datePublished\":\"2021-10-26T18:03:59+00:00\",\"dateModified\":\"2022-02-24T16:05:17+00:00\",\"breadcrumb\":{\"@id\":\"https:\\\/\\\/www.24-7prayer.com\\\/es\\\/acerca-de\\\/lo-que-hacemos\\\/comunidades-24-7\\\/#breadcrumb\"},\"inLanguage\":\"es\",\"potentialAction\":[{\"@type\":\"ReadAction\",\"target\":[\"https:\\\/\\\/www.24-7prayer.com\\\/es\\\/acerca-de\\\/lo-que-hacemos\\\/comunidades-24-7\\\/\"]}]},{\"@type\":\"ImageObject\",\"inLanguage\":\"es\",\"@id\":\"https:\\\/\\\/www.24-7prayer.com\\\/es\\\/acerca-de\\\/lo-que-hacemos\\\/comunidades-24-7\\\/#primaryimage\",\"url\":\"https:\\\/\\\/www.24-7prayer.com\\\/wp-content\\\/uploads\\\/2021\\\/10\\\/communities-hero-scaled.jpg\",\"contentUrl\":\"https:\\\/\\\/www.24-7prayer.com\\\/wp-content\\\/uploads\\\/2021\\\/10\\\/communities-hero-scaled.jpg\",\"width\":2560,\"height\":1405},{\"@type\":\"BreadcrumbList\",\"@id\":\"https:\\\/\\\/www.24-7prayer.com\\\/es\\\/acerca-de\\\/lo-que-hacemos\\\/comunidades-24-7\\\/#breadcrumb\",\"itemListElement\":[{\"@type\":\"ListItem\",\"position\":1,\"name\":\"Home\",\"item\":\"https:\\\/\\\/www.24-7prayer.com\\\/es\\\/\"},{\"@type\":\"ListItem\",\"position\":2,\"name\":\"Acerca de\",\"item\":\"https:\\\/\\\/www.24-7prayer.com\\\/es\\\/acerca-de\\\/\"},{\"@type\":\"ListItem\",\"position\":3,\"name\":\"Lo que hacemos\",\"item\":\"https:\\\/\\\/www.24-7prayer.com\\\/es\\\/acerca-de\\\/lo-que-hacemos\\\/\"},{\"@type\":\"ListItem\",\"position\":4,\"name\":\"Comunidades 24-7\"}]},{\"@type\":\"WebSite\",\"@id\":\"https:\\\/\\\/www.24-7prayer.com\\\/es\\\/#website\",\"url\":\"https:\\\/\\\/www.24-7prayer.com\\\/es\\\/\",\"name\":\"24-7 Prayer International\",\"description\":\"Prayer Mission Justice\",\"publisher\":{\"@id\":\"https:\\\/\\\/www.24-7prayer.com\\\/es\\\/#organization\"},\"potentialAction\":[{\"@type\":\"SearchAction\",\"target\":{\"@type\":\"EntryPoint\",\"urlTemplate\":\"https:\\\/\\\/www.24-7prayer.com\\\/es\\\/?s={search_term_string}\"},\"query-input\":{\"@type\":\"PropertyValueSpecification\",\"valueRequired\":true,\"valueName\":\"search_term_string\"}}],\"inLanguage\":\"es\"},{\"@type\":\"Organization\",\"@id\":\"https:\\\/\\\/www.24-7prayer.com\\\/es\\\/#organization\",\"name\":\"24-7 Prayer\",\"url\":\"https:\\\/\\\/www.24-7prayer.com\\\/es\\\/\",\"logo\":{\"@type\":\"ImageObject\",\"inLanguage\":\"es\",\"@id\":\"https:\\\/\\\/www.24-7prayer.com\\\/es\\\/#\\\/schema\\\/logo\\\/image\\\/\",\"url\":\"https:\\\/\\\/www.24-7prayer.com\\\/wp-content\\\/uploads\\\/2022\\\/06\\\/logo.png\",\"contentUrl\":\"https:\\\/\\\/www.24-7prayer.com\\\/wp-content\\\/uploads\\\/2022\\\/06\\\/logo.png\",\"width\":302,\"height\":49,\"caption\":\"24-7 Prayer\"},\"image\":{\"@id\":\"https:\\\/\\\/www.24-7prayer.com\\\/es\\\/#\\\/schema\\\/logo\\\/image\\\/\"}}]}<\/script>\n<!-- \/ Yoast SEO plugin. -->","yoast_head_json":{"title":"Comunidades 24-7 - 24-7 Prayer International","robots":{"index":"index","follow":"follow","max-snippet":"max-snippet:-1","max-image-preview":"max-image-preview:large","max-video-preview":"max-video-preview:-1"},"canonical":"https:\/\/www.24-7prayer.com\/es\/acerca-de\/lo-que-hacemos\/comunidades-24-7\/","og_locale":"es_ES","og_type":"article","og_title":"Comunidades 24-7 - 24-7 Prayer International","og_description":"Las comunidades de Oraci\u00f3n 24-7 son una familia internacional en expansi\u00f3n formada por iglesias, casas de oraci\u00f3n y nuevas comunidades mon\u00e1sticas. Juntas forman la red de comunidades. Existen Comunidades 24-7 por todo el mundo&#8230;","og_url":"https:\/\/www.24-7prayer.com\/es\/acerca-de\/lo-que-hacemos\/comunidades-24-7\/","og_site_name":"24-7 Prayer International","article_modified_time":"2022-02-24T16:05:17+00:00","og_image":[{"width":2560,"height":1405,"url":"https:\/\/www.24-7prayer.com\/wp-content\/uploads\/2021\/10\/communities-hero-scaled.jpg","type":"image\/jpeg"}],"twitter_card":"summary_large_image","schema":{"@context":"https:\/\/schema.org","@graph":[{"@type":"WebPage","@id":"https:\/\/www.24-7prayer.com\/es\/acerca-de\/lo-que-hacemos\/comunidades-24-7\/","url":"https:\/\/www.24-7prayer.com\/es\/acerca-de\/lo-que-hacemos\/comunidades-24-7\/","name":"Comunidades 24-7 - 24-7 Prayer International","isPartOf":{"@id":"https:\/\/www.24-7prayer.com\/es\/#website"},"primaryImageOfPage":{"@id":"https:\/\/www.24-7prayer.com\/es\/acerca-de\/lo-que-hacemos\/comunidades-24-7\/#primaryimage"},"image":{"@id":"https:\/\/www.24-7prayer.com\/es\/acerca-de\/lo-que-hacemos\/comunidades-24-7\/#primaryimage"},"thumbnailUrl":"https:\/\/www.24-7prayer.com\/wp-content\/uploads\/2021\/10\/communities-hero-scaled.jpg","datePublished":"2021-10-26T18:03:59+00:00","dateModified":"2022-02-24T16:05:17+00:00","breadcrumb":{"@id":"https:\/\/www.24-7prayer.com\/es\/acerca-de\/lo-que-hacemos\/comunidades-24-7\/#breadcrumb"},"inLanguage":"es","potentialAction":[{"@type":"ReadAction","target":["https:\/\/www.24-7prayer.com\/es\/acerca-de\/lo-que-hacemos\/comunidades-24-7\/"]}]},{"@type":"ImageObject","inLanguage":"es","@id":"https:\/\/www.24-7prayer.com\/es\/acerca-de\/lo-que-hacemos\/comunidades-24-7\/#primaryimage","url":"https:\/\/www.24-7prayer.com\/wp-content\/uploads\/2021\/10\/communities-hero-scaled.jpg","contentUrl":"https:\/\/www.24-7prayer.com\/wp-content\/uploads\/2021\/10\/communities-hero-scaled.jpg","width":2560,"height":1405},{"@type":"BreadcrumbList","@id":"https:\/\/www.24-7prayer.com\/es\/acerca-de\/lo-que-hacemos\/comunidades-24-7\/#breadcrumb","itemListElement":[{"@type":"ListItem","position":1,"name":"Home","item":"https:\/\/www.24-7prayer.com\/es\/"},{"@type":"ListItem","position":2,"name":"Acerca de","item":"https:\/\/www.24-7prayer.com\/es\/acerca-de\/"},{"@type":"ListItem","position":3,"name":"Lo que hacemos","item":"https:\/\/www.24-7prayer.com\/es\/acerca-de\/lo-que-hacemos\/"},{"@type":"ListItem","position":4,"name":"Comunidades 24-7"}]},{"@type":"WebSite","@id":"https:\/\/www.24-7prayer.com\/es\/#website","url":"https:\/\/www.24-7prayer.com\/es\/","name":"24-7 Prayer International","description":"Prayer Mission Justice","publisher":{"@id":"https:\/\/www.24-7prayer.com\/es\/#organization"},"potentialAction":[{"@type":"SearchAction","target":{"@type":"EntryPoint","urlTemplate":"https:\/\/www.24-7prayer.com\/es\/?s={search_term_string}"},"query-input":{"@type":"PropertyValueSpecification","valueRequired":true,"valueName":"search_term_string"}}],"inLanguage":"es"},{"@type":"Organization","@id":"https:\/\/www.24-7prayer.com\/es\/#organization","name":"24-7 Prayer","url":"https:\/\/www.24-7prayer.com\/es\/","logo":{"@type":"ImageObject","inLanguage":"es","@id":"https:\/\/www.24-7prayer.com\/es\/#\/schema\/logo\/image\/","url":"https:\/\/www.24-7prayer.com\/wp-content\/uploads\/2022\/06\/logo.png","contentUrl":"https:\/\/www.24-7prayer.com\/wp-content\/uploads\/2022\/06\/logo.png","width":302,"height":49,"caption":"24-7 Prayer"},"image":{"@id":"https:\/\/www.24-7prayer.com\/es\/#\/schema\/logo\/image\/"}}]}},"_links":{"self":[{"href":"https:\/\/www.24-7prayer.com\/es\/wp-json\/wp\/v2\/pages\/3491","targetHints":{"allow":["GET"]}}],"collection":[{"href":"https:\/\/www.24-7prayer.com\/es\/wp-json\/wp\/v2\/pages"}],"about":[{"href":"https:\/\/www.24-7prayer.com\/es\/wp-json\/wp\/v2\/types\/page"}],"author":[{"embeddable":true,"href":"https:\/\/www.24-7prayer.com\/es\/wp-json\/wp\/v2\/users\/1"}],"replies":[{"embeddable":true,"href":"https:\/\/www.24-7prayer.com\/es\/wp-json\/wp\/v2\/comments?post=3491"}],"version-history":[{"count":18,"href":"https:\/\/www.24-7prayer.com\/es\/wp-json\/wp\/v2\/pages\/3491\/revisions"}],"predecessor-version":[{"id":8416,"href":"https:\/\/www.24-7prayer.com\/es\/wp-json\/wp\/v2\/pages\/3491\/revisions\/8416"}],"up":[{"embeddable":true,"href":"https:\/\/www.24-7prayer.com\/es\/wp-json\/wp\/v2\/pages\/4003"}],"wp:featuredmedia":[{"embeddable":true,"href":"https:\/\/www.24-7prayer.com\/es\/wp-json\/wp\/v2\/media\/3492"}],"wp:attachment":[{"href":"https:\/\/www.24-7prayer.com\/es\/wp-json\/wp\/v2\/media?parent=3491"}],"curies":[{"name":"wp","href":"https:\/\/api.w.org\/{rel}","templated":true}]}}