{"id":33242,"date":"2022-11-09T12:44:23","date_gmt":"2022-11-09T12:44:23","guid":{"rendered":"https:\/\/www.24-7prayer.com\/abadia-waverley\/"},"modified":"2022-11-09T12:44:25","modified_gmt":"2022-11-09T12:44:25","slug":"abadia-waverley","status":"publish","type":"page","link":"https:\/\/www.24-7prayer.com\/es\/abadia-waverley\/","title":{"rendered":"Abad\u00eda Waverley"},"content":{"rendered":"\n<figure class=\"wp-block-embed is-type-video is-provider-vimeo wp-block-embed-vimeo wp-embed-aspect-16-9 wp-has-aspect-ratio\"><div class=\"wp-block-embed__wrapper\">\n<iframe loading=\"lazy\" title=\"Waverley Abbey Trust \u2013 24-7 Prayer and CWR\" src=\"https:\/\/player.vimeo.com\/video\/768024479?dnt=1&amp;app_id=122963\" width=\"500\" height=\"281\" frameborder=\"0\" allow=\"autoplay; fullscreen; picture-in-picture; clipboard-write\"><\/iframe>\n<\/div><\/figure>\n\n<blockquote class=\"wp-block-quote is-layout-flow wp-block-quote-is-layout-flow\"><p>\u201cUna nueva abad\u00eda para una nueva generaci\u00f3n\u201d <\/p><cite>\u2013 Pete Greig, fundador de Oraci\u00f3n 24-7<\/cite><\/blockquote>\n\n<div style=\"height:15px\" aria-hidden=\"true\" class=\"wp-block-spacer\"><\/div>\n\n<h6 class=\"wp-block-heading\">La finca de la abad\u00eda de Waverley, en Inglaterra (Reino Unido), ha sido un lugar de oraci\u00f3n y monacato durante m\u00e1s de mil a\u00f1os. Ahora Oraci\u00f3n 24-7 y <a href=\"https:\/\/www.waverleyabbeytrust.org\/our-history\" target=\"_blank\" rel=\"noreferrer noopener\">CWR<\/a> se unen para formar <a href=\"https:\/\/www.waverleyabbeytrust.org\/\" target=\"_blank\" rel=\"noreferrer noopener\">La fundaci\u00f3n Waverley Abbey<\/a> en el lugar donde se encuentra la abad\u00eda, para reformar la antigua abad\u00eda y convertirla en una Casa de Oraci\u00f3n para todas las naciones.<\/h6>\n\n<div style=\"height:25px\" aria-hidden=\"true\" class=\"wp-block-spacer\"><\/div>\n\n<p>El emplazamiento de la abad\u00eda de Waverley se convertir\u00e1 en un lugar de<\/p>\n\n<p><strong>Encuentro<\/strong>: Una Casa de oraci\u00f3n para todas las naciones<br\/><strong>Educaci\u00f3n<\/strong>: Una universidad cristiana<br\/><strong>Emprendimiento<\/strong>: Una incubadora de empresas \u00e9ticas<br\/><strong>Conexiones<\/strong>: Un centro de conexiones misionales<\/p>\n\n<div style=\"height:25px\" aria-hidden=\"true\" class=\"wp-block-spacer\"><\/div>\n\n<p>La visi\u00f3n compartida de Oraci\u00f3n 24-7 y <strong><a href=\"https:\/\/www.waverleyabbeytrust.org\/our-history\" target=\"_blank\" rel=\"noreferrer noopener\">CWR<\/a><\/strong> se expandir\u00e1 y se construir\u00e1 en el trabajo ya establecido por CWR en la abadia. Pete Greig, el fundador de Oraci\u00f3n 24-7, se ha unido al nuevo Consejo de administraci\u00f3n de la Fundaci\u00f3n de la abad\u00eda de Waverley junto al administrador de Oraci\u00f3n 24-7 Chris Kuchanny. Este nuevo consejo est\u00e1 presidido por Ken Costa, presidente em\u00e9rito de Alpha International.<\/p>\n\n<blockquote class=\"wp-block-quote is-layout-flow wp-block-quote-is-layout-flow\"><p>\u201cNo se trata s\u00f3lo de mirar hacia atr\u00e1s, aunque hist\u00f3ricamente la Abad\u00eda de Waverley es un lugar de extraordinaria oraci\u00f3n. Se trata del futuro: una nueva abad\u00eda para una nueva generaci\u00f3n. Nuestra visi\u00f3n para este lugar es reavivar el coraz\u00f3n de la abad\u00eda estableciendo aqu\u00ed una casa de oraci\u00f3n para todas las naciones, una nueva universidad cristiana y un hervidero de esfuerzos evangel\u00edsticos\u201d.<br\/><\/p><cite>\u2013 Pete Greig, fundador de Oraci\u00f3n 24-7<\/cite><\/blockquote>\n\n<div style=\"height:20px\" aria-hidden=\"true\" class=\"wp-block-spacer\"><\/div>\n\n<div class=\"wp-block-group has-white-color has-teal-background-color has-text-color has-background\"><div class=\"wp-block-group__inner-container is-layout-flow wp-block-group-is-layout-flow\">\n<h3 class=\"has-text-align-center wp-block-heading\">Conoce la Fundaci\u00f3n de la abad\u00eda de Waverley <\/h3>\n\n\n\n<div style=\"height:15px\" aria-hidden=\"true\" class=\"wp-block-spacer\"><\/div>\n\n\n\n<div class=\"wp-block-buttons is-layout-flex wp-block-buttons-is-layout-flex\">\n<div class=\"wp-block-button aligncenter is-style-outline is-style-outline--1\"><a class=\"wp-block-button__link\" href=\"https:\/\/www.waverleyabbeytrust.org\/\" target=\"_blank\" rel=\"noreferrer noopener\">Descubre m\u00e1s<\/a><\/div>\n<\/div>\n<\/div><\/div>\n\n<hr class=\"wp-block-separator has-alpha-channel-opacity\"\/>\n\n<p><strong>\u00bfEst\u00e1s interesado en establecer una Casa de oraci\u00f3n en tu propia comunidad? <\/strong> Aprende m\u00e1s acerca de nuestra <a href=\"https:\/\/www.24-7prayer.com\/es\/acerca-de\/lo-que-hacemos\/comunidades-24-7\/\" target=\"_blank\" rel=\"noreferrer noopener\">Red de comunidades <\/a>.<\/p>\n\n<div class=\"wp-block-group\"><div class=\"wp-block-group__inner-container is-layout-flow wp-block-group-is-layout-flow\">\n<p><\/p>\n<\/div><\/div>\n","protected":false},"excerpt":{"rendered":"<p>\u201cUna nueva abad\u00eda para una nueva generaci\u00f3n\u201d \u2013 Pete Greig, fundador de Oraci\u00f3n 24-7 La finca de la abad\u00eda de Waverley, en Inglaterra (Reino Unido), ha sido un lugar de oraci\u00f3n y monacato durante m\u00e1s de mil a\u00f1os. Ahora Oraci\u00f3n 24-7 y CWR se unen para formar La fundaci\u00f3n Waverley Abbey en el lugar donde [&hellip;]<\/p>\n","protected":false},"author":9,"featured_media":26157,"parent":0,"menu_order":90,"comment_status":"closed","ping_status":"closed","template":"","meta":{"_acf_changed":false,"inline_featured_image":false,"footnotes":""},"class_list":["post-33242","page","type-page","status-publish","has-post-thumbnail","hentry"],"acf":[],"yoast_head":"<!-- This site is optimized with the Yoast SEO plugin v27.3 - https:\/\/yoast.com\/product\/yoast-seo-wordpress\/ -->\n<title>Abad\u00eda Waverley - 24-7 Prayer International<\/title>\n<meta name=\"description\" content=\"La visi\u00f3n compatida de Oraci\u00f3n 24-7 y la Fundaci\u00f3n de la abad\u00eda de Waverley se construir\u00e1 en su rica historia para crear una nueva abad\u00eda para una nueva generaci\u00f3n.\" \/>\n<meta name=\"robots\" content=\"index, follow, max-snippet:-1, max-image-preview:large, max-video-preview:-1\" \/>\n<link rel=\"canonical\" href=\"https:\/\/www.24-7prayer.com\/es\/abadia-waverley\/\" \/>\n<meta property=\"og:locale\" content=\"es_ES\" \/>\n<meta property=\"og:type\" content=\"article\" \/>\n<meta property=\"og:title\" content=\"Abad\u00eda Waverley - 24-7 Prayer International\" \/>\n<meta property=\"og:description\" content=\"La visi\u00f3n compatida de Oraci\u00f3n 24-7 y la Fundaci\u00f3n de la abad\u00eda de Waverley se construir\u00e1 en su rica historia para crear una nueva abad\u00eda para una nueva generaci\u00f3n.\" \/>\n<meta property=\"og:url\" content=\"https:\/\/www.24-7prayer.com\/es\/abadia-waverley\/\" \/>\n<meta property=\"og:site_name\" content=\"24-7 Prayer International\" \/>\n<meta property=\"article:modified_time\" content=\"2022-11-09T12:44:25+00:00\" \/>\n<meta property=\"og:image\" content=\"https:\/\/www.24-7prayer.com\/wp-content\/uploads\/2022\/10\/lectio-course-2022-09-12-126-Web-Standard-Page-Header-scaled.jpg\" \/>\n\t<meta property=\"og:image:width\" content=\"2560\" \/>\n\t<meta property=\"og:image:height\" content=\"914\" \/>\n\t<meta property=\"og:image:type\" content=\"image\/jpeg\" \/>\n<meta name=\"twitter:card\" content=\"summary_large_image\" \/>\n<script type=\"application\/ld+json\" class=\"yoast-schema-graph\">{\"@context\":\"https:\\\/\\\/schema.org\",\"@graph\":[{\"@type\":\"WebPage\",\"@id\":\"https:\\\/\\\/www.24-7prayer.com\\\/es\\\/abadia-waverley\\\/\",\"url\":\"https:\\\/\\\/www.24-7prayer.com\\\/es\\\/abadia-waverley\\\/\",\"name\":\"Abad\u00eda Waverley - 24-7 Prayer International\",\"isPartOf\":{\"@id\":\"https:\\\/\\\/www.24-7prayer.com\\\/es\\\/#website\"},\"primaryImageOfPage\":{\"@id\":\"https:\\\/\\\/www.24-7prayer.com\\\/es\\\/abadia-waverley\\\/#primaryimage\"},\"image\":{\"@id\":\"https:\\\/\\\/www.24-7prayer.com\\\/es\\\/abadia-waverley\\\/#primaryimage\"},\"thumbnailUrl\":\"https:\\\/\\\/www.24-7prayer.com\\\/wp-content\\\/uploads\\\/2022\\\/10\\\/lectio-course-2022-09-12-126-Web-Standard-Page-Header-scaled.jpg\",\"datePublished\":\"2022-11-09T12:44:23+00:00\",\"dateModified\":\"2022-11-09T12:44:25+00:00\",\"description\":\"La visi\u00f3n compatida de Oraci\u00f3n 24-7 y la Fundaci\u00f3n de la abad\u00eda de Waverley se construir\u00e1 en su rica historia para crear una nueva abad\u00eda para una nueva generaci\u00f3n.\",\"breadcrumb\":{\"@id\":\"https:\\\/\\\/www.24-7prayer.com\\\/es\\\/abadia-waverley\\\/#breadcrumb\"},\"inLanguage\":\"es\",\"potentialAction\":[{\"@type\":\"ReadAction\",\"target\":[\"https:\\\/\\\/www.24-7prayer.com\\\/es\\\/abadia-waverley\\\/\"]}]},{\"@type\":\"ImageObject\",\"inLanguage\":\"es\",\"@id\":\"https:\\\/\\\/www.24-7prayer.com\\\/es\\\/abadia-waverley\\\/#primaryimage\",\"url\":\"https:\\\/\\\/www.24-7prayer.com\\\/wp-content\\\/uploads\\\/2022\\\/10\\\/lectio-course-2022-09-12-126-Web-Standard-Page-Header-scaled.jpg\",\"contentUrl\":\"https:\\\/\\\/www.24-7prayer.com\\\/wp-content\\\/uploads\\\/2022\\\/10\\\/lectio-course-2022-09-12-126-Web-Standard-Page-Header-scaled.jpg\",\"width\":2560,\"height\":914,\"caption\":\"Edificio de la abad\u00eda de Waverley\"},{\"@type\":\"BreadcrumbList\",\"@id\":\"https:\\\/\\\/www.24-7prayer.com\\\/es\\\/abadia-waverley\\\/#breadcrumb\",\"itemListElement\":[{\"@type\":\"ListItem\",\"position\":1,\"name\":\"Home\",\"item\":\"https:\\\/\\\/www.24-7prayer.com\\\/es\\\/\"},{\"@type\":\"ListItem\",\"position\":2,\"name\":\"Abad\u00eda Waverley\"}]},{\"@type\":\"WebSite\",\"@id\":\"https:\\\/\\\/www.24-7prayer.com\\\/es\\\/#website\",\"url\":\"https:\\\/\\\/www.24-7prayer.com\\\/es\\\/\",\"name\":\"24-7 Prayer International\",\"description\":\"Prayer Mission Justice\",\"publisher\":{\"@id\":\"https:\\\/\\\/www.24-7prayer.com\\\/es\\\/#organization\"},\"potentialAction\":[{\"@type\":\"SearchAction\",\"target\":{\"@type\":\"EntryPoint\",\"urlTemplate\":\"https:\\\/\\\/www.24-7prayer.com\\\/es\\\/?s={search_term_string}\"},\"query-input\":{\"@type\":\"PropertyValueSpecification\",\"valueRequired\":true,\"valueName\":\"search_term_string\"}}],\"inLanguage\":\"es\"},{\"@type\":\"Organization\",\"@id\":\"https:\\\/\\\/www.24-7prayer.com\\\/es\\\/#organization\",\"name\":\"24-7 Prayer\",\"url\":\"https:\\\/\\\/www.24-7prayer.com\\\/es\\\/\",\"logo\":{\"@type\":\"ImageObject\",\"inLanguage\":\"es\",\"@id\":\"https:\\\/\\\/www.24-7prayer.com\\\/es\\\/#\\\/schema\\\/logo\\\/image\\\/\",\"url\":\"https:\\\/\\\/www.24-7prayer.com\\\/wp-content\\\/uploads\\\/2022\\\/06\\\/logo.png\",\"contentUrl\":\"https:\\\/\\\/www.24-7prayer.com\\\/wp-content\\\/uploads\\\/2022\\\/06\\\/logo.png\",\"width\":302,\"height\":49,\"caption\":\"24-7 Prayer\"},\"image\":{\"@id\":\"https:\\\/\\\/www.24-7prayer.com\\\/es\\\/#\\\/schema\\\/logo\\\/image\\\/\"}}]}<\/script>\n<!-- \/ Yoast SEO plugin. -->","yoast_head_json":{"title":"Abad\u00eda Waverley - 24-7 Prayer International","description":"La visi\u00f3n compatida de Oraci\u00f3n 24-7 y la Fundaci\u00f3n de la abad\u00eda de Waverley se construir\u00e1 en su rica historia para crear una nueva abad\u00eda para una nueva generaci\u00f3n.","robots":{"index":"index","follow":"follow","max-snippet":"max-snippet:-1","max-image-preview":"max-image-preview:large","max-video-preview":"max-video-preview:-1"},"canonical":"https:\/\/www.24-7prayer.com\/es\/abadia-waverley\/","og_locale":"es_ES","og_type":"article","og_title":"Abad\u00eda Waverley - 24-7 Prayer International","og_description":"La visi\u00f3n compatida de Oraci\u00f3n 24-7 y la Fundaci\u00f3n de la abad\u00eda de Waverley se construir\u00e1 en su rica historia para crear una nueva abad\u00eda para una nueva generaci\u00f3n.","og_url":"https:\/\/www.24-7prayer.com\/es\/abadia-waverley\/","og_site_name":"24-7 Prayer International","article_modified_time":"2022-11-09T12:44:25+00:00","og_image":[{"width":2560,"height":914,"url":"https:\/\/www.24-7prayer.com\/wp-content\/uploads\/2022\/10\/lectio-course-2022-09-12-126-Web-Standard-Page-Header-scaled.jpg","type":"image\/jpeg"}],"twitter_card":"summary_large_image","schema":{"@context":"https:\/\/schema.org","@graph":[{"@type":"WebPage","@id":"https:\/\/www.24-7prayer.com\/es\/abadia-waverley\/","url":"https:\/\/www.24-7prayer.com\/es\/abadia-waverley\/","name":"Abad\u00eda Waverley - 24-7 Prayer International","isPartOf":{"@id":"https:\/\/www.24-7prayer.com\/es\/#website"},"primaryImageOfPage":{"@id":"https:\/\/www.24-7prayer.com\/es\/abadia-waverley\/#primaryimage"},"image":{"@id":"https:\/\/www.24-7prayer.com\/es\/abadia-waverley\/#primaryimage"},"thumbnailUrl":"https:\/\/www.24-7prayer.com\/wp-content\/uploads\/2022\/10\/lectio-course-2022-09-12-126-Web-Standard-Page-Header-scaled.jpg","datePublished":"2022-11-09T12:44:23+00:00","dateModified":"2022-11-09T12:44:25+00:00","description":"La visi\u00f3n compatida de Oraci\u00f3n 24-7 y la Fundaci\u00f3n de la abad\u00eda de Waverley se construir\u00e1 en su rica historia para crear una nueva abad\u00eda para una nueva generaci\u00f3n.","breadcrumb":{"@id":"https:\/\/www.24-7prayer.com\/es\/abadia-waverley\/#breadcrumb"},"inLanguage":"es","potentialAction":[{"@type":"ReadAction","target":["https:\/\/www.24-7prayer.com\/es\/abadia-waverley\/"]}]},{"@type":"ImageObject","inLanguage":"es","@id":"https:\/\/www.24-7prayer.com\/es\/abadia-waverley\/#primaryimage","url":"https:\/\/www.24-7prayer.com\/wp-content\/uploads\/2022\/10\/lectio-course-2022-09-12-126-Web-Standard-Page-Header-scaled.jpg","contentUrl":"https:\/\/www.24-7prayer.com\/wp-content\/uploads\/2022\/10\/lectio-course-2022-09-12-126-Web-Standard-Page-Header-scaled.jpg","width":2560,"height":914,"caption":"Edificio de la abad\u00eda de Waverley"},{"@type":"BreadcrumbList","@id":"https:\/\/www.24-7prayer.com\/es\/abadia-waverley\/#breadcrumb","itemListElement":[{"@type":"ListItem","position":1,"name":"Home","item":"https:\/\/www.24-7prayer.com\/es\/"},{"@type":"ListItem","position":2,"name":"Abad\u00eda Waverley"}]},{"@type":"WebSite","@id":"https:\/\/www.24-7prayer.com\/es\/#website","url":"https:\/\/www.24-7prayer.com\/es\/","name":"24-7 Prayer International","description":"Prayer Mission Justice","publisher":{"@id":"https:\/\/www.24-7prayer.com\/es\/#organization"},"potentialAction":[{"@type":"SearchAction","target":{"@type":"EntryPoint","urlTemplate":"https:\/\/www.24-7prayer.com\/es\/?s={search_term_string}"},"query-input":{"@type":"PropertyValueSpecification","valueRequired":true,"valueName":"search_term_string"}}],"inLanguage":"es"},{"@type":"Organization","@id":"https:\/\/www.24-7prayer.com\/es\/#organization","name":"24-7 Prayer","url":"https:\/\/www.24-7prayer.com\/es\/","logo":{"@type":"ImageObject","inLanguage":"es","@id":"https:\/\/www.24-7prayer.com\/es\/#\/schema\/logo\/image\/","url":"https:\/\/www.24-7prayer.com\/wp-content\/uploads\/2022\/06\/logo.png","contentUrl":"https:\/\/www.24-7prayer.com\/wp-content\/uploads\/2022\/06\/logo.png","width":302,"height":49,"caption":"24-7 Prayer"},"image":{"@id":"https:\/\/www.24-7prayer.com\/es\/#\/schema\/logo\/image\/"}}]}},"_links":{"self":[{"href":"https:\/\/www.24-7prayer.com\/es\/wp-json\/wp\/v2\/pages\/33242","targetHints":{"allow":["GET"]}}],"collection":[{"href":"https:\/\/www.24-7prayer.com\/es\/wp-json\/wp\/v2\/pages"}],"about":[{"href":"https:\/\/www.24-7prayer.com\/es\/wp-json\/wp\/v2\/types\/page"}],"author":[{"embeddable":true,"href":"https:\/\/www.24-7prayer.com\/es\/wp-json\/wp\/v2\/users\/9"}],"replies":[{"embeddable":true,"href":"https:\/\/www.24-7prayer.com\/es\/wp-json\/wp\/v2\/comments?post=33242"}],"version-history":[{"count":1,"href":"https:\/\/www.24-7prayer.com\/es\/wp-json\/wp\/v2\/pages\/33242\/revisions"}],"predecessor-version":[{"id":33243,"href":"https:\/\/www.24-7prayer.com\/es\/wp-json\/wp\/v2\/pages\/33242\/revisions\/33243"}],"wp:featuredmedia":[{"embeddable":true,"href":"https:\/\/www.24-7prayer.com\/es\/wp-json\/wp\/v2\/media\/26157"}],"wp:attachment":[{"href":"https:\/\/www.24-7prayer.com\/es\/wp-json\/wp\/v2\/media?parent=33242"}],"curies":[{"name":"wp","href":"https:\/\/api.w.org\/{rel}","templated":true}]}}