{"id":172476,"date":"2026-02-18T14:34:26","date_gmt":"2026-02-18T14:34:26","guid":{"rendered":"https:\/\/www.24-7prayer.com\/resources-for-your-global-week-of-24-7-prayer\/"},"modified":"2026-04-26T01:20:50","modified_gmt":"2026-04-26T00:20:50","slug":"resources-for-your-global-week-of-24-7-prayer","status":"publish","type":"page","link":"https:\/\/www.24-7prayer.com\/es\/resources-for-your-global-week-of-24-7-prayer\/","title":{"rendered":"Recursos para la semana global de Oraci\u00f3n 24-7"},"content":{"rendered":"\n<p>En esta p\u00e1gina encontrar\u00e1s estaciones de oraci\u00f3n creativas que puedes imprimir para tu sala de Oraci\u00f3n 24-7, gu\u00edas de oraci\u00f3n tem\u00e1ticas que te ayudar\u00e1n a profundizar en diferentes temas de oraci\u00f3n, y otros recursos de oraci\u00f3n para enriquecer tu semana de oraci\u00f3n ininterrumpida.<\/p>\n\n\n\n<div class=\"wp-block-media-text is-stacked-on-mobile\"><figure class=\"wp-block-media-text__media\"><img loading=\"lazy\" decoding=\"async\" width=\"1024\" height=\"1024\" src=\"https:\/\/www.24-7prayer.com\/wp-content\/uploads\/2026\/02\/Coast-Vineyard-Prayer-Room-8502315-Resource-Content-Left_Right-1024x1024.jpg\" alt=\"\" class=\"wp-image-170377 size-full\" srcset=\"https:\/\/www.24-7prayer.com\/wp-content\/uploads\/2026\/02\/Coast-Vineyard-Prayer-Room-8502315-Resource-Content-Left_Right-1024x1024.jpg 1024w, https:\/\/www.24-7prayer.com\/wp-content\/uploads\/2026\/02\/Coast-Vineyard-Prayer-Room-8502315-Resource-Content-Left_Right-800x800.jpg 800w, https:\/\/www.24-7prayer.com\/wp-content\/uploads\/2026\/02\/Coast-Vineyard-Prayer-Room-8502315-Resource-Content-Left_Right-150x150.jpg 150w, https:\/\/www.24-7prayer.com\/wp-content\/uploads\/2026\/02\/Coast-Vineyard-Prayer-Room-8502315-Resource-Content-Left_Right-768x768.jpg 768w, https:\/\/www.24-7prayer.com\/wp-content\/uploads\/2026\/02\/Coast-Vineyard-Prayer-Room-8502315-Resource-Content-Left_Right-300x300.jpg 300w, https:\/\/www.24-7prayer.com\/wp-content\/uploads\/2026\/02\/Coast-Vineyard-Prayer-Room-8502315-Resource-Content-Left_Right-500x500.jpg 500w, https:\/\/www.24-7prayer.com\/wp-content\/uploads\/2026\/02\/Coast-Vineyard-Prayer-Room-8502315-Resource-Content-Left_Right-600x600.jpg 600w, https:\/\/www.24-7prayer.com\/wp-content\/uploads\/2026\/02\/Coast-Vineyard-Prayer-Room-8502315-Resource-Content-Left_Right-100x100.jpg 100w, https:\/\/www.24-7prayer.com\/wp-content\/uploads\/2026\/02\/Coast-Vineyard-Prayer-Room-8502315-Resource-Content-Left_Right.jpg 1200w\" sizes=\"auto, (max-width: 1024px) 100vw, 1024px\" \/><\/figure><div class=\"wp-block-media-text__content\">\n<h4 class=\"wp-block-heading\">Kit b\u00e1sico para una sala de oraci\u00f3n<\/h4>\n\n\n\n<div style=\"height:15px\" aria-hidden=\"true\" class=\"wp-block-spacer\"><\/div>\n\n\n\n<p>En esta gu\u00eda, hemos recopilado una serie de estaciones de oraci\u00f3n para tu sala de oraci\u00f3n. Si nunca antes has organizado una sala de oraci\u00f3n, este es un buen punto de partida. Algunas de estas actividades son muy sencillas, mientras que otras requieren un poco m\u00e1s de preparaci\u00f3n: elige las actividades de oraci\u00f3n que mejor se adapten a tu sala de oraci\u00f3n y a tu comunidad.<\/p>\n\n\n\n<div style=\"height:15px\" aria-hidden=\"true\" class=\"wp-block-spacer\"><\/div>\n\n\n\n<div class=\"wp-block-buttons is-layout-flex wp-block-buttons-is-layout-flex\">\n<div class=\"wp-block-button\"><a class=\"wp-block-button__link wp-element-button\" href=\"http:\/\/-7prayer.com\/wp-content\/uploads\/2024\/01\/Prayer-Room-Starter-Pack-V3.pdf\">Descarga el kit b\u00e1sico<\/a><\/div>\n<\/div>\n<\/div><\/div>\n\n\n\n<div style=\"height:20px\" aria-hidden=\"true\" class=\"wp-block-spacer\"><\/div>\n\n\n\n<div class=\"wp-block-media-text has-media-on-the-right is-stacked-on-mobile\"><div class=\"wp-block-media-text__content\">\n<h4 class=\"wp-block-heading\">Oraciones diarias con Lectio 365<\/h4>\n\n\n\n<div style=\"height:15px\" aria-hidden=\"true\" class=\"wp-block-spacer\"><\/div>\n\n\n\n<p>Lectio 365 es un devocional diario que te invita a hacer una pausa en la presencia de Dios y a dedicar un tiempo a la oraci\u00f3n por la ma\u00f1ana, al mediod\u00eda y por la noche. Durante la Semana global de Oraci\u00f3n 24-7, Lectio 365 ofrecer\u00e1 una semana especial de contenidos.<\/p>\n\n\n\n<div style=\"height:15px\" aria-hidden=\"true\" class=\"wp-block-spacer\"><\/div>\n\n\n\n<div class=\"wp-block-buttons is-layout-flex wp-block-buttons-is-layout-flex\">\n<div class=\"wp-block-button\"><a class=\"wp-block-button__link wp-element-button\" href=\"https:\/\/lectio365.com\/es\/\">M\u00e1s informaci\u00f3n<\/a><\/div>\n<\/div>\n<\/div><figure class=\"wp-block-media-text__media\"><img loading=\"lazy\" decoding=\"async\" width=\"1000\" height=\"1000\" src=\"https:\/\/www.24-7prayer.com\/wp-content\/uploads\/2026\/02\/MWB03487-Community-Featured-Image.jpg\" alt=\"\" class=\"wp-image-170381 size-full\" srcset=\"https:\/\/www.24-7prayer.com\/wp-content\/uploads\/2026\/02\/MWB03487-Community-Featured-Image.jpg 1000w, https:\/\/www.24-7prayer.com\/wp-content\/uploads\/2026\/02\/MWB03487-Community-Featured-Image-800x800.jpg 800w, https:\/\/www.24-7prayer.com\/wp-content\/uploads\/2026\/02\/MWB03487-Community-Featured-Image-150x150.jpg 150w, https:\/\/www.24-7prayer.com\/wp-content\/uploads\/2026\/02\/MWB03487-Community-Featured-Image-768x768.jpg 768w, https:\/\/www.24-7prayer.com\/wp-content\/uploads\/2026\/02\/MWB03487-Community-Featured-Image-300x300.jpg 300w, https:\/\/www.24-7prayer.com\/wp-content\/uploads\/2026\/02\/MWB03487-Community-Featured-Image-500x500.jpg 500w, https:\/\/www.24-7prayer.com\/wp-content\/uploads\/2026\/02\/MWB03487-Community-Featured-Image-600x600.jpg 600w, https:\/\/www.24-7prayer.com\/wp-content\/uploads\/2026\/02\/MWB03487-Community-Featured-Image-100x100.jpg 100w\" sizes=\"auto, (max-width: 1000px) 100vw, 1000px\" \/><\/figure><\/div>\n\n\n\n<div style=\"height:50px\" aria-hidden=\"true\" class=\"wp-block-spacer\"><\/div>\n\n\n\n<h4 class=\"wp-block-heading has-text-align-center\">Recursos del a\u00f1o pasado<\/h4>\n\n\n\n<p class=\"has-text-align-center\">Estos recursos se crearon el a\u00f1o pasado, pero quiz\u00e1 te sigan resultando \u00fatiles.<\/p>\n\n\n\n<div class=\"wp-block-buttons is-content-justification-center is-layout-flex wp-container-core-buttons-is-layout-a89b3969 wp-block-buttons-is-layout-flex\">\n<div class=\"wp-block-button\"><a class=\"wp-block-button__link wp-element-button\" href=\"https:\/\/www.24-7prayer.com\/weekofprayer\/prayer-room-activities\/\">Estaciones creativas de 2025 para la sala de oraci\u00f3n<\/a><\/div>\n\n\n\n<div class=\"wp-block-button\"><a class=\"wp-block-button__link wp-element-button\">C\u00f3mo orar por los pa\u00edses menos evangelizados<\/a><\/div>\n<\/div>\n\n\n\n<p><\/p>\n","protected":false},"excerpt":{"rendered":"<p>En esta p\u00e1gina encontrar\u00e1s estaciones de oraci\u00f3n creativas que puedes imprimir para tu sala de Oraci\u00f3n 24-7, gu\u00edas de oraci\u00f3n tem\u00e1ticas que te ayudar\u00e1n a profundizar en diferentes temas de oraci\u00f3n, y otros recursos de oraci\u00f3n para enriquecer tu semana de oraci\u00f3n ininterrumpida. Recursos del a\u00f1o pasado Estos recursos se crearon el a\u00f1o pasado, pero [&hellip;]<\/p>\n","protected":false},"author":1026,"featured_media":0,"parent":0,"menu_order":15,"comment_status":"closed","ping_status":"closed","template":"page-templates\/gwofp-page.php","meta":{"_acf_changed":false,"inline_featured_image":false,"footnotes":""},"class_list":["post-172476","page","type-page","status-publish","hentry"],"acf":[],"yoast_head":"<!-- This site is optimized with the Yoast SEO plugin v27.4 - https:\/\/yoast.com\/product\/yoast-seo-wordpress\/ -->\n<title>Recursos para la semana global de Oraci\u00f3n 24-7 - 24-7 Prayer International<\/title>\n<meta name=\"robots\" content=\"index, follow, max-snippet:-1, max-image-preview:large, max-video-preview:-1\" \/>\n<link rel=\"canonical\" href=\"https:\/\/www.24-7prayer.com\/es\/resources-for-your-global-week-of-24-7-prayer\/\" \/>\n<meta property=\"og:locale\" content=\"es_ES\" \/>\n<meta property=\"og:type\" content=\"article\" \/>\n<meta property=\"og:title\" content=\"Recursos para la semana global de Oraci\u00f3n 24-7 - 24-7 Prayer International\" \/>\n<meta property=\"og:description\" content=\"En esta p\u00e1gina encontrar\u00e1s estaciones de oraci\u00f3n creativas que puedes imprimir para tu sala de Oraci\u00f3n 24-7, gu\u00edas de oraci\u00f3n tem\u00e1ticas que te ayudar\u00e1n a profundizar en diferentes temas de oraci\u00f3n, y otros recursos de oraci\u00f3n para enriquecer tu semana de oraci\u00f3n ininterrumpida. Recursos del a\u00f1o pasado Estos recursos se crearon el a\u00f1o pasado, pero [&hellip;]\" \/>\n<meta property=\"og:url\" content=\"https:\/\/www.24-7prayer.com\/es\/resources-for-your-global-week-of-24-7-prayer\/\" \/>\n<meta property=\"og:site_name\" content=\"24-7 Prayer International\" \/>\n<meta property=\"article:modified_time\" content=\"2026-04-26T00:20:50+00:00\" \/>\n<meta property=\"og:image\" content=\"https:\/\/www.24-7prayer.com\/wp-content\/uploads\/2026\/02\/Coast-Vineyard-Prayer-Room-8502315-Resource-Content-Left_Right.jpg\" \/>\n\t<meta property=\"og:image:width\" content=\"1200\" \/>\n\t<meta property=\"og:image:height\" content=\"1200\" \/>\n\t<meta property=\"og:image:type\" content=\"image\/jpeg\" \/>\n<meta name=\"twitter:card\" content=\"summary_large_image\" \/>\n<script type=\"application\/ld+json\" class=\"yoast-schema-graph\">{\"@context\":\"https:\\\/\\\/schema.org\",\"@graph\":[{\"@type\":\"WebPage\",\"@id\":\"https:\\\/\\\/www.24-7prayer.com\\\/es\\\/resources-for-your-global-week-of-24-7-prayer\\\/\",\"url\":\"https:\\\/\\\/www.24-7prayer.com\\\/es\\\/resources-for-your-global-week-of-24-7-prayer\\\/\",\"name\":\"Recursos para la semana global de Oraci\u00f3n 24-7 - 24-7 Prayer International\",\"isPartOf\":{\"@id\":\"https:\\\/\\\/www.24-7prayer.com\\\/es\\\/#website\"},\"primaryImageOfPage\":{\"@id\":\"https:\\\/\\\/www.24-7prayer.com\\\/es\\\/resources-for-your-global-week-of-24-7-prayer\\\/#primaryimage\"},\"image\":{\"@id\":\"https:\\\/\\\/www.24-7prayer.com\\\/es\\\/resources-for-your-global-week-of-24-7-prayer\\\/#primaryimage\"},\"thumbnailUrl\":\"https:\\\/\\\/www.24-7prayer.com\\\/wp-content\\\/uploads\\\/2026\\\/02\\\/Coast-Vineyard-Prayer-Room-8502315-Resource-Content-Left_Right-1024x1024.jpg\",\"datePublished\":\"2026-02-18T14:34:26+00:00\",\"dateModified\":\"2026-04-26T00:20:50+00:00\",\"breadcrumb\":{\"@id\":\"https:\\\/\\\/www.24-7prayer.com\\\/es\\\/resources-for-your-global-week-of-24-7-prayer\\\/#breadcrumb\"},\"inLanguage\":\"es\",\"potentialAction\":[{\"@type\":\"ReadAction\",\"target\":[\"https:\\\/\\\/www.24-7prayer.com\\\/es\\\/resources-for-your-global-week-of-24-7-prayer\\\/\"]}]},{\"@type\":\"ImageObject\",\"inLanguage\":\"es\",\"@id\":\"https:\\\/\\\/www.24-7prayer.com\\\/es\\\/resources-for-your-global-week-of-24-7-prayer\\\/#primaryimage\",\"url\":\"https:\\\/\\\/www.24-7prayer.com\\\/wp-content\\\/uploads\\\/2026\\\/02\\\/Coast-Vineyard-Prayer-Room-8502315-Resource-Content-Left_Right-1024x1024.jpg\",\"contentUrl\":\"https:\\\/\\\/www.24-7prayer.com\\\/wp-content\\\/uploads\\\/2026\\\/02\\\/Coast-Vineyard-Prayer-Room-8502315-Resource-Content-Left_Right-1024x1024.jpg\"},{\"@type\":\"BreadcrumbList\",\"@id\":\"https:\\\/\\\/www.24-7prayer.com\\\/es\\\/resources-for-your-global-week-of-24-7-prayer\\\/#breadcrumb\",\"itemListElement\":[{\"@type\":\"ListItem\",\"position\":1,\"name\":\"Home\",\"item\":\"https:\\\/\\\/www.24-7prayer.com\\\/es\\\/\"},{\"@type\":\"ListItem\",\"position\":2,\"name\":\"Recursos para la semana global de Oraci\u00f3n 24-7\"}]},{\"@type\":\"WebSite\",\"@id\":\"https:\\\/\\\/www.24-7prayer.com\\\/es\\\/#website\",\"url\":\"https:\\\/\\\/www.24-7prayer.com\\\/es\\\/\",\"name\":\"24-7 Prayer International\",\"description\":\"Prayer Mission Justice\",\"publisher\":{\"@id\":\"https:\\\/\\\/www.24-7prayer.com\\\/es\\\/#organization\"},\"potentialAction\":[{\"@type\":\"SearchAction\",\"target\":{\"@type\":\"EntryPoint\",\"urlTemplate\":\"https:\\\/\\\/www.24-7prayer.com\\\/es\\\/?s={search_term_string}\"},\"query-input\":{\"@type\":\"PropertyValueSpecification\",\"valueRequired\":true,\"valueName\":\"search_term_string\"}}],\"inLanguage\":\"es\"},{\"@type\":\"Organization\",\"@id\":\"https:\\\/\\\/www.24-7prayer.com\\\/es\\\/#organization\",\"name\":\"24-7 Prayer\",\"url\":\"https:\\\/\\\/www.24-7prayer.com\\\/es\\\/\",\"logo\":{\"@type\":\"ImageObject\",\"inLanguage\":\"es\",\"@id\":\"https:\\\/\\\/www.24-7prayer.com\\\/es\\\/#\\\/schema\\\/logo\\\/image\\\/\",\"url\":\"https:\\\/\\\/www.24-7prayer.com\\\/wp-content\\\/uploads\\\/2022\\\/06\\\/logo.png\",\"contentUrl\":\"https:\\\/\\\/www.24-7prayer.com\\\/wp-content\\\/uploads\\\/2022\\\/06\\\/logo.png\",\"width\":302,\"height\":49,\"caption\":\"24-7 Prayer\"},\"image\":{\"@id\":\"https:\\\/\\\/www.24-7prayer.com\\\/es\\\/#\\\/schema\\\/logo\\\/image\\\/\"}}]}<\/script>\n<!-- \/ Yoast SEO plugin. -->","yoast_head_json":{"title":"Recursos para la semana global de Oraci\u00f3n 24-7 - 24-7 Prayer International","robots":{"index":"index","follow":"follow","max-snippet":"max-snippet:-1","max-image-preview":"max-image-preview:large","max-video-preview":"max-video-preview:-1"},"canonical":"https:\/\/www.24-7prayer.com\/es\/resources-for-your-global-week-of-24-7-prayer\/","og_locale":"es_ES","og_type":"article","og_title":"Recursos para la semana global de Oraci\u00f3n 24-7 - 24-7 Prayer International","og_description":"En esta p\u00e1gina encontrar\u00e1s estaciones de oraci\u00f3n creativas que puedes imprimir para tu sala de Oraci\u00f3n 24-7, gu\u00edas de oraci\u00f3n tem\u00e1ticas que te ayudar\u00e1n a profundizar en diferentes temas de oraci\u00f3n, y otros recursos de oraci\u00f3n para enriquecer tu semana de oraci\u00f3n ininterrumpida. Recursos del a\u00f1o pasado Estos recursos se crearon el a\u00f1o pasado, pero [&hellip;]","og_url":"https:\/\/www.24-7prayer.com\/es\/resources-for-your-global-week-of-24-7-prayer\/","og_site_name":"24-7 Prayer International","article_modified_time":"2026-04-26T00:20:50+00:00","og_image":[{"width":1200,"height":1200,"url":"https:\/\/www.24-7prayer.com\/wp-content\/uploads\/2026\/02\/Coast-Vineyard-Prayer-Room-8502315-Resource-Content-Left_Right.jpg","type":"image\/jpeg"}],"twitter_card":"summary_large_image","schema":{"@context":"https:\/\/schema.org","@graph":[{"@type":"WebPage","@id":"https:\/\/www.24-7prayer.com\/es\/resources-for-your-global-week-of-24-7-prayer\/","url":"https:\/\/www.24-7prayer.com\/es\/resources-for-your-global-week-of-24-7-prayer\/","name":"Recursos para la semana global de Oraci\u00f3n 24-7 - 24-7 Prayer International","isPartOf":{"@id":"https:\/\/www.24-7prayer.com\/es\/#website"},"primaryImageOfPage":{"@id":"https:\/\/www.24-7prayer.com\/es\/resources-for-your-global-week-of-24-7-prayer\/#primaryimage"},"image":{"@id":"https:\/\/www.24-7prayer.com\/es\/resources-for-your-global-week-of-24-7-prayer\/#primaryimage"},"thumbnailUrl":"https:\/\/www.24-7prayer.com\/wp-content\/uploads\/2026\/02\/Coast-Vineyard-Prayer-Room-8502315-Resource-Content-Left_Right-1024x1024.jpg","datePublished":"2026-02-18T14:34:26+00:00","dateModified":"2026-04-26T00:20:50+00:00","breadcrumb":{"@id":"https:\/\/www.24-7prayer.com\/es\/resources-for-your-global-week-of-24-7-prayer\/#breadcrumb"},"inLanguage":"es","potentialAction":[{"@type":"ReadAction","target":["https:\/\/www.24-7prayer.com\/es\/resources-for-your-global-week-of-24-7-prayer\/"]}]},{"@type":"ImageObject","inLanguage":"es","@id":"https:\/\/www.24-7prayer.com\/es\/resources-for-your-global-week-of-24-7-prayer\/#primaryimage","url":"https:\/\/www.24-7prayer.com\/wp-content\/uploads\/2026\/02\/Coast-Vineyard-Prayer-Room-8502315-Resource-Content-Left_Right-1024x1024.jpg","contentUrl":"https:\/\/www.24-7prayer.com\/wp-content\/uploads\/2026\/02\/Coast-Vineyard-Prayer-Room-8502315-Resource-Content-Left_Right-1024x1024.jpg"},{"@type":"BreadcrumbList","@id":"https:\/\/www.24-7prayer.com\/es\/resources-for-your-global-week-of-24-7-prayer\/#breadcrumb","itemListElement":[{"@type":"ListItem","position":1,"name":"Home","item":"https:\/\/www.24-7prayer.com\/es\/"},{"@type":"ListItem","position":2,"name":"Recursos para la semana global de Oraci\u00f3n 24-7"}]},{"@type":"WebSite","@id":"https:\/\/www.24-7prayer.com\/es\/#website","url":"https:\/\/www.24-7prayer.com\/es\/","name":"24-7 Prayer International","description":"Prayer Mission Justice","publisher":{"@id":"https:\/\/www.24-7prayer.com\/es\/#organization"},"potentialAction":[{"@type":"SearchAction","target":{"@type":"EntryPoint","urlTemplate":"https:\/\/www.24-7prayer.com\/es\/?s={search_term_string}"},"query-input":{"@type":"PropertyValueSpecification","valueRequired":true,"valueName":"search_term_string"}}],"inLanguage":"es"},{"@type":"Organization","@id":"https:\/\/www.24-7prayer.com\/es\/#organization","name":"24-7 Prayer","url":"https:\/\/www.24-7prayer.com\/es\/","logo":{"@type":"ImageObject","inLanguage":"es","@id":"https:\/\/www.24-7prayer.com\/es\/#\/schema\/logo\/image\/","url":"https:\/\/www.24-7prayer.com\/wp-content\/uploads\/2022\/06\/logo.png","contentUrl":"https:\/\/www.24-7prayer.com\/wp-content\/uploads\/2022\/06\/logo.png","width":302,"height":49,"caption":"24-7 Prayer"},"image":{"@id":"https:\/\/www.24-7prayer.com\/es\/#\/schema\/logo\/image\/"}}]}},"_links":{"self":[{"href":"https:\/\/www.24-7prayer.com\/es\/wp-json\/wp\/v2\/pages\/172476","targetHints":{"allow":["GET"]}}],"collection":[{"href":"https:\/\/www.24-7prayer.com\/es\/wp-json\/wp\/v2\/pages"}],"about":[{"href":"https:\/\/www.24-7prayer.com\/es\/wp-json\/wp\/v2\/types\/page"}],"author":[{"embeddable":true,"href":"https:\/\/www.24-7prayer.com\/es\/wp-json\/wp\/v2\/users\/1026"}],"replies":[{"embeddable":true,"href":"https:\/\/www.24-7prayer.com\/es\/wp-json\/wp\/v2\/comments?post=172476"}],"version-history":[{"count":2,"href":"https:\/\/www.24-7prayer.com\/es\/wp-json\/wp\/v2\/pages\/172476\/revisions"}],"predecessor-version":[{"id":172479,"href":"https:\/\/www.24-7prayer.com\/es\/wp-json\/wp\/v2\/pages\/172476\/revisions\/172479"}],"wp:attachment":[{"href":"https:\/\/www.24-7prayer.com\/es\/wp-json\/wp\/v2\/media?parent=172476"}],"curies":[{"name":"wp","href":"https:\/\/api.w.org\/{rel}","templated":true}]}}