{"id":171185,"date":"2026-03-13T16:42:41","date_gmt":"2026-03-13T16:42:41","guid":{"rendered":"https:\/\/www.24-7prayer.com\/?page_id=171185"},"modified":"2026-03-17T15:43:48","modified_gmt":"2026-03-17T15:43:48","slug":"paz","status":"publish","type":"page","link":"https:\/\/www.24-7prayer.com\/es\/paz\/","title":{"rendered":"Llamada global a orar por la paz"},"content":{"rendered":"\n<h6 class=\"wp-block-heading\">\u00danete a nosotros del 16 al 22 de marzo de 2026<\/h6>\n\n\n\n<p>Nos atrevemos a creer que Jes\u00fas sigue siendo el Pr\u00edncipe de la Paz.<\/p>\n\n\n\n<p>No vivimos tiempos normales. Los conflictos y la inestabilidad siguen sacudiendo muchas regiones, y la escalada de la guerra en Oriente Medio a\u00f1ade una nueva urgencia a nuestras oraciones. En respuesta a ello, interrumpimos nuestras rutinas para orar de forma m\u00e1s decidida por nuestro mundo, y te invitamos a que te unas a nosotros.<\/p>\n\n\n\n<p>Del 16 al 22 de marzo, nos comprometemos a dedicar una semana a la oraci\u00f3n por la paz. Mientras nos reunimos para interceder por las naciones, te pedimos que te unas a nosotros \u2014ya sea por un momento, una hora o una vigilia nocturna\u2014 mientras juntos buscamos la paz y la misericordia de Dios para el mundo.<\/p>\n\n\n\n<p>Dedica tiempo a orar por la paz esta semana, re\u00fane a tu comunidad para interceder y \u00fanete a la reuni\u00f3n de oraci\u00f3n en l\u00ednea el mi\u00e9rcoles 18 de marzo.<\/p>\n\n\n\n<p>Una iniciativa de la <a href=\"https:\/\/www.24-7prayer.com\/es\/semanadeoracion\/\">Semana global de Oraci\u00f3n 24-7<\/a>.<\/p>\n\n\n\n<div class=\"wp-block-media-text is-stacked-on-mobile\"><figure class=\"wp-block-media-text__media\"><img loading=\"lazy\" decoding=\"async\" width=\"675\" height=\"844\" src=\"https:\/\/www.24-7prayer.com\/wp-content\/uploads\/2026\/03\/oracion-paz-24h.png\" alt=\"\" class=\"wp-image-171340 size-full\" srcset=\"https:\/\/www.24-7prayer.com\/wp-content\/uploads\/2026\/03\/oracion-paz-24h.png 675w, https:\/\/www.24-7prayer.com\/wp-content\/uploads\/2026\/03\/oracion-paz-24h-640x800.png 640w, https:\/\/www.24-7prayer.com\/wp-content\/uploads\/2026\/03\/oracion-paz-24h-600x750.png 600w\" sizes=\"auto, (max-width: 675px) 100vw, 675px\" \/><\/figure><div class=\"wp-block-media-text__content\">\n<p id=\"miercoles\">Reuni\u00f3n de oraci\u00f3n en l\u00ednea de 24 horas<\/p>\n\n\n\n<h4 class=\"wp-block-heading\">Mi\u00e9rcoles 18 de marzo 2026<\/h4>\n\n\n\n<p>Comunidades de todo el mundo se est\u00e1n uniendo para organizar una reuni\u00f3n de oraci\u00f3n <strong>ininterrumpida<\/strong> <strong>en directo de 24 horas.<\/strong><\/p>\n\n\n\n<p>La reuni\u00f3n de oraci\u00f3n se desarrollar\u00e1 de Este a Oeste, comenzando a las 07:00 am, hora de Nueva Zelanda (19:00 GMT+1 del martes 17 y 13:00 GMT\u20135 ) y continuar\u00e1 durante <strong>24 horas<\/strong>. Cada hora ser\u00e1 un tiempo de oraci\u00f3n guiado, dirigido por nuestros <strong>L\u00edderes Nacionales de todo el mundo<\/strong>.<\/p>\n\n\n\n<p>Est\u00e1s invitado a unirte a nosotros durante <strong>una hora<\/strong> mientras levantamos nuestras voces juntos por la paz.<\/p>\n\n\n\n<div class=\"wp-block-buttons is-layout-flex wp-block-buttons-is-layout-flex\">\n<div class=\"wp-block-button\"><a class=\"wp-block-button__link wp-element-button\" href=\"https:\/\/zoom.us\/webinar\/register\/WN_tiMZ1JUcRceruDt7rFjw7Q\">Reg\u00edstrate para la llamada<\/a><\/div>\n<\/div>\n<\/div><\/div>\n\n\n\n<figure class=\"wp-block-table\"><table class=\"has-fixed-layout\"><thead><tr><th>Colombia \/ Per\u00fa<br>(GTM-5)<\/th><th>Argentina \/ Brasil<br>(GTM-3)<\/th><th>Espa\u00f1a <br>(GTM+1)<\/th><th>Anfitri\u00f3n<\/th><th>Idioma<\/th><\/tr><\/thead><tbody><tr><td><mark style=\"background-color:rgba(0, 0, 0, 0)\" class=\"has-inline-color has-red-color\">(Martes 17\/03\/26)<\/mark><br>13:00 \u2013 14:00<\/td><td>15:00 \u2013 16:00<\/td><td>19:00 \u2013 20:00<\/td><td>Nueva Zelanda<\/td><td>Ingl\u00e9s<\/td><\/tr><tr><td>14:00 \u2013 15:00<\/td><td>16:00 \u2013 17:00<\/td><td>20:00 \u2013 21:00<\/td><td>Irlanda<\/td><td>Ingl\u00e9s<\/td><\/tr><tr><td>15:00 \u2013 16:00<\/td><td>17:00 \u2013 18:00<\/td><td>21:00 \u2013 22:00<\/td><td>Ir\u00e1n<\/td><td>Ingl\u00e9s \/ Farsi<\/td><\/tr><tr><td>16:00 \u2013 17:00<\/td><td>18:00 \u2013 19:00<\/td><td>22:00 \u2013 23:00<\/td><td>Pa\u00edses Bajos<\/td><td>Holand\u00e9s \/ Ingl\u00e9s<\/td><\/tr><tr><td>17:00 \u2013 18:00<\/td><td>19:00 \u2013 20:00<\/td><td>23:00 \u2013 00:00<\/td><td>Malasia<\/td><td>Chino \/ Ingl\u00e9s \/ Malayo<\/td><\/tr><tr><td>18:00 \u2013 19:00<\/td><td>20:00 \u2013 21:00<\/td><td>00:00 \u2013 01:00<\/td><td>EE. UU.<\/td><td>Ingl\u00e9s<\/td><\/tr><tr><td>19:00 \u2013 20:00<\/td><td>21:00 \u2013 22:00<\/td><td>01:00 \u2013 02:00<\/td><td>EE. UU.<\/td><td>Ingl\u00e9s<\/td><\/tr><tr><td><strong><mark style=\"background-color:rgba(0, 0, 0, 0)\" class=\"has-inline-color has-red-color\">20:00 \u2013 21:00<\/mark><\/strong><\/td><td><strong><mark style=\"background-color:rgba(0, 0, 0, 0)\" class=\"has-inline-color has-red-color\">22:00 \u2013 23:00<\/mark><\/strong><\/td><td><strong><mark style=\"background-color:rgba(0, 0, 0, 0)\" class=\"has-inline-color has-red-color\">02:00 \u2013 03:00<\/mark><\/strong><\/td><td><strong><mark style=\"background-color:rgba(0, 0, 0, 0)\" class=\"has-inline-color has-red-color\">Colombia<\/mark><\/strong><\/td><td><strong><mark style=\"background-color:rgba(0, 0, 0, 0)\" class=\"has-inline-color has-red-color\">Espa\u00f1ol<\/mark><\/strong><\/td><\/tr><tr><td>21:00 \u2013 22:00<\/td><td>23:00 \u2013 00:00<\/td><td>03:00 \u2013 04:00<\/td><td>Jap\u00f3n<\/td><td>Japon\u00e9s \/ Ingl\u00e9s<\/td><\/tr><tr><td>22:00 \u2013 23:00<\/td><td>00:00 \u2013 01:00<\/td><td>04:00 \u2013 05:00<\/td><td>Canad\u00e1<\/td><td>Ingl\u00e9s<\/td><\/tr><tr><td>23:00 \u2013 00:00<\/td><td>01:00 \u2013 02:00<\/td><td>05:00 \u2013 06:00<\/td><td>Australia<\/td><td>Ingl\u00e9s<\/td><\/tr><tr><td><mark style=\"background-color:rgba(0, 0, 0, 0)\" class=\"has-inline-color has-red-color\">(Mi\u00e9rcoles 18\/03\/26)<\/mark><br>00:00 \u2013 01:00<\/td><td>02:00 \u2013 03:00<\/td><td>06:00 \u2013 07:00<\/td><td>Serbia<\/td><td>Serbio \/ Ingl\u00e9s<\/td><\/tr><tr><td>01:00 \u2013 02:00<\/td><td>03:00 \u2013 04:00<\/td><td>07:00 \u2013 08:00<\/td><td>Sud\u00e1frica<\/td><td>Ingl\u00e9s<\/td><\/tr><tr><td>02:00 \u2013 03:00<\/td><td>04:00 \u2013 05:00<\/td><td>08:00 \u2013 09:00<\/td><td>Escocia<\/td><td>Ingl\u00e9s \/ Escoc\u00e9s<\/td><\/tr><tr><td>03:00 \u2013 04:00<\/td><td>05:00 \u2013 06:00<\/td><td>09:00 \u2013 10:00<\/td><td>Alemania<\/td><td>Alem\u00e1n \/ Ingl\u00e9s<\/td><\/tr><tr><td><strong><mark style=\"background-color:rgba(0, 0, 0, 0)\" class=\"has-inline-color has-red-color\">04:00 \u2013 05:00<\/mark><\/strong><\/td><td><strong><mark style=\"background-color:rgba(0, 0, 0, 0)\" class=\"has-inline-color has-red-color\">06:00 \u2013 07:00<\/mark><\/strong><\/td><td><strong><mark style=\"background-color:rgba(0, 0, 0, 0)\" class=\"has-inline-color has-red-color\">10:00 \u2013 11:00<\/mark><\/strong><\/td><td><strong><mark style=\"background-color:rgba(0, 0, 0, 0)\" class=\"has-inline-color has-red-color\">Espa\u00f1a<\/mark><\/strong><\/td><td><strong><mark style=\"background-color:rgba(0, 0, 0, 0)\" class=\"has-inline-color has-red-color\">Espa\u00f1ol<\/mark><\/strong><\/td><\/tr><tr><td>05:00 \u2013 06:00<\/td><td>07:00 \u2013 08:00<\/td><td>11:00 \u2013 12:00<\/td><td>Ucrania<\/td><td>Ucraniano<\/td><\/tr><tr><td>06:00 \u2013 07:00<\/td><td>08:00 \u2013 09:00<\/td><td>12:00 \u2013 13:00<\/td><td>Irlanda<\/td><td>Ingl\u00e9s<\/td><\/tr><tr><td>07:00 \u2013 08:00<\/td><td>09:00 \u2013 10:00<\/td><td>13:00 \u2013 14:00<\/td><td>Francia<\/td><td>Franc\u00e9s \/ Ingl\u00e9s<\/td><\/tr><tr><td><strong><mark style=\"background-color:rgba(0, 0, 0, 0)\" class=\"has-inline-color has-red-color\">08:00 \u2013 09:00<\/mark><\/strong><\/td><td><strong><mark style=\"background-color:rgba(0, 0, 0, 0)\" class=\"has-inline-color has-red-color\">10:00 \u2013 11:00<\/mark><\/strong><\/td><td><strong><mark style=\"background-color:rgba(0, 0, 0, 0)\" class=\"has-inline-color has-red-color\">14:00 \u2013 15:00<\/mark><\/strong><\/td><td><strong><mark style=\"background-color:rgba(0, 0, 0, 0)\" class=\"has-inline-color has-red-color\">Colombia<\/mark><\/strong><\/td><td><strong><mark style=\"background-color:rgba(0, 0, 0, 0)\" class=\"has-inline-color has-red-color\">Espa\u00f1ol<\/mark><\/strong> \/ Ingl\u00e9s \/ Port.<\/td><\/tr><tr><td>09:00 \u2013 10:00<\/td><td>11:00 \u2013 12:00<\/td><td>15:00 \u2013 16:00<\/td><td>Gran Breta\u00f1a<\/td><td>Ingl\u00e9s<\/td><\/tr><tr><td>10:00 \u2013 11:00<\/td><td>12:00 \u2013 13:00<\/td><td>16:00 \u2013 17:00<\/td><td>Equipo Internacional<\/td><td>Ingl\u00e9s<\/td><\/tr><tr><td>11:00 \u2013 12:00<\/td><td>13:00 \u2013 14:00<\/td><td>17:00 \u2013 18:00<\/td><td>Dinamarca<\/td><td>Ingl\u00e9s<\/td><\/tr><tr><td>12:00 \u2013 13:00<\/td><td>14:00 \u2013 15:00<\/td><td>18:00 \u2013 19:00<\/td><td>L\u00edbano<\/td><td>\u00c1rabe \/ Ingl\u00e9s<\/td><\/tr><\/tbody><\/table><\/figure>\n","protected":false},"excerpt":{"rendered":"<p>\u00danete a nosotros del 16 al 22 de marzo de 2026 Nos atrevemos a creer que Jes\u00fas sigue siendo el Pr\u00edncipe de la Paz. No vivimos tiempos normales. Los conflictos y la inestabilidad siguen sacudiendo muchas regiones, y la escalada de la guerra en Oriente Medio a\u00f1ade una nueva urgencia a nuestras oraciones. En respuesta [&hellip;]<\/p>\n","protected":false},"author":10,"featured_media":171034,"parent":0,"menu_order":5,"comment_status":"closed","ping_status":"closed","template":"page-templates\/flexible-page.php","meta":{"_acf_changed":false,"inline_featured_image":false,"footnotes":""},"class_list":["post-171185","page","type-page","status-publish","has-post-thumbnail","hentry"],"acf":[],"yoast_head":"<!-- This site is optimized with the Yoast SEO plugin v27.4 - https:\/\/yoast.com\/product\/yoast-seo-wordpress\/ -->\n<title>Llamada global a orar por la paz - 24-7 Prayer International<\/title>\n<meta name=\"robots\" content=\"index, follow, max-snippet:-1, max-image-preview:large, max-video-preview:-1\" \/>\n<link rel=\"canonical\" href=\"https:\/\/www.24-7prayer.com\/es\/paz\/\" \/>\n<meta property=\"og:locale\" content=\"es_ES\" \/>\n<meta property=\"og:type\" content=\"article\" \/>\n<meta property=\"og:title\" content=\"Llamada global a orar por la paz - 24-7 Prayer International\" \/>\n<meta property=\"og:description\" content=\"\u00danete a nosotros del 16 al 22 de marzo de 2026 Nos atrevemos a creer que Jes\u00fas sigue siendo el Pr\u00edncipe de la Paz. No vivimos tiempos normales. Los conflictos y la inestabilidad siguen sacudiendo muchas regiones, y la escalada de la guerra en Oriente Medio a\u00f1ade una nueva urgencia a nuestras oraciones. En respuesta [&hellip;]\" \/>\n<meta property=\"og:url\" content=\"https:\/\/www.24-7prayer.com\/es\/paz\/\" \/>\n<meta property=\"og:site_name\" content=\"24-7 Prayer International\" \/>\n<meta property=\"article:modified_time\" content=\"2026-03-17T15:43:48+00:00\" \/>\n<meta property=\"og:image\" content=\"https:\/\/www.24-7prayer.com\/wp-content\/uploads\/2026\/03\/Dove_Webpage.jpg\" \/>\n\t<meta property=\"og:image:width\" content=\"1400\" \/>\n\t<meta property=\"og:image:height\" content=\"700\" \/>\n\t<meta property=\"og:image:type\" content=\"image\/jpeg\" \/>\n<meta name=\"twitter:card\" content=\"summary_large_image\" \/>\n<script type=\"application\/ld+json\" class=\"yoast-schema-graph\">{\"@context\":\"https:\\\/\\\/schema.org\",\"@graph\":[{\"@type\":\"WebPage\",\"@id\":\"https:\\\/\\\/www.24-7prayer.com\\\/es\\\/paz\\\/\",\"url\":\"https:\\\/\\\/www.24-7prayer.com\\\/es\\\/paz\\\/\",\"name\":\"Llamada global a orar por la paz - 24-7 Prayer International\",\"isPartOf\":{\"@id\":\"https:\\\/\\\/www.24-7prayer.com\\\/es\\\/#website\"},\"primaryImageOfPage\":{\"@id\":\"https:\\\/\\\/www.24-7prayer.com\\\/es\\\/paz\\\/#primaryimage\"},\"image\":{\"@id\":\"https:\\\/\\\/www.24-7prayer.com\\\/es\\\/paz\\\/#primaryimage\"},\"thumbnailUrl\":\"https:\\\/\\\/www.24-7prayer.com\\\/wp-content\\\/uploads\\\/2026\\\/03\\\/Dove_Webpage.jpg\",\"datePublished\":\"2026-03-13T16:42:41+00:00\",\"dateModified\":\"2026-03-17T15:43:48+00:00\",\"breadcrumb\":{\"@id\":\"https:\\\/\\\/www.24-7prayer.com\\\/es\\\/paz\\\/#breadcrumb\"},\"inLanguage\":\"es\",\"potentialAction\":[{\"@type\":\"ReadAction\",\"target\":[\"https:\\\/\\\/www.24-7prayer.com\\\/es\\\/paz\\\/\"]}]},{\"@type\":\"ImageObject\",\"inLanguage\":\"es\",\"@id\":\"https:\\\/\\\/www.24-7prayer.com\\\/es\\\/paz\\\/#primaryimage\",\"url\":\"https:\\\/\\\/www.24-7prayer.com\\\/wp-content\\\/uploads\\\/2026\\\/03\\\/Dove_Webpage.jpg\",\"contentUrl\":\"https:\\\/\\\/www.24-7prayer.com\\\/wp-content\\\/uploads\\\/2026\\\/03\\\/Dove_Webpage.jpg\",\"width\":1400,\"height\":700},{\"@type\":\"BreadcrumbList\",\"@id\":\"https:\\\/\\\/www.24-7prayer.com\\\/es\\\/paz\\\/#breadcrumb\",\"itemListElement\":[{\"@type\":\"ListItem\",\"position\":1,\"name\":\"Home\",\"item\":\"https:\\\/\\\/www.24-7prayer.com\\\/es\\\/\"},{\"@type\":\"ListItem\",\"position\":2,\"name\":\"Llamada global a orar por la paz\"}]},{\"@type\":\"WebSite\",\"@id\":\"https:\\\/\\\/www.24-7prayer.com\\\/es\\\/#website\",\"url\":\"https:\\\/\\\/www.24-7prayer.com\\\/es\\\/\",\"name\":\"24-7 Prayer International\",\"description\":\"Prayer Mission Justice\",\"publisher\":{\"@id\":\"https:\\\/\\\/www.24-7prayer.com\\\/es\\\/#organization\"},\"potentialAction\":[{\"@type\":\"SearchAction\",\"target\":{\"@type\":\"EntryPoint\",\"urlTemplate\":\"https:\\\/\\\/www.24-7prayer.com\\\/es\\\/?s={search_term_string}\"},\"query-input\":{\"@type\":\"PropertyValueSpecification\",\"valueRequired\":true,\"valueName\":\"search_term_string\"}}],\"inLanguage\":\"es\"},{\"@type\":\"Organization\",\"@id\":\"https:\\\/\\\/www.24-7prayer.com\\\/es\\\/#organization\",\"name\":\"24-7 Prayer\",\"url\":\"https:\\\/\\\/www.24-7prayer.com\\\/es\\\/\",\"logo\":{\"@type\":\"ImageObject\",\"inLanguage\":\"es\",\"@id\":\"https:\\\/\\\/www.24-7prayer.com\\\/es\\\/#\\\/schema\\\/logo\\\/image\\\/\",\"url\":\"https:\\\/\\\/www.24-7prayer.com\\\/wp-content\\\/uploads\\\/2022\\\/06\\\/logo.png\",\"contentUrl\":\"https:\\\/\\\/www.24-7prayer.com\\\/wp-content\\\/uploads\\\/2022\\\/06\\\/logo.png\",\"width\":302,\"height\":49,\"caption\":\"24-7 Prayer\"},\"image\":{\"@id\":\"https:\\\/\\\/www.24-7prayer.com\\\/es\\\/#\\\/schema\\\/logo\\\/image\\\/\"}}]}<\/script>\n<!-- \/ Yoast SEO plugin. -->","yoast_head_json":{"title":"Llamada global a orar por la paz - 24-7 Prayer International","robots":{"index":"index","follow":"follow","max-snippet":"max-snippet:-1","max-image-preview":"max-image-preview:large","max-video-preview":"max-video-preview:-1"},"canonical":"https:\/\/www.24-7prayer.com\/es\/paz\/","og_locale":"es_ES","og_type":"article","og_title":"Llamada global a orar por la paz - 24-7 Prayer International","og_description":"\u00danete a nosotros del 16 al 22 de marzo de 2026 Nos atrevemos a creer que Jes\u00fas sigue siendo el Pr\u00edncipe de la Paz. No vivimos tiempos normales. Los conflictos y la inestabilidad siguen sacudiendo muchas regiones, y la escalada de la guerra en Oriente Medio a\u00f1ade una nueva urgencia a nuestras oraciones. En respuesta [&hellip;]","og_url":"https:\/\/www.24-7prayer.com\/es\/paz\/","og_site_name":"24-7 Prayer International","article_modified_time":"2026-03-17T15:43:48+00:00","og_image":[{"width":1400,"height":700,"url":"https:\/\/www.24-7prayer.com\/wp-content\/uploads\/2026\/03\/Dove_Webpage.jpg","type":"image\/jpeg"}],"twitter_card":"summary_large_image","schema":{"@context":"https:\/\/schema.org","@graph":[{"@type":"WebPage","@id":"https:\/\/www.24-7prayer.com\/es\/paz\/","url":"https:\/\/www.24-7prayer.com\/es\/paz\/","name":"Llamada global a orar por la paz - 24-7 Prayer International","isPartOf":{"@id":"https:\/\/www.24-7prayer.com\/es\/#website"},"primaryImageOfPage":{"@id":"https:\/\/www.24-7prayer.com\/es\/paz\/#primaryimage"},"image":{"@id":"https:\/\/www.24-7prayer.com\/es\/paz\/#primaryimage"},"thumbnailUrl":"https:\/\/www.24-7prayer.com\/wp-content\/uploads\/2026\/03\/Dove_Webpage.jpg","datePublished":"2026-03-13T16:42:41+00:00","dateModified":"2026-03-17T15:43:48+00:00","breadcrumb":{"@id":"https:\/\/www.24-7prayer.com\/es\/paz\/#breadcrumb"},"inLanguage":"es","potentialAction":[{"@type":"ReadAction","target":["https:\/\/www.24-7prayer.com\/es\/paz\/"]}]},{"@type":"ImageObject","inLanguage":"es","@id":"https:\/\/www.24-7prayer.com\/es\/paz\/#primaryimage","url":"https:\/\/www.24-7prayer.com\/wp-content\/uploads\/2026\/03\/Dove_Webpage.jpg","contentUrl":"https:\/\/www.24-7prayer.com\/wp-content\/uploads\/2026\/03\/Dove_Webpage.jpg","width":1400,"height":700},{"@type":"BreadcrumbList","@id":"https:\/\/www.24-7prayer.com\/es\/paz\/#breadcrumb","itemListElement":[{"@type":"ListItem","position":1,"name":"Home","item":"https:\/\/www.24-7prayer.com\/es\/"},{"@type":"ListItem","position":2,"name":"Llamada global a orar por la paz"}]},{"@type":"WebSite","@id":"https:\/\/www.24-7prayer.com\/es\/#website","url":"https:\/\/www.24-7prayer.com\/es\/","name":"24-7 Prayer International","description":"Prayer Mission Justice","publisher":{"@id":"https:\/\/www.24-7prayer.com\/es\/#organization"},"potentialAction":[{"@type":"SearchAction","target":{"@type":"EntryPoint","urlTemplate":"https:\/\/www.24-7prayer.com\/es\/?s={search_term_string}"},"query-input":{"@type":"PropertyValueSpecification","valueRequired":true,"valueName":"search_term_string"}}],"inLanguage":"es"},{"@type":"Organization","@id":"https:\/\/www.24-7prayer.com\/es\/#organization","name":"24-7 Prayer","url":"https:\/\/www.24-7prayer.com\/es\/","logo":{"@type":"ImageObject","inLanguage":"es","@id":"https:\/\/www.24-7prayer.com\/es\/#\/schema\/logo\/image\/","url":"https:\/\/www.24-7prayer.com\/wp-content\/uploads\/2022\/06\/logo.png","contentUrl":"https:\/\/www.24-7prayer.com\/wp-content\/uploads\/2022\/06\/logo.png","width":302,"height":49,"caption":"24-7 Prayer"},"image":{"@id":"https:\/\/www.24-7prayer.com\/es\/#\/schema\/logo\/image\/"}}]}},"_links":{"self":[{"href":"https:\/\/www.24-7prayer.com\/es\/wp-json\/wp\/v2\/pages\/171185","targetHints":{"allow":["GET"]}}],"collection":[{"href":"https:\/\/www.24-7prayer.com\/es\/wp-json\/wp\/v2\/pages"}],"about":[{"href":"https:\/\/www.24-7prayer.com\/es\/wp-json\/wp\/v2\/types\/page"}],"author":[{"embeddable":true,"href":"https:\/\/www.24-7prayer.com\/es\/wp-json\/wp\/v2\/users\/10"}],"replies":[{"embeddable":true,"href":"https:\/\/www.24-7prayer.com\/es\/wp-json\/wp\/v2\/comments?post=171185"}],"version-history":[{"count":33,"href":"https:\/\/www.24-7prayer.com\/es\/wp-json\/wp\/v2\/pages\/171185\/revisions"}],"predecessor-version":[{"id":171391,"href":"https:\/\/www.24-7prayer.com\/es\/wp-json\/wp\/v2\/pages\/171185\/revisions\/171391"}],"wp:featuredmedia":[{"embeddable":true,"href":"https:\/\/www.24-7prayer.com\/es\/wp-json\/wp\/v2\/media\/171034"}],"wp:attachment":[{"href":"https:\/\/www.24-7prayer.com\/es\/wp-json\/wp\/v2\/media?parent=171185"}],"curies":[{"name":"wp","href":"https:\/\/api.w.org\/{rel}","templated":true}]}}