{"id":16498,"date":"2022-09-26T11:07:00","date_gmt":"2022-09-26T10:07:00","guid":{"rendered":"https:\/\/www.24-7prayer.com\/talleres-the-gathering-22\/"},"modified":"2022-09-26T11:07:02","modified_gmt":"2022-09-26T10:07:02","slug":"talleres-the-gathering-22","status":"publish","type":"page","link":"https:\/\/www.24-7prayer.com\/es\/talleres-the-gathering-22\/","title":{"rendered":"Talleres &#8211; The Gathering &#8217;22"},"content":{"rendered":"\n<p>Tenemos 4 bloques de talleres durante dos d\u00edas en The Gathering \u201922. Busca los talleres o utiliza los botones para saltar a los diferentes bloques.<\/p>\n\n<p><strong>Bloque 1: viernes 28 de octubre 14:30h \u2013 15:30h BST<br\/>Bloque 2: viernes 28 de octubre 15:45h \u2013 16:45h BST<br\/>Bloque 3: s\u00e1bado 29 de octubre 14:30h \u2013 15:30h BST<br\/>Bloque 4: s\u00e1bado 29 de octubre 15:45h \u2013 16:45h BST<\/strong><\/p>\n\n<div style=\"height:20px\" aria-hidden=\"true\" class=\"wp-block-spacer\"><\/div>\n\n<div class=\"wp-block-buttons is-layout-flex wp-block-buttons-is-layout-flex\">\n<div class=\"wp-block-button is-style-fill\"><a class=\"wp-block-button__link has-background\" href=\"#bloque1\" style=\"border-radius:10px;background-color:#273486\">Bloque 1<\/a><\/div>\n\n\n\n<div class=\"wp-block-button is-style-fill\"><a class=\"wp-block-button__link has-background\" href=\"#bloque2\" style=\"border-radius:10px;background-color:#273486\">Bloque 2<\/a><\/div>\n\n\n\n<div class=\"wp-block-button is-style-fill\"><a class=\"wp-block-button__link has-background\" href=\"#bloque3\" style=\"border-radius:10px;background-color:#273486\">Bloque 3<\/a><\/div>\n\n\n\n<div class=\"wp-block-button is-style-fill\"><a class=\"wp-block-button__link has-background\" href=\"#bloque4\" style=\"border-radius:10px;background-color:#273486\">Bloque 4<\/a><\/div>\n<\/div>\n\n<div style=\"height:50px\" aria-hidden=\"true\" id=\"set1\" class=\"wp-block-spacer\"><\/div>\n\n<h3 class=\"wp-block-heading\">Bloque de talleres 1<\/h3>\n\n<h6 class=\"wp-block-heading\">Viernes 28 de octubre 14:30h \u2013 15:30h BST<\/h6>\n\n<div style=\"height:20px\" aria-hidden=\"true\" class=\"wp-block-spacer\"><\/div>\n\n<h5 class=\"wp-block-heading\">De languidecer a la renovaci\u00f3n<\/h5>\n\n<p><strong>Mark Sayers <\/strong><\/p>\n\n<p>Tras una pandemia mundial, la agitaci\u00f3n cultural, los retos de la subida del coste de la vida y las tensiones geopol\u00edticas, muchos se encuentran experimentando un extra\u00f1o fen\u00f3meno personal que Adam Grant ha etiquetado como \u00ablanguidez\u00bb. \u00bfC\u00f3mo podemos pasar de la languidez a la renovaci\u00f3n? \u00bfC\u00f3mo pueden los modelos saludables de oraci\u00f3n conducirnos a una nueva vitalidad en nuestras vidas individuales, en las comunidades eclesi\u00e1sticas y en la cultura en general?<\/p>\n\n<div style=\"height:20px\" aria-hidden=\"true\" class=\"wp-block-spacer\"><\/div>\n\n<h5 class=\"wp-block-heading\">C\u00f3mo provocar un incendio: C\u00f3mo crear campa\u00f1as que provoquen el cambio<\/h5>\n\n<p><strong>Scot Bower<\/strong><\/p>\n\n<p>A partir de las lecciones aprendidas de una campa\u00f1a que ayud\u00f3 a salvar a una mujer sudanesa embarazada del corredor de la muerte, en este taller pr\u00e1ctico aprender\u00e1s los principios para construir una estrategia para una campa\u00f1a de cualquier escala. Con la acreditaci\u00f3n de la ONG de las Naciones Unidas, CSW ha hecho campa\u00f1a y ha defendido a todos aquellos que experimentan la injusticia debido a su religi\u00f3n o creencia.<\/p>\n\n<div style=\"height:20px\" aria-hidden=\"true\" class=\"wp-block-spacer\"><\/div>\n\n<h5 class=\"wp-block-heading\">Encarnando nuestras oraciones por la crisis clim\u00e1tica<\/h5>\n\n<p><strong>Lauren Agnew<\/strong><\/p>\n\n<p>Nuestro mundo se enfrenta a una emergencia clim\u00e1tica y son los que viven en la pobreza los que est\u00e1n pagando el precio. \u00bfQu\u00e9 significa ser seguidores de Jes\u00fas en este contexto? \u00bfC\u00f3mo podemos encarnar estas oraciones al responder a la injusticia? Ven y d\u00e9jate inspirar por c\u00f3mo podemos presentar todo nuestro ser en oraci\u00f3n y en acci\u00f3n por la crisis clim\u00e1tica.<\/p>\n\n<div style=\"height:20px\" aria-hidden=\"true\" class=\"wp-block-spacer\"><\/div>\n\n<h5 class=\"wp-block-heading\">C\u00f3mo organizar una sala de oraci\u00f3n: Una gu\u00eda interactiva y pr\u00e1ctica<\/h5>\n\n<p><strong>Emily Lord<\/strong><\/p>\n\n<p>En esta sesi\u00f3n, \u00fanete a Emily mientras explora c\u00f3mo dirigir una Sala de Oraci\u00f3n presencial, en l\u00ednea, o h\u00edbrida &#8211; \u00a1una mezcla de ambas! Descubre recursos, escucha historias y echa un vistazo a una variedad de estaciones de oraci\u00f3n para que puedas salir equipado para facilitar espacios creativos de oraci\u00f3n en tu comunidad.<\/p>\n\n<div style=\"height:20px\" aria-hidden=\"true\" class=\"wp-block-spacer\"><\/div>\n\n<h5 class=\"wp-block-heading\">Cultura de Oraci\u00f3n<\/h5>\n\n<p><strong>Aitor de la C\u00e1mara and Loida Fern\u00e1ndez<\/strong><\/p>\n\n<p><em>\u00bfEs posible desarrollar y potenciar una cultura de oraci\u00f3n?<\/em><\/p>\n\n<p>A trav\u00e9s de historias motivadoras y consejos pr\u00e1cticos, descubriremos c\u00f3mo crear una cultura de oraci\u00f3n en nuestras iglesias y comunidades. <\/p>\n\n<div style=\"height:50px\" aria-hidden=\"true\" class=\"wp-block-spacer\"><\/div>\n\n<hr class=\"wp-block-separator has-alpha-channel-opacity\"\/>\n\n<div style=\"height:50px\" aria-hidden=\"true\" id=\"set2\" class=\"wp-block-spacer\"><\/div>\n\n<h3 class=\"wp-block-heading\">Bloque de talleres 2<\/h3>\n\n<h6 class=\"wp-block-heading\">Viernes 28 de octubre 15:45h \u2013 16:45h BST<\/h6>\n\n<div style=\"height:20px\" aria-hidden=\"true\" class=\"wp-block-spacer\"><\/div>\n\n<h5 class=\"wp-block-heading\">Reconciliaci\u00f3n entre culturas, clases sociales, nacionalidades y razas<\/h5>\n\n<p><strong>Lisa Koons<\/strong><\/p>\n\n<p>Reflexiones contemplativas y aplicaciones pr\u00e1cticas sobre la llamada de la Iglesia a construir puentes y traspasar divisiones.<\/p>\n\n<div style=\"height:20px\" aria-hidden=\"true\" class=\"wp-block-spacer\"><\/div>\n\n<h5 class=\"wp-block-heading\">Profetas, artistas, y el arte prof\u00e9tico en las Escrituras<\/h5>\n\n<p><strong>Christine Westhoff<\/strong><\/p>\n\n<p>A lo largo de toda la Biblia, Dios habl\u00f3, gui\u00f3, intervino y se encontr\u00f3 con la humanidad a trav\u00e9s de la poes\u00eda, la prosa, el canto y la demostraci\u00f3n creativa y simb\u00f3lica. Es imposible entender lo prof\u00e9tico si olvidamos que su esencia se encuentra en las artes. Acomp\u00e1\u00f1anos en el debate sobre la belleza del arte prof\u00e9tico que se encuentra en las Escrituras y en la b\u00fasqueda de su reivindicaci\u00f3n.<\/p>\n\n<div style=\"height:20px\" aria-hidden=\"true\" class=\"wp-block-spacer\"><\/div>\n\n<h5 class=\"wp-block-heading\">La oraci\u00f3n en las calles<\/h5>\n\n<p><strong>\u0160\u00e1rka Simeckova y Krist\u00fdna Vaculikova<\/strong><\/p>\n\n<p>Hablaremos sobre c\u00f3mo relacionarnos de forma eficaz con la gente a trav\u00e9s de la oraci\u00f3n en las calles.<\/p>\n\n<div style=\"height:20px\" aria-hidden=\"true\" class=\"wp-block-spacer\"><\/div>\n\n<h5 class=\"wp-block-heading\">\u00bfD\u00f3nde est\u00e1 la luna roja?<\/h5>\n\n<p><strong>Roger Ellis<\/strong><\/p>\n\n<p>Red Moon Rising es un libro que lleva el ADN de Oraci\u00f3n 24-7 y tiene la ic\u00f3nica imagen apocal\u00edptica de la Luna Roja en el centro. Muchos comentaristas sociales ajenos al judeocristianismo ven el desastre medioambiental, las guerras mundiales y las pandemias en t\u00e9rminos apocal\u00edpticos. We might observe that the apocalyptic is seminal to understanding the true nature of the early church, and their life of prayer. Acomp\u00e1\u00f1anos en la exploraci\u00f3n de este tema.<\/p>\n\n<div style=\"height:20px\" aria-hidden=\"true\" class=\"wp-block-spacer\"><\/div>\n\n<h5 class=\"wp-block-heading\">24-7 Prayer Deutschland: die Geschichte, die Vision, Netzwerken<\/h5>\n\n<p><strong>Stefanie Steinbach and Sabine Sramek<\/strong><\/p>\n\n<p>Dieses Seminar richtet sich an diejenigen, die ein bisschen \u00fcber die Geschichte und Vision von 24-7prayer Deutschland erfahren m\u00f6chten, vor allem aber auch an die, die wissen wollen, was jetzt gerade so in Planung ist. Ein Teil des Seminars wird deshalb Ideenaustausch und Kennenlernen sein. <\/p>\n\n<div style=\"height:50px\" aria-hidden=\"true\" class=\"wp-block-spacer\"><\/div>\n\n<hr class=\"wp-block-separator has-alpha-channel-opacity\"\/>\n\n<div style=\"height:50px\" aria-hidden=\"true\" id=\"set3\" class=\"wp-block-spacer\"><\/div>\n\n<h3 class=\"wp-block-heading\">Bloque de talleres 3<\/h3>\n\n<h6 class=\"wp-block-heading\">S\u00e1bado 29 de octubre 14:30h \u2013 15:30h BST<\/h6>\n\n<div style=\"height:20px\" aria-hidden=\"true\" class=\"wp-block-spacer\"><\/div>\n\n<h5 class=\"wp-block-heading\">En busca del avivamiento entre los estudiantes de Europa<\/h5>\n\n<p><strong>Sarah Breuel<\/strong><\/p>\n\n<p>En m\u00faltiples ocasiones los estudiantes han cambiado el mundo. \u00bfY si, a trav\u00e9s de la oraci\u00f3n, los estudiantes cambian el mundo una vez m\u00e1s? D\u00e9jate inspirar por Sarah y Denise, que anhelan un avivamiento entre los estudiantes de toda Europa Ponte manos a la obra a trav\u00e9s de un reto personal de oraci\u00f3n, arrastrando a otros y participando en la iniciativa europea The Spark<\/p>\n\n<div style=\"height:20px\" aria-hidden=\"true\" class=\"wp-block-spacer\"><\/div>\n\n<h5 class=\"wp-block-heading\">Ansiedad, depresi\u00f3n, y proyectos emocionales para la felicidad<\/h5>\n\n<p><strong>Craig Westhoff<\/strong><\/p>\n\n<p>Incoscientemente todos tenemos proyectos emocionales para la felicidad. En este taller aprenderemos c\u00f3mo empezar a despertar estos proyectos, hacer una pausa con la emoci\u00f3n y aprender la forma m\u00e1s r\u00e1pida de cambiar nuestro estado emocional.<\/p>\n\n<div style=\"height:20px\" aria-hidden=\"true\" class=\"wp-block-spacer\"><\/div>\n\n<h5 class=\"wp-block-heading\">Discernir el Esp\u00edritu de los esp\u00edritus<\/h5>\n\n<p><strong>Dra. Lucy Peppiatt<\/strong><\/p>\n\n<p>Para aquellos de nosotros que oramos para que el Esp\u00edritu sea derramado con mayor poder, necesitamos tambi\u00e9n orar para que aumente el don de distinguir entre los esp\u00edritus. En este seminario, Lucy explorar\u00e1 lo que la Biblia ense\u00f1a sobre el discernimiento de esp\u00edritus y c\u00f3mo podemos ejercitar y crecer en este don en las comunidades de hoy. <\/p>\n\n<div style=\"height:20px\" aria-hidden=\"true\" class=\"wp-block-spacer\"><\/div>\n\n<h5 class=\"wp-block-heading\">Herrnhut 02<\/h5>\n\n<p><strong>Pete Greig<\/strong><\/p>\n\n<p>Ven a escuchar la extraordinaria historia de c\u00f3mo el Se\u00f1or nos ha dado la finca de 45.000 hect\u00e1reas de la Abad\u00eda de Waverley con la visi\u00f3n de restablecerla como un hogar para el movimiento de Oraci\u00f3n 24-7, un centro para la misi\u00f3n, para el emprendimiento social y para una nueva universidad cristiana. Centrada en los votos de La Orden de la semilla de mostaza, la Abad\u00eda de Waverley es uno de los avances m\u00e1s emocionantes en la historia del movimiento de Oraci\u00f3n 24-7. Ven y descubre c\u00f3mo puedes formar parte de \u00e9l.<\/p>\n\n<div style=\"height:20px\" aria-hidden=\"true\" class=\"wp-block-spacer\"><\/div>\n\n<h5 class=\"wp-block-heading\">Espacios sagrados: C\u00f3mo organizar Espacios de oraci\u00f3n en los colegios<\/h5>\n\n<p><strong>Phil Togwell y Emma Thompson<\/strong><\/p>\n\n<p>La necesidad de contar con lugares seguros en las escuelas donde los alumnos puedan reflexionar y orar nunca ha sido mayor. Esta sesi\u00f3n incluir\u00e1 historias inspiradoras y consejos pr\u00e1cticos para ayudarte a comenzar con los Espacios de oraci\u00f3n en los colegios, as\u00ed como mucho tiempo para hablar con gente experta.<\/p>\n\n<div style=\"height:20px\" aria-hidden=\"true\" class=\"wp-block-spacer\"><\/div>\n\n<h5 class=\"wp-block-heading\">Oraci\u00f3n 24-7: su Historia y sus Recursos en Espa\u00f1ol<\/h5>\n\n<p><strong>Aitor de la C\u00e1mara and Loida Fern\u00e1ndez<\/strong><\/p>\n\n<p>\u00bfC\u00f3mo se origin\u00f3 este movimiento? \u00bfQu\u00e9 recursos y herramientas ofrece? Ven a descubrir la fascinante historia de 24-7, y los diferentes recursos que te ayudar\u00e1n a cultivar una relaci\u00f3n con Dios m\u00e1s profunda. <\/p>\n\n<div style=\"height:50px\" aria-hidden=\"true\" class=\"wp-block-spacer\"><\/div>\n\n<hr class=\"wp-block-separator has-alpha-channel-opacity\"\/>\n\n<div style=\"height:50px\" aria-hidden=\"true\" id=\"set4\" class=\"wp-block-spacer\"><\/div>\n\n<h3 class=\"wp-block-heading\">Bloque de talleres 4<\/h3>\n\n<h6 class=\"wp-block-heading\">S\u00e1bado 29 de octubre 15:45h \u2013 16:45h BST<\/h6>\n\n<div style=\"height:20px\" aria-hidden=\"true\" class=\"wp-block-spacer\"><\/div>\n\n<h5 class=\"wp-block-heading\">El don de discernimiento<\/h5>\n\n<p><strong>Christine Westhoff<\/strong><\/p>\n\n<p>Necesitamos este don en el Cuerpo de Cristo m\u00e1s que nunca, pero la formaci\u00f3n sobre el don de discernimiento es a menudo dif\u00edcil de encontrar. Acomp\u00e1\u00f1anos mientras tratamos de desentra\u00f1ar el discernimiento, el juicio, la escucha de la voz de Dios y lo prof\u00e9tico, a la vez que debatimos acerca de las formas de crecer en el don del discernimiento.<\/p>\n\n<div style=\"height:20px\" aria-hidden=\"true\" class=\"wp-block-spacer\"><\/div>\n\n<h5 class=\"wp-block-heading\">De languidecer a la renovaci\u00f3n<\/h5>\n\n<p><strong>Mark Sayers <\/strong><\/p>\n\n<p>Tras una pandemia mundial, la agitaci\u00f3n cultural, los retos de la subida del coste de la vida y las tensiones geopol\u00edticas, muchos se encuentran experimentando un extra\u00f1o fen\u00f3meno personal que Adam Grant ha etiquetado como \u00ablanguidez\u00bb. \u00bfC\u00f3mo podemos pasar de la languidez a la renovaci\u00f3n? \u00bfC\u00f3mo pueden los modelos saludables de oraci\u00f3n conducirnos a una nueva vitalidad en nuestras vidas individuales, en las comunidades eclesi\u00e1sticas y en la cultura en general?<\/p>\n\n<div style=\"height:20px\" aria-hidden=\"true\" class=\"wp-block-spacer\"><\/div>\n\n<h5 class=\"wp-block-heading\">Gracia que cambia el mundo<\/h5>\n\n<p><strong>Roger Ellis<\/strong><\/p>\n\n<p>La iglesia primitiva estaba formada fundamentalmente por una comprensi\u00f3n de la gracia que resultaba en una inclusividad radical y una profunda discontinuidad con la cultura que la rodeaba. Para muchos, la gracia se ha convertido en una formulaci\u00f3n forense y doctrinal, y tal vez se encarna en una cultura que da la impresi\u00f3n de ser m\u00e1s legalismo que libertad. Bas\u00e1ndonos en las recientes reflexiones acad\u00e9micas de te\u00f3logos como John Barclay, exploramos c\u00f3mo podemos crear aut\u00e9nticas Comunidades 24-7 que est\u00e9n llenas de gracia.<\/p>\n\n<div style=\"height:20px\" aria-hidden=\"true\" class=\"wp-block-spacer\"><\/div>\n\n<h5 class=\"wp-block-heading\">Rumores de avivamiento: \u00bfExiste un despertar de la juventud en nuestro mundo en este momento?<\/h5>\n\n<p><strong>Josh Green<\/strong><\/p>\n\n<p>\u201c\u2026 Hace poco escuch\u00e9 decir a alguien que Europa no es post-cristiana, es pre-avivamiento. A eso, por supuesto, grito: \u201c\u00a1am\u00e9n!\u201d Pero tambi\u00e9n creo que est\u00e1 sucediendo. Ahora mismo. Nunca he visto un derramamiento del Esp\u00edritu Santo en los j\u00f3venes de todo el mundo como \u00e9ste en 15 a\u00f1os de ministerio juvenil\u2026\u201d Ven y escucha a Josh Green mientras comparte historias de j\u00f3venes siendo despertados a Dios y sobre principios clave sobre c\u00f3mo activar a los j\u00f3venes en la oraci\u00f3n.<\/p>\n\n<div style=\"height:20px\" aria-hidden=\"true\" class=\"wp-block-spacer\"><\/div>\n\n<h5 class=\"wp-block-heading\">La Orden del grano de mostaza (OMS)<\/h5>\n\n<p>Oraci\u00f3n 24-7 re-estableci\u00f3 la Orden del grano de mostaza en 2005. Es una orden religiosa ecum\u00e9nica, cuyos miembros se comprometen a cumplir tres sencillos votos: ser fieles a Cristo, amables con la gente y llevar el Evangelio a las naciones. \u00danete a nosotros para saber m\u00e1s o hacer preguntas.<\/p>\n","protected":false},"excerpt":{"rendered":"<p>Tenemos 4 bloques de talleres durante dos d\u00edas en The Gathering \u201922. Busca los talleres o utiliza los botones para saltar a los diferentes bloques. Bloque 1: viernes 28 de octubre 14:30h \u2013 15:30h BSTBloque 2: viernes 28 de octubre 15:45h \u2013 16:45h BSTBloque 3: s\u00e1bado 29 de octubre 14:30h \u2013 15:30h BSTBloque 4: s\u00e1bado [&hellip;]<\/p>\n","protected":false},"author":607,"featured_media":15955,"parent":0,"menu_order":110,"comment_status":"closed","ping_status":"closed","template":"","meta":{"_acf_changed":false,"inline_featured_image":false,"footnotes":""},"class_list":["post-16498","page","type-page","status-publish","has-post-thumbnail","hentry"],"acf":[],"yoast_head":"<!-- This site is optimized with the Yoast SEO plugin v27.3 - https:\/\/yoast.com\/product\/yoast-seo-wordpress\/ -->\n<title>Talleres - The Gathering &#039;22 - 24-7 Prayer International<\/title>\n<meta name=\"robots\" content=\"index, follow, max-snippet:-1, max-image-preview:large, max-video-preview:-1\" \/>\n<link rel=\"canonical\" href=\"https:\/\/www.24-7prayer.com\/es\/talleres-the-gathering-22\/\" \/>\n<meta property=\"og:locale\" content=\"es_ES\" \/>\n<meta property=\"og:type\" content=\"article\" \/>\n<meta property=\"og:title\" content=\"Talleres - The Gathering &#039;22 - 24-7 Prayer International\" \/>\n<meta property=\"og:description\" content=\"Tenemos 4 bloques de talleres durante dos d\u00edas en The Gathering \u201922. Busca los talleres o utiliza los botones para saltar a los diferentes bloques. Bloque 1: viernes 28 de octubre 14:30h \u2013 15:30h BSTBloque 2: viernes 28 de octubre 15:45h \u2013 16:45h BSTBloque 3: s\u00e1bado 29 de octubre 14:30h \u2013 15:30h BSTBloque 4: s\u00e1bado [&hellip;]\" \/>\n<meta property=\"og:url\" content=\"https:\/\/www.24-7prayer.com\/es\/talleres-the-gathering-22\/\" \/>\n<meta property=\"og:site_name\" content=\"24-7 Prayer International\" \/>\n<meta property=\"article:modified_time\" content=\"2022-09-26T10:07:02+00:00\" \/>\n<meta property=\"og:image\" content=\"https:\/\/www.24-7prayer.com\/wp-content\/uploads\/2022\/09\/g22-light-standard_page_header-scaled.jpg\" \/>\n\t<meta property=\"og:image:width\" content=\"2560\" \/>\n\t<meta property=\"og:image:height\" content=\"914\" \/>\n\t<meta property=\"og:image:type\" content=\"image\/jpeg\" \/>\n<meta name=\"twitter:card\" content=\"summary_large_image\" \/>\n<script type=\"application\/ld+json\" class=\"yoast-schema-graph\">{\"@context\":\"https:\\\/\\\/schema.org\",\"@graph\":[{\"@type\":\"WebPage\",\"@id\":\"https:\\\/\\\/www.24-7prayer.com\\\/es\\\/talleres-the-gathering-22\\\/\",\"url\":\"https:\\\/\\\/www.24-7prayer.com\\\/es\\\/talleres-the-gathering-22\\\/\",\"name\":\"Talleres - The Gathering '22 - 24-7 Prayer International\",\"isPartOf\":{\"@id\":\"https:\\\/\\\/www.24-7prayer.com\\\/es\\\/#website\"},\"primaryImageOfPage\":{\"@id\":\"https:\\\/\\\/www.24-7prayer.com\\\/es\\\/talleres-the-gathering-22\\\/#primaryimage\"},\"image\":{\"@id\":\"https:\\\/\\\/www.24-7prayer.com\\\/es\\\/talleres-the-gathering-22\\\/#primaryimage\"},\"thumbnailUrl\":\"https:\\\/\\\/www.24-7prayer.com\\\/wp-content\\\/uploads\\\/2022\\\/09\\\/g22-light-standard_page_header-scaled.jpg\",\"datePublished\":\"2022-09-26T10:07:00+00:00\",\"dateModified\":\"2022-09-26T10:07:02+00:00\",\"breadcrumb\":{\"@id\":\"https:\\\/\\\/www.24-7prayer.com\\\/es\\\/talleres-the-gathering-22\\\/#breadcrumb\"},\"inLanguage\":\"es\",\"potentialAction\":[{\"@type\":\"ReadAction\",\"target\":[\"https:\\\/\\\/www.24-7prayer.com\\\/es\\\/talleres-the-gathering-22\\\/\"]}]},{\"@type\":\"ImageObject\",\"inLanguage\":\"es\",\"@id\":\"https:\\\/\\\/www.24-7prayer.com\\\/es\\\/talleres-the-gathering-22\\\/#primaryimage\",\"url\":\"https:\\\/\\\/www.24-7prayer.com\\\/wp-content\\\/uploads\\\/2022\\\/09\\\/g22-light-standard_page_header-scaled.jpg\",\"contentUrl\":\"https:\\\/\\\/www.24-7prayer.com\\\/wp-content\\\/uploads\\\/2022\\\/09\\\/g22-light-standard_page_header-scaled.jpg\",\"width\":2560,\"height\":914},{\"@type\":\"BreadcrumbList\",\"@id\":\"https:\\\/\\\/www.24-7prayer.com\\\/es\\\/talleres-the-gathering-22\\\/#breadcrumb\",\"itemListElement\":[{\"@type\":\"ListItem\",\"position\":1,\"name\":\"Home\",\"item\":\"https:\\\/\\\/www.24-7prayer.com\\\/es\\\/\"},{\"@type\":\"ListItem\",\"position\":2,\"name\":\"Talleres &#8211; The Gathering &#8217;22\"}]},{\"@type\":\"WebSite\",\"@id\":\"https:\\\/\\\/www.24-7prayer.com\\\/es\\\/#website\",\"url\":\"https:\\\/\\\/www.24-7prayer.com\\\/es\\\/\",\"name\":\"24-7 Prayer International\",\"description\":\"Prayer Mission Justice\",\"publisher\":{\"@id\":\"https:\\\/\\\/www.24-7prayer.com\\\/es\\\/#organization\"},\"potentialAction\":[{\"@type\":\"SearchAction\",\"target\":{\"@type\":\"EntryPoint\",\"urlTemplate\":\"https:\\\/\\\/www.24-7prayer.com\\\/es\\\/?s={search_term_string}\"},\"query-input\":{\"@type\":\"PropertyValueSpecification\",\"valueRequired\":true,\"valueName\":\"search_term_string\"}}],\"inLanguage\":\"es\"},{\"@type\":\"Organization\",\"@id\":\"https:\\\/\\\/www.24-7prayer.com\\\/es\\\/#organization\",\"name\":\"24-7 Prayer\",\"url\":\"https:\\\/\\\/www.24-7prayer.com\\\/es\\\/\",\"logo\":{\"@type\":\"ImageObject\",\"inLanguage\":\"es\",\"@id\":\"https:\\\/\\\/www.24-7prayer.com\\\/es\\\/#\\\/schema\\\/logo\\\/image\\\/\",\"url\":\"https:\\\/\\\/www.24-7prayer.com\\\/wp-content\\\/uploads\\\/2022\\\/06\\\/logo.png\",\"contentUrl\":\"https:\\\/\\\/www.24-7prayer.com\\\/wp-content\\\/uploads\\\/2022\\\/06\\\/logo.png\",\"width\":302,\"height\":49,\"caption\":\"24-7 Prayer\"},\"image\":{\"@id\":\"https:\\\/\\\/www.24-7prayer.com\\\/es\\\/#\\\/schema\\\/logo\\\/image\\\/\"}}]}<\/script>\n<!-- \/ Yoast SEO plugin. -->","yoast_head_json":{"title":"Talleres - The Gathering '22 - 24-7 Prayer International","robots":{"index":"index","follow":"follow","max-snippet":"max-snippet:-1","max-image-preview":"max-image-preview:large","max-video-preview":"max-video-preview:-1"},"canonical":"https:\/\/www.24-7prayer.com\/es\/talleres-the-gathering-22\/","og_locale":"es_ES","og_type":"article","og_title":"Talleres - The Gathering '22 - 24-7 Prayer International","og_description":"Tenemos 4 bloques de talleres durante dos d\u00edas en The Gathering \u201922. Busca los talleres o utiliza los botones para saltar a los diferentes bloques. Bloque 1: viernes 28 de octubre 14:30h \u2013 15:30h BSTBloque 2: viernes 28 de octubre 15:45h \u2013 16:45h BSTBloque 3: s\u00e1bado 29 de octubre 14:30h \u2013 15:30h BSTBloque 4: s\u00e1bado [&hellip;]","og_url":"https:\/\/www.24-7prayer.com\/es\/talleres-the-gathering-22\/","og_site_name":"24-7 Prayer International","article_modified_time":"2022-09-26T10:07:02+00:00","og_image":[{"width":2560,"height":914,"url":"https:\/\/www.24-7prayer.com\/wp-content\/uploads\/2022\/09\/g22-light-standard_page_header-scaled.jpg","type":"image\/jpeg"}],"twitter_card":"summary_large_image","schema":{"@context":"https:\/\/schema.org","@graph":[{"@type":"WebPage","@id":"https:\/\/www.24-7prayer.com\/es\/talleres-the-gathering-22\/","url":"https:\/\/www.24-7prayer.com\/es\/talleres-the-gathering-22\/","name":"Talleres - The Gathering '22 - 24-7 Prayer International","isPartOf":{"@id":"https:\/\/www.24-7prayer.com\/es\/#website"},"primaryImageOfPage":{"@id":"https:\/\/www.24-7prayer.com\/es\/talleres-the-gathering-22\/#primaryimage"},"image":{"@id":"https:\/\/www.24-7prayer.com\/es\/talleres-the-gathering-22\/#primaryimage"},"thumbnailUrl":"https:\/\/www.24-7prayer.com\/wp-content\/uploads\/2022\/09\/g22-light-standard_page_header-scaled.jpg","datePublished":"2022-09-26T10:07:00+00:00","dateModified":"2022-09-26T10:07:02+00:00","breadcrumb":{"@id":"https:\/\/www.24-7prayer.com\/es\/talleres-the-gathering-22\/#breadcrumb"},"inLanguage":"es","potentialAction":[{"@type":"ReadAction","target":["https:\/\/www.24-7prayer.com\/es\/talleres-the-gathering-22\/"]}]},{"@type":"ImageObject","inLanguage":"es","@id":"https:\/\/www.24-7prayer.com\/es\/talleres-the-gathering-22\/#primaryimage","url":"https:\/\/www.24-7prayer.com\/wp-content\/uploads\/2022\/09\/g22-light-standard_page_header-scaled.jpg","contentUrl":"https:\/\/www.24-7prayer.com\/wp-content\/uploads\/2022\/09\/g22-light-standard_page_header-scaled.jpg","width":2560,"height":914},{"@type":"BreadcrumbList","@id":"https:\/\/www.24-7prayer.com\/es\/talleres-the-gathering-22\/#breadcrumb","itemListElement":[{"@type":"ListItem","position":1,"name":"Home","item":"https:\/\/www.24-7prayer.com\/es\/"},{"@type":"ListItem","position":2,"name":"Talleres &#8211; The Gathering &#8217;22"}]},{"@type":"WebSite","@id":"https:\/\/www.24-7prayer.com\/es\/#website","url":"https:\/\/www.24-7prayer.com\/es\/","name":"24-7 Prayer International","description":"Prayer Mission Justice","publisher":{"@id":"https:\/\/www.24-7prayer.com\/es\/#organization"},"potentialAction":[{"@type":"SearchAction","target":{"@type":"EntryPoint","urlTemplate":"https:\/\/www.24-7prayer.com\/es\/?s={search_term_string}"},"query-input":{"@type":"PropertyValueSpecification","valueRequired":true,"valueName":"search_term_string"}}],"inLanguage":"es"},{"@type":"Organization","@id":"https:\/\/www.24-7prayer.com\/es\/#organization","name":"24-7 Prayer","url":"https:\/\/www.24-7prayer.com\/es\/","logo":{"@type":"ImageObject","inLanguage":"es","@id":"https:\/\/www.24-7prayer.com\/es\/#\/schema\/logo\/image\/","url":"https:\/\/www.24-7prayer.com\/wp-content\/uploads\/2022\/06\/logo.png","contentUrl":"https:\/\/www.24-7prayer.com\/wp-content\/uploads\/2022\/06\/logo.png","width":302,"height":49,"caption":"24-7 Prayer"},"image":{"@id":"https:\/\/www.24-7prayer.com\/es\/#\/schema\/logo\/image\/"}}]}},"_links":{"self":[{"href":"https:\/\/www.24-7prayer.com\/es\/wp-json\/wp\/v2\/pages\/16498","targetHints":{"allow":["GET"]}}],"collection":[{"href":"https:\/\/www.24-7prayer.com\/es\/wp-json\/wp\/v2\/pages"}],"about":[{"href":"https:\/\/www.24-7prayer.com\/es\/wp-json\/wp\/v2\/types\/page"}],"author":[{"embeddable":true,"href":"https:\/\/www.24-7prayer.com\/es\/wp-json\/wp\/v2\/users\/607"}],"replies":[{"embeddable":true,"href":"https:\/\/www.24-7prayer.com\/es\/wp-json\/wp\/v2\/comments?post=16498"}],"version-history":[{"count":1,"href":"https:\/\/www.24-7prayer.com\/es\/wp-json\/wp\/v2\/pages\/16498\/revisions"}],"predecessor-version":[{"id":16499,"href":"https:\/\/www.24-7prayer.com\/es\/wp-json\/wp\/v2\/pages\/16498\/revisions\/16499"}],"wp:featuredmedia":[{"embeddable":true,"href":"https:\/\/www.24-7prayer.com\/es\/wp-json\/wp\/v2\/media\/15955"}],"wp:attachment":[{"href":"https:\/\/www.24-7prayer.com\/es\/wp-json\/wp\/v2\/media?parent=16498"}],"curies":[{"name":"wp","href":"https:\/\/api.w.org\/{rel}","templated":true}]}}