{"id":157026,"date":"2025-10-17T11:37:21","date_gmt":"2025-10-17T10:37:21","guid":{"rendered":"https:\/\/www.24-7prayer.com\/?page_id=157026"},"modified":"2025-10-17T11:38:52","modified_gmt":"2025-10-17T10:38:52","slug":"politica-de-privacidad","status":"publish","type":"page","link":"https:\/\/www.24-7prayer.com\/es\/politica-de-privacidad\/","title":{"rendered":"Pol\u00edtica de privacidad"},"content":{"rendered":"\n<p><strong>En Oraci\u00f3n 24-7 nos comprometemos a proteger su privacidad.<\/strong><\/p>\n\n\n\n<p>Esta pol\u00edtica explica cu\u00e1ndo y por qu\u00e9 recopilamos informaci\u00f3n personal sobre las personas que visitan nuestro sitio web, c\u00f3mo la utilizamos, las condiciones bajo las cuales podemos revelarla a terceros y c\u00f3mo la mantenemos segura.<\/p>\n\n\n\n<p>Cualquier pregunta relacionada con esta pol\u00edtica y nuestras pr\u00e1cticas de privacidad debe enviarse por correo electr\u00f3nico a <a href=\"mailto:info@24-7prayer.com\">info@24-7prayer.com<\/a>. Tambi\u00e9n puede llamar al 01483 313655.<\/p>\n\n\n\n<p><\/p>\n\n\n\n<div class=\"wp-block-buttons is-content-justification-center is-layout-flex wp-container-core-buttons-is-layout-a89b3969 wp-block-buttons-is-layout-flex\">\n<div class=\"wp-block-button\"><a class=\"wp-block-button__link wp-element-button\" href=\"https:\/\/www.24-7prayer.com\/wp-content\/uploads\/2024\/02\/247prayer-privacy-policy-october-2023-1.pdf\">Descarga la pol\u00edtica de privacidad<\/a><\/div>\n<\/div>\n\n\n\n<p><\/p>\n","protected":false},"excerpt":{"rendered":"<p>En Oraci\u00f3n 24-7 nos comprometemos a proteger su privacidad. Esta pol\u00edtica explica cu\u00e1ndo y por qu\u00e9 recopilamos informaci\u00f3n personal sobre las personas que visitan nuestro sitio web, c\u00f3mo la utilizamos, las condiciones bajo las cuales podemos revelarla a terceros y c\u00f3mo la mantenemos segura. Cualquier pregunta relacionada con esta pol\u00edtica y nuestras pr\u00e1cticas de privacidad [&hellip;]<\/p>\n","protected":false},"author":216,"featured_media":0,"parent":0,"menu_order":263,"comment_status":"closed","ping_status":"open","template":"","meta":{"_acf_changed":false,"inline_featured_image":false,"footnotes":""},"class_list":["post-157026","page","type-page","status-publish","hentry"],"acf":[],"yoast_head":"<!-- This site is optimized with the Yoast SEO plugin v27.4 - https:\/\/yoast.com\/product\/yoast-seo-wordpress\/ -->\n<title>Pol\u00edtica de privacidad - 24-7 Prayer International<\/title>\n<meta name=\"robots\" content=\"index, follow, max-snippet:-1, max-image-preview:large, max-video-preview:-1\" \/>\n<link rel=\"canonical\" href=\"https:\/\/www.24-7prayer.com\/es\/politica-de-privacidad\/\" \/>\n<meta property=\"og:locale\" content=\"es_ES\" \/>\n<meta property=\"og:type\" content=\"article\" \/>\n<meta property=\"og:title\" content=\"Pol\u00edtica de privacidad - 24-7 Prayer International\" \/>\n<meta property=\"og:description\" content=\"En Oraci\u00f3n 24-7 nos comprometemos a proteger su privacidad. Esta pol\u00edtica explica cu\u00e1ndo y por qu\u00e9 recopilamos informaci\u00f3n personal sobre las personas que visitan nuestro sitio web, c\u00f3mo la utilizamos, las condiciones bajo las cuales podemos revelarla a terceros y c\u00f3mo la mantenemos segura. Cualquier pregunta relacionada con esta pol\u00edtica y nuestras pr\u00e1cticas de privacidad [&hellip;]\" \/>\n<meta property=\"og:url\" content=\"https:\/\/www.24-7prayer.com\/es\/politica-de-privacidad\/\" \/>\n<meta property=\"og:site_name\" content=\"24-7 Prayer International\" \/>\n<meta property=\"article:modified_time\" content=\"2025-10-17T10:38:52+00:00\" \/>\n<meta name=\"twitter:card\" content=\"summary_large_image\" \/>\n<script type=\"application\/ld+json\" class=\"yoast-schema-graph\">{\"@context\":\"https:\\\/\\\/schema.org\",\"@graph\":[{\"@type\":\"WebPage\",\"@id\":\"https:\\\/\\\/www.24-7prayer.com\\\/es\\\/politica-de-privacidad\\\/\",\"url\":\"https:\\\/\\\/www.24-7prayer.com\\\/es\\\/politica-de-privacidad\\\/\",\"name\":\"Pol\u00edtica de privacidad - 24-7 Prayer International\",\"isPartOf\":{\"@id\":\"https:\\\/\\\/www.24-7prayer.com\\\/es\\\/#website\"},\"datePublished\":\"2025-10-17T10:37:21+00:00\",\"dateModified\":\"2025-10-17T10:38:52+00:00\",\"breadcrumb\":{\"@id\":\"https:\\\/\\\/www.24-7prayer.com\\\/es\\\/politica-de-privacidad\\\/#breadcrumb\"},\"inLanguage\":\"es\",\"potentialAction\":[{\"@type\":\"ReadAction\",\"target\":[\"https:\\\/\\\/www.24-7prayer.com\\\/es\\\/politica-de-privacidad\\\/\"]}]},{\"@type\":\"BreadcrumbList\",\"@id\":\"https:\\\/\\\/www.24-7prayer.com\\\/es\\\/politica-de-privacidad\\\/#breadcrumb\",\"itemListElement\":[{\"@type\":\"ListItem\",\"position\":1,\"name\":\"Home\",\"item\":\"https:\\\/\\\/www.24-7prayer.com\\\/es\\\/\"},{\"@type\":\"ListItem\",\"position\":2,\"name\":\"Pol\u00edtica de privacidad\"}]},{\"@type\":\"WebSite\",\"@id\":\"https:\\\/\\\/www.24-7prayer.com\\\/es\\\/#website\",\"url\":\"https:\\\/\\\/www.24-7prayer.com\\\/es\\\/\",\"name\":\"24-7 Prayer International\",\"description\":\"Prayer Mission Justice\",\"publisher\":{\"@id\":\"https:\\\/\\\/www.24-7prayer.com\\\/es\\\/#organization\"},\"potentialAction\":[{\"@type\":\"SearchAction\",\"target\":{\"@type\":\"EntryPoint\",\"urlTemplate\":\"https:\\\/\\\/www.24-7prayer.com\\\/es\\\/?s={search_term_string}\"},\"query-input\":{\"@type\":\"PropertyValueSpecification\",\"valueRequired\":true,\"valueName\":\"search_term_string\"}}],\"inLanguage\":\"es\"},{\"@type\":\"Organization\",\"@id\":\"https:\\\/\\\/www.24-7prayer.com\\\/es\\\/#organization\",\"name\":\"24-7 Prayer\",\"url\":\"https:\\\/\\\/www.24-7prayer.com\\\/es\\\/\",\"logo\":{\"@type\":\"ImageObject\",\"inLanguage\":\"es\",\"@id\":\"https:\\\/\\\/www.24-7prayer.com\\\/es\\\/#\\\/schema\\\/logo\\\/image\\\/\",\"url\":\"https:\\\/\\\/www.24-7prayer.com\\\/wp-content\\\/uploads\\\/2022\\\/06\\\/logo.png\",\"contentUrl\":\"https:\\\/\\\/www.24-7prayer.com\\\/wp-content\\\/uploads\\\/2022\\\/06\\\/logo.png\",\"width\":302,\"height\":49,\"caption\":\"24-7 Prayer\"},\"image\":{\"@id\":\"https:\\\/\\\/www.24-7prayer.com\\\/es\\\/#\\\/schema\\\/logo\\\/image\\\/\"}}]}<\/script>\n<!-- \/ Yoast SEO plugin. -->","yoast_head_json":{"title":"Pol\u00edtica de privacidad - 24-7 Prayer International","robots":{"index":"index","follow":"follow","max-snippet":"max-snippet:-1","max-image-preview":"max-image-preview:large","max-video-preview":"max-video-preview:-1"},"canonical":"https:\/\/www.24-7prayer.com\/es\/politica-de-privacidad\/","og_locale":"es_ES","og_type":"article","og_title":"Pol\u00edtica de privacidad - 24-7 Prayer International","og_description":"En Oraci\u00f3n 24-7 nos comprometemos a proteger su privacidad. Esta pol\u00edtica explica cu\u00e1ndo y por qu\u00e9 recopilamos informaci\u00f3n personal sobre las personas que visitan nuestro sitio web, c\u00f3mo la utilizamos, las condiciones bajo las cuales podemos revelarla a terceros y c\u00f3mo la mantenemos segura. Cualquier pregunta relacionada con esta pol\u00edtica y nuestras pr\u00e1cticas de privacidad [&hellip;]","og_url":"https:\/\/www.24-7prayer.com\/es\/politica-de-privacidad\/","og_site_name":"24-7 Prayer International","article_modified_time":"2025-10-17T10:38:52+00:00","twitter_card":"summary_large_image","schema":{"@context":"https:\/\/schema.org","@graph":[{"@type":"WebPage","@id":"https:\/\/www.24-7prayer.com\/es\/politica-de-privacidad\/","url":"https:\/\/www.24-7prayer.com\/es\/politica-de-privacidad\/","name":"Pol\u00edtica de privacidad - 24-7 Prayer International","isPartOf":{"@id":"https:\/\/www.24-7prayer.com\/es\/#website"},"datePublished":"2025-10-17T10:37:21+00:00","dateModified":"2025-10-17T10:38:52+00:00","breadcrumb":{"@id":"https:\/\/www.24-7prayer.com\/es\/politica-de-privacidad\/#breadcrumb"},"inLanguage":"es","potentialAction":[{"@type":"ReadAction","target":["https:\/\/www.24-7prayer.com\/es\/politica-de-privacidad\/"]}]},{"@type":"BreadcrumbList","@id":"https:\/\/www.24-7prayer.com\/es\/politica-de-privacidad\/#breadcrumb","itemListElement":[{"@type":"ListItem","position":1,"name":"Home","item":"https:\/\/www.24-7prayer.com\/es\/"},{"@type":"ListItem","position":2,"name":"Pol\u00edtica de privacidad"}]},{"@type":"WebSite","@id":"https:\/\/www.24-7prayer.com\/es\/#website","url":"https:\/\/www.24-7prayer.com\/es\/","name":"24-7 Prayer International","description":"Prayer Mission Justice","publisher":{"@id":"https:\/\/www.24-7prayer.com\/es\/#organization"},"potentialAction":[{"@type":"SearchAction","target":{"@type":"EntryPoint","urlTemplate":"https:\/\/www.24-7prayer.com\/es\/?s={search_term_string}"},"query-input":{"@type":"PropertyValueSpecification","valueRequired":true,"valueName":"search_term_string"}}],"inLanguage":"es"},{"@type":"Organization","@id":"https:\/\/www.24-7prayer.com\/es\/#organization","name":"24-7 Prayer","url":"https:\/\/www.24-7prayer.com\/es\/","logo":{"@type":"ImageObject","inLanguage":"es","@id":"https:\/\/www.24-7prayer.com\/es\/#\/schema\/logo\/image\/","url":"https:\/\/www.24-7prayer.com\/wp-content\/uploads\/2022\/06\/logo.png","contentUrl":"https:\/\/www.24-7prayer.com\/wp-content\/uploads\/2022\/06\/logo.png","width":302,"height":49,"caption":"24-7 Prayer"},"image":{"@id":"https:\/\/www.24-7prayer.com\/es\/#\/schema\/logo\/image\/"}}]}},"_links":{"self":[{"href":"https:\/\/www.24-7prayer.com\/es\/wp-json\/wp\/v2\/pages\/157026","targetHints":{"allow":["GET"]}}],"collection":[{"href":"https:\/\/www.24-7prayer.com\/es\/wp-json\/wp\/v2\/pages"}],"about":[{"href":"https:\/\/www.24-7prayer.com\/es\/wp-json\/wp\/v2\/types\/page"}],"author":[{"embeddable":true,"href":"https:\/\/www.24-7prayer.com\/es\/wp-json\/wp\/v2\/users\/216"}],"replies":[{"embeddable":true,"href":"https:\/\/www.24-7prayer.com\/es\/wp-json\/wp\/v2\/comments?post=157026"}],"version-history":[{"count":3,"href":"https:\/\/www.24-7prayer.com\/es\/wp-json\/wp\/v2\/pages\/157026\/revisions"}],"predecessor-version":[{"id":157033,"href":"https:\/\/www.24-7prayer.com\/es\/wp-json\/wp\/v2\/pages\/157026\/revisions\/157033"}],"wp:attachment":[{"href":"https:\/\/www.24-7prayer.com\/es\/wp-json\/wp\/v2\/media?parent=157026"}],"curies":[{"name":"wp","href":"https:\/\/api.w.org\/{rel}","templated":true}]}}