{"id":15567,"date":"2022-09-07T10:24:42","date_gmt":"2022-09-07T09:24:42","guid":{"rendered":"https:\/\/www.24-7prayer.com\/recursos-para-registrar-una-sala-de-oracion\/"},"modified":"2024-12-05T19:04:34","modified_gmt":"2024-12-05T19:04:34","slug":"recursos-para-registrar-una-sala-de-oracion","status":"publish","type":"page","link":"https:\/\/www.24-7prayer.com\/es\/recursos-para-registrar-una-sala-de-oracion\/","title":{"rendered":"Recursos para registrar una sala de oraci\u00f3n"},"content":{"rendered":"\n<h3 class=\"wp-block-heading has-text-align-center\">\u00a1Enhorabuena por registrar una sala de oraci\u00f3n! <\/h3>\n\n\n\n<p class=\"has-text-align-center\">\u00a1Comencemos a preparar tu sala de oraci\u00f3n! En esta p\u00e1gina encontrar\u00e1s una variedad de recursos para ayudarte a planificar, crear y organizar una Sala de Oraci\u00f3n 24-7.<\/p>\n\n\n\n<div style=\"height:25px\" aria-hidden=\"true\" class=\"wp-block-spacer\"><\/div>\n\n\n\n<div class=\"wp-block-group has-blue-background-color has-background\"><div class=\"wp-block-group__inner-container is-layout-flow wp-block-group-is-layout-flow\">\n<h3 class=\"wp-block-heading has-text-align-center\">Recursos para ayudarte a planificar<\/h3>\n\n\n\n<div style=\"height:30px\" aria-hidden=\"true\" class=\"wp-block-spacer\"><\/div>\n\n\n\n<h5 class=\"wp-block-heading has-text-align-center\"><a href=\"https:\/\/www.24-7prayer.com\/es\/prayer_guide\/pdf-como-oragnizar-una-sala-de-oracion\/\">C\u00f3mo organizar una Sala de Oraci\u00f3n 24-7<\/a><\/h5>\n\n\n\n<p class=\"has-text-align-center\"><em>Manual descargable que contiene todo lo que necesitas saber para organizar una oraci\u00f3n ininterrumpida en tu comunidad.<\/em><\/p>\n\n\n\n<div style=\"height:30px\" aria-hidden=\"true\" class=\"wp-block-spacer\"><\/div>\n\n\n\n<h5 class=\"wp-block-heading has-text-align-center\"><a href=\"https:\/\/www.24-7prayer.com\/admin-prayer-room-help\/\" target=\"_blank\" rel=\"noreferrer noopener\">Preguntas frecuentes sobre la administraci\u00f3n de la sala de oraci\u00f3n<\/a><\/h5>\n\n\n\n<p class=\"has-text-align-center\"><em>Preguntas frecuentes sobre c\u00f3mo actualizar y editar el calendario de la sala de oraci\u00f3n.<\/em><\/p>\n\n\n\n<div style=\"height:30px\" aria-hidden=\"true\" class=\"wp-block-spacer\"><\/div>\n\n\n\n<h5 class=\"wp-block-heading has-text-align-center\"><a href=\"https:\/\/www.24-7prayer.com\/es\/join_in_posts\/como-organizar-una-sala-de-oracion-virtual\/\" target=\"_blank\" rel=\"noreferrer noopener\">C\u00f3mo organizar una sala de oraci\u00f3n virtual<\/a><\/h5>\n\n\n\n<p class=\"has-text-align-center\"><em>\u00bfQuieres que tu sala de oraci\u00f3n sea en l\u00ednea, presencial o ambas? Esta gu\u00eda te ofrece toda la informaci\u00f3n sobre la gesti\u00f3n de un espacio virtual para ayudarte a decidir.<\/em><\/p>\n<\/div><\/div>\n\n\n\n<div style=\"height:25px\" aria-hidden=\"true\" class=\"wp-block-spacer\"><\/div>\n\n\n\n<div class=\"wp-block-group has-yellow-background-color has-background\"><div class=\"wp-block-group__inner-container is-layout-flow wp-block-group-is-layout-flow\">\n<h3 class=\"wp-block-heading has-text-align-center\">Recursos para ayudarte a crear <\/h3>\n\n\n\n<div style=\"height:30px\" aria-hidden=\"true\" class=\"wp-block-spacer\"><\/div>\n\n\n\n<h5 class=\"wp-block-heading has-text-align-center\"><a href=\"https:\/\/www.24-7prayer.com\/es\/como-orar\/ayudanos\/ora-como-iglesia\/\" target=\"_blank\" rel=\"noreferrer noopener nofollow\">Ay\u00fadanos a orar como iglesia<\/a><\/h5>\n\n\n\n<p class=\"has-text-align-center\"><em>Una colecci\u00f3n de gu\u00edas para inspirar la creatividad y ayudar a facilitar la oraci\u00f3n en tu iglesia, \u00a1puedes incluir algunas de estas ideas en tu sala de oraci\u00f3n!<\/em><\/p>\n\n\n\n<div style=\"height:30px\" aria-hidden=\"true\" class=\"wp-block-spacer\"><\/div>\n\n\n\n<h5 class=\"wp-block-heading has-text-align-center\"><a href=\"https:\/\/prayerspacesinschools.com\/product-category\/prayer-activity\/\" target=\"_blank\" rel=\"noreferrer noopener\">Banco de recursos de los espacios de oraci\u00f3n en los colegios<\/a><\/h5>\n\n\n\n<p class=\"has-text-align-center\"><em><em>Enviar a cualquier persona que est\u00e9\u00a0teniendo\u00a0problemas para reservar su espacio en el calendario de inscripci\u00f3n.<\/em><\/em><\/p>\n<\/div><\/div>\n\n\n\n<div style=\"height:25px\" aria-hidden=\"true\" class=\"wp-block-spacer\"><\/div>\n\n\n\n<div class=\"wp-block-group has-red-background-color has-background\"><div class=\"wp-block-group__inner-container is-layout-flow wp-block-group-is-layout-flow\">\n<h3 class=\"wp-block-heading has-text-align-center\">Recursos para ayudarle a organizar<\/h3>\n\n\n\n<div style=\"height:30px\" aria-hidden=\"true\" class=\"wp-block-spacer\"><\/div>\n\n\n\n<h5 class=\"wp-block-heading has-text-align-center\"><a href=\"https:\/\/www.24-7prayer.com\/prayer-room-help\/\" target=\"_blank\" rel=\"noreferrer noopener nofollow\">Preguntas frecuentes sobre las salas de oraci\u00f3n<\/a><\/h5>\n\n\n\n<p class=\"has-text-align-center\"><em><em>Enviar a cualquier persona que est\u00e9\u00a0teniendo\u00a0problemas para reservar su espacio en el calendario de inscripci\u00f3n.<\/em><\/em><\/p>\n<\/div><\/div>\n\n\n\n<div style=\"height:25px\" aria-hidden=\"true\" class=\"wp-block-spacer\"><\/div>\n\n\n\n<p class=\"has-text-align-center has-black-color has-white-background-color has-text-color has-background\"><em><strong>Si tienes alguna pregunta o problema,\u00a0<\/strong><\/em><a href=\"mailto:loida@oracion24-7.com\" target=\"_blank\" rel=\"noreferrer noopener\"><em><strong>env\u00eda un correo electr\u00f3nico a nuestro equipo<\/strong><\/em><\/a><em><strong>: estamos aqu\u00ed para apoyarte mientras oras<\/strong>.<\/em><\/p>\n\n\n\n<div style=\"height:30px\" aria-hidden=\"true\" class=\"wp-block-spacer\"><\/div>\n\n\n\n<h3 class=\"wp-block-heading has-text-align-center\">Dona <\/h3>\n\n\n\n<p class=\"has-text-align-center\">Nuestros recursos y el apoyo de nuestro equipo son gratuitos, y siempre lo ser\u00e1n, gracias a la generosidad de personas como t\u00fa.<\/p>\n\n\n\n<p class=\"has-text-align-center\"><strong>Considera hacer una donaci\u00f3n a Oraci\u00f3n 24-7 de tu parte o de parte de tu comunidad<\/strong><\/p>\n\n\n\n<div class=\"wp-block-buttons is-content-justification-center is-layout-flex wp-container-core-buttons-is-layout-a89b3969 wp-block-buttons-is-layout-flex\">\n<div class=\"wp-block-button has-custom-width wp-block-button__width-50\"><a class=\"wp-block-button__link has-red-background-color has-background wp-element-button\" href=\"https:\/\/www.24-7prayer.com\/es\/dona\/\" target=\"_blank\" rel=\"noreferrer noopener\">Dona<\/a><\/div>\n<\/div>\n\n\n\n<p><\/p>\n","protected":false},"excerpt":{"rendered":"<p>\u00a1Enhorabuena por registrar una sala de oraci\u00f3n! \u00a1Comencemos a preparar tu sala de oraci\u00f3n! En esta p\u00e1gina encontrar\u00e1s una variedad de recursos para ayudarte a planificar, crear y organizar una Sala de Oraci\u00f3n 24-7. Recursos para ayudarte a planificar C\u00f3mo organizar una Sala de Oraci\u00f3n 24-7 Manual descargable que contiene todo lo que necesitas saber [&hellip;]<\/p>\n","protected":false},"author":235,"featured_media":14423,"parent":0,"menu_order":109,"comment_status":"closed","ping_status":"closed","template":"","meta":{"_acf_changed":false,"inline_featured_image":false,"footnotes":""},"class_list":["post-15567","page","type-page","status-publish","has-post-thumbnail","hentry"],"acf":[],"yoast_head":"<!-- This site is optimized with the Yoast SEO plugin v27.4 - https:\/\/yoast.com\/product\/yoast-seo-wordpress\/ -->\n<title>Recursos para registrar una sala de oraci\u00f3n - 24-7 Prayer International<\/title>\n<meta name=\"robots\" content=\"index, follow, max-snippet:-1, max-image-preview:large, max-video-preview:-1\" \/>\n<link rel=\"canonical\" href=\"https:\/\/www.24-7prayer.com\/es\/recursos-para-registrar-una-sala-de-oracion\/\" \/>\n<meta property=\"og:locale\" content=\"es_ES\" \/>\n<meta property=\"og:type\" content=\"article\" \/>\n<meta property=\"og:title\" content=\"Recursos para registrar una sala de oraci\u00f3n - 24-7 Prayer International\" \/>\n<meta property=\"og:description\" content=\"\u00a1Enhorabuena por registrar una sala de oraci\u00f3n! \u00a1Comencemos a preparar tu sala de oraci\u00f3n! En esta p\u00e1gina encontrar\u00e1s una variedad de recursos para ayudarte a planificar, crear y organizar una Sala de Oraci\u00f3n 24-7. Recursos para ayudarte a planificar C\u00f3mo organizar una Sala de Oraci\u00f3n 24-7 Manual descargable que contiene todo lo que necesitas saber [&hellip;]\" \/>\n<meta property=\"og:url\" content=\"https:\/\/www.24-7prayer.com\/es\/recursos-para-registrar-una-sala-de-oracion\/\" \/>\n<meta property=\"og:site_name\" content=\"24-7 Prayer International\" \/>\n<meta property=\"article:modified_time\" content=\"2024-12-05T19:04:34+00:00\" \/>\n<meta property=\"og:image\" content=\"https:\/\/www.24-7prayer.com\/wp-content\/uploads\/2022\/08\/Feature-Image-Prayer-Room-Resources.jpg\" \/>\n\t<meta property=\"og:image:width\" content=\"1920\" \/>\n\t<meta property=\"og:image:height\" content=\"1080\" \/>\n\t<meta property=\"og:image:type\" content=\"image\/jpeg\" \/>\n<meta name=\"twitter:card\" content=\"summary_large_image\" \/>\n<script type=\"application\/ld+json\" class=\"yoast-schema-graph\">{\"@context\":\"https:\\\/\\\/schema.org\",\"@graph\":[{\"@type\":\"WebPage\",\"@id\":\"https:\\\/\\\/www.24-7prayer.com\\\/es\\\/recursos-para-registrar-una-sala-de-oracion\\\/\",\"url\":\"https:\\\/\\\/www.24-7prayer.com\\\/es\\\/recursos-para-registrar-una-sala-de-oracion\\\/\",\"name\":\"Recursos para registrar una sala de oraci\u00f3n - 24-7 Prayer International\",\"isPartOf\":{\"@id\":\"https:\\\/\\\/www.24-7prayer.com\\\/es\\\/#website\"},\"primaryImageOfPage\":{\"@id\":\"https:\\\/\\\/www.24-7prayer.com\\\/es\\\/recursos-para-registrar-una-sala-de-oracion\\\/#primaryimage\"},\"image\":{\"@id\":\"https:\\\/\\\/www.24-7prayer.com\\\/es\\\/recursos-para-registrar-una-sala-de-oracion\\\/#primaryimage\"},\"thumbnailUrl\":\"https:\\\/\\\/www.24-7prayer.com\\\/wp-content\\\/uploads\\\/2022\\\/08\\\/Feature-Image-Prayer-Room-Resources.jpg\",\"datePublished\":\"2022-09-07T09:24:42+00:00\",\"dateModified\":\"2024-12-05T19:04:34+00:00\",\"breadcrumb\":{\"@id\":\"https:\\\/\\\/www.24-7prayer.com\\\/es\\\/recursos-para-registrar-una-sala-de-oracion\\\/#breadcrumb\"},\"inLanguage\":\"es\",\"potentialAction\":[{\"@type\":\"ReadAction\",\"target\":[\"https:\\\/\\\/www.24-7prayer.com\\\/es\\\/recursos-para-registrar-una-sala-de-oracion\\\/\"]}]},{\"@type\":\"ImageObject\",\"inLanguage\":\"es\",\"@id\":\"https:\\\/\\\/www.24-7prayer.com\\\/es\\\/recursos-para-registrar-una-sala-de-oracion\\\/#primaryimage\",\"url\":\"https:\\\/\\\/www.24-7prayer.com\\\/wp-content\\\/uploads\\\/2022\\\/08\\\/Feature-Image-Prayer-Room-Resources.jpg\",\"contentUrl\":\"https:\\\/\\\/www.24-7prayer.com\\\/wp-content\\\/uploads\\\/2022\\\/08\\\/Feature-Image-Prayer-Room-Resources.jpg\",\"width\":1920,\"height\":1080},{\"@type\":\"BreadcrumbList\",\"@id\":\"https:\\\/\\\/www.24-7prayer.com\\\/es\\\/recursos-para-registrar-una-sala-de-oracion\\\/#breadcrumb\",\"itemListElement\":[{\"@type\":\"ListItem\",\"position\":1,\"name\":\"Home\",\"item\":\"https:\\\/\\\/www.24-7prayer.com\\\/es\\\/\"},{\"@type\":\"ListItem\",\"position\":2,\"name\":\"Recursos para registrar una sala de oraci\u00f3n\"}]},{\"@type\":\"WebSite\",\"@id\":\"https:\\\/\\\/www.24-7prayer.com\\\/es\\\/#website\",\"url\":\"https:\\\/\\\/www.24-7prayer.com\\\/es\\\/\",\"name\":\"24-7 Prayer International\",\"description\":\"Prayer Mission Justice\",\"publisher\":{\"@id\":\"https:\\\/\\\/www.24-7prayer.com\\\/es\\\/#organization\"},\"potentialAction\":[{\"@type\":\"SearchAction\",\"target\":{\"@type\":\"EntryPoint\",\"urlTemplate\":\"https:\\\/\\\/www.24-7prayer.com\\\/es\\\/?s={search_term_string}\"},\"query-input\":{\"@type\":\"PropertyValueSpecification\",\"valueRequired\":true,\"valueName\":\"search_term_string\"}}],\"inLanguage\":\"es\"},{\"@type\":\"Organization\",\"@id\":\"https:\\\/\\\/www.24-7prayer.com\\\/es\\\/#organization\",\"name\":\"24-7 Prayer\",\"url\":\"https:\\\/\\\/www.24-7prayer.com\\\/es\\\/\",\"logo\":{\"@type\":\"ImageObject\",\"inLanguage\":\"es\",\"@id\":\"https:\\\/\\\/www.24-7prayer.com\\\/es\\\/#\\\/schema\\\/logo\\\/image\\\/\",\"url\":\"https:\\\/\\\/www.24-7prayer.com\\\/wp-content\\\/uploads\\\/2022\\\/06\\\/logo.png\",\"contentUrl\":\"https:\\\/\\\/www.24-7prayer.com\\\/wp-content\\\/uploads\\\/2022\\\/06\\\/logo.png\",\"width\":302,\"height\":49,\"caption\":\"24-7 Prayer\"},\"image\":{\"@id\":\"https:\\\/\\\/www.24-7prayer.com\\\/es\\\/#\\\/schema\\\/logo\\\/image\\\/\"}}]}<\/script>\n<!-- \/ Yoast SEO plugin. -->","yoast_head_json":{"title":"Recursos para registrar una sala de oraci\u00f3n - 24-7 Prayer International","robots":{"index":"index","follow":"follow","max-snippet":"max-snippet:-1","max-image-preview":"max-image-preview:large","max-video-preview":"max-video-preview:-1"},"canonical":"https:\/\/www.24-7prayer.com\/es\/recursos-para-registrar-una-sala-de-oracion\/","og_locale":"es_ES","og_type":"article","og_title":"Recursos para registrar una sala de oraci\u00f3n - 24-7 Prayer International","og_description":"\u00a1Enhorabuena por registrar una sala de oraci\u00f3n! \u00a1Comencemos a preparar tu sala de oraci\u00f3n! En esta p\u00e1gina encontrar\u00e1s una variedad de recursos para ayudarte a planificar, crear y organizar una Sala de Oraci\u00f3n 24-7. Recursos para ayudarte a planificar C\u00f3mo organizar una Sala de Oraci\u00f3n 24-7 Manual descargable que contiene todo lo que necesitas saber [&hellip;]","og_url":"https:\/\/www.24-7prayer.com\/es\/recursos-para-registrar-una-sala-de-oracion\/","og_site_name":"24-7 Prayer International","article_modified_time":"2024-12-05T19:04:34+00:00","og_image":[{"width":1920,"height":1080,"url":"https:\/\/www.24-7prayer.com\/wp-content\/uploads\/2022\/08\/Feature-Image-Prayer-Room-Resources.jpg","type":"image\/jpeg"}],"twitter_card":"summary_large_image","schema":{"@context":"https:\/\/schema.org","@graph":[{"@type":"WebPage","@id":"https:\/\/www.24-7prayer.com\/es\/recursos-para-registrar-una-sala-de-oracion\/","url":"https:\/\/www.24-7prayer.com\/es\/recursos-para-registrar-una-sala-de-oracion\/","name":"Recursos para registrar una sala de oraci\u00f3n - 24-7 Prayer International","isPartOf":{"@id":"https:\/\/www.24-7prayer.com\/es\/#website"},"primaryImageOfPage":{"@id":"https:\/\/www.24-7prayer.com\/es\/recursos-para-registrar-una-sala-de-oracion\/#primaryimage"},"image":{"@id":"https:\/\/www.24-7prayer.com\/es\/recursos-para-registrar-una-sala-de-oracion\/#primaryimage"},"thumbnailUrl":"https:\/\/www.24-7prayer.com\/wp-content\/uploads\/2022\/08\/Feature-Image-Prayer-Room-Resources.jpg","datePublished":"2022-09-07T09:24:42+00:00","dateModified":"2024-12-05T19:04:34+00:00","breadcrumb":{"@id":"https:\/\/www.24-7prayer.com\/es\/recursos-para-registrar-una-sala-de-oracion\/#breadcrumb"},"inLanguage":"es","potentialAction":[{"@type":"ReadAction","target":["https:\/\/www.24-7prayer.com\/es\/recursos-para-registrar-una-sala-de-oracion\/"]}]},{"@type":"ImageObject","inLanguage":"es","@id":"https:\/\/www.24-7prayer.com\/es\/recursos-para-registrar-una-sala-de-oracion\/#primaryimage","url":"https:\/\/www.24-7prayer.com\/wp-content\/uploads\/2022\/08\/Feature-Image-Prayer-Room-Resources.jpg","contentUrl":"https:\/\/www.24-7prayer.com\/wp-content\/uploads\/2022\/08\/Feature-Image-Prayer-Room-Resources.jpg","width":1920,"height":1080},{"@type":"BreadcrumbList","@id":"https:\/\/www.24-7prayer.com\/es\/recursos-para-registrar-una-sala-de-oracion\/#breadcrumb","itemListElement":[{"@type":"ListItem","position":1,"name":"Home","item":"https:\/\/www.24-7prayer.com\/es\/"},{"@type":"ListItem","position":2,"name":"Recursos para registrar una sala de oraci\u00f3n"}]},{"@type":"WebSite","@id":"https:\/\/www.24-7prayer.com\/es\/#website","url":"https:\/\/www.24-7prayer.com\/es\/","name":"24-7 Prayer International","description":"Prayer Mission Justice","publisher":{"@id":"https:\/\/www.24-7prayer.com\/es\/#organization"},"potentialAction":[{"@type":"SearchAction","target":{"@type":"EntryPoint","urlTemplate":"https:\/\/www.24-7prayer.com\/es\/?s={search_term_string}"},"query-input":{"@type":"PropertyValueSpecification","valueRequired":true,"valueName":"search_term_string"}}],"inLanguage":"es"},{"@type":"Organization","@id":"https:\/\/www.24-7prayer.com\/es\/#organization","name":"24-7 Prayer","url":"https:\/\/www.24-7prayer.com\/es\/","logo":{"@type":"ImageObject","inLanguage":"es","@id":"https:\/\/www.24-7prayer.com\/es\/#\/schema\/logo\/image\/","url":"https:\/\/www.24-7prayer.com\/wp-content\/uploads\/2022\/06\/logo.png","contentUrl":"https:\/\/www.24-7prayer.com\/wp-content\/uploads\/2022\/06\/logo.png","width":302,"height":49,"caption":"24-7 Prayer"},"image":{"@id":"https:\/\/www.24-7prayer.com\/es\/#\/schema\/logo\/image\/"}}]}},"_links":{"self":[{"href":"https:\/\/www.24-7prayer.com\/es\/wp-json\/wp\/v2\/pages\/15567","targetHints":{"allow":["GET"]}}],"collection":[{"href":"https:\/\/www.24-7prayer.com\/es\/wp-json\/wp\/v2\/pages"}],"about":[{"href":"https:\/\/www.24-7prayer.com\/es\/wp-json\/wp\/v2\/types\/page"}],"author":[{"embeddable":true,"href":"https:\/\/www.24-7prayer.com\/es\/wp-json\/wp\/v2\/users\/235"}],"replies":[{"embeddable":true,"href":"https:\/\/www.24-7prayer.com\/es\/wp-json\/wp\/v2\/comments?post=15567"}],"version-history":[{"count":6,"href":"https:\/\/www.24-7prayer.com\/es\/wp-json\/wp\/v2\/pages\/15567\/revisions"}],"predecessor-version":[{"id":137156,"href":"https:\/\/www.24-7prayer.com\/es\/wp-json\/wp\/v2\/pages\/15567\/revisions\/137156"}],"wp:featuredmedia":[{"embeddable":true,"href":"https:\/\/www.24-7prayer.com\/es\/wp-json\/wp\/v2\/media\/14423"}],"wp:attachment":[{"href":"https:\/\/www.24-7prayer.com\/es\/wp-json\/wp\/v2\/media?parent=15567"}],"curies":[{"name":"wp","href":"https:\/\/api.w.org\/{rel}","templated":true}]}}