{"id":150621,"date":"2025-01-31T09:38:59","date_gmt":"2025-01-31T09:38:59","guid":{"rendered":"https:\/\/www.24-7prayer.com\/weekofprayer\/"},"modified":"2025-07-12T14:01:38","modified_gmt":"2025-07-12T13:01:38","slug":"semanadeoracion","status":"publish","type":"page","link":"https:\/\/www.24-7prayer.com\/es\/semanadeoracion\/","title":{"rendered":"Semana global de Oraci\u00f3n 24-7"},"content":{"rendered":"\n<h2 class=\"wp-block-heading\">Oraci\u00f3n ininterrumpida en cada naci\u00f3n de la Tierra<\/h2>\n\n\n\n<p>Del 1 al 7 de septiembre queremos invitar a la Iglesia mundial a orar sin parar por cada naci\u00f3n de la Tierra. Lo hemos llamado la\u00a0<strong>Semana global de oraci\u00f3n<\/strong> y est\u00e1s invitado a participar<\/p>\n\n\n\n<p>Ya reservas un hueco para orar. \u00bfY si tus oraciones se convirtieran en parte de un movimiento global? Ya sea por tu comunidad o por otro rinc\u00f3n del mundo, orar juntos tiene poder.<\/p>\n\n\n\n<div class=\"wp-block-buttons is-content-justification-center is-layout-flex wp-container-core-buttons-is-layout-c124d1c4 wp-block-buttons-is-layout-flex\">\n<div class=\"wp-block-button\"><a class=\"wp-block-button__link wp-element-button\" href=\"https:\/\/pray.24-7prayer.com\/prayer-rooms\/register-global-week-of-prayer?_gl=1*1qt2m5j*_gcl_au*MTE4NTI1MTM2My4xNzQ3NzY5Nzc4*_ga*NDQxOTk4NTY1LjE3MjY2NjAwMzE.*_ga_EP7TTC0T8Z*czE3NTE5ODg2OTUkbzQ1MyRnMSR0MTc1MTk4ODk1NiRqNjAkbDAkaDA.\">Inscr\u00edbete<\/a><\/div>\n\n\n\n<div class=\"wp-block-button is-style-fill\"><a class=\"wp-block-button__link has-text-align-center wp-element-button\" href=\"https:\/\/www.24-7prayer.com\/help-us-connect-with-more-nations\/\" style=\"border-style:none;border-width:0px\">Alcanza una naci\u00f3n<\/a><\/div>\n\n\n\n<div class=\"wp-block-button\"><a class=\"wp-block-button__link wp-element-button\" href=\"https:\/\/www.24-7prayer.com\/invite-someone-to-the-global-week-of-prayer\/\">Invita<\/a><\/div>\n<\/div>\n\n\n\n<p><\/p>\n","protected":false},"excerpt":{"rendered":"<p>Oraci\u00f3n ininterrumpida en cada naci\u00f3n de la Tierra Del 1 al 7 de septiembre queremos invitar a la Iglesia mundial a orar sin parar por cada naci\u00f3n de la Tierra. Lo hemos llamado la\u00a0Semana global de oraci\u00f3n y est\u00e1s invitado a participar Ya reservas un hueco para orar. \u00bfY si tus oraciones se convirtieran en [&hellip;]<\/p>\n","protected":false},"author":1,"featured_media":0,"parent":0,"menu_order":28,"comment_status":"closed","ping_status":"closed","template":"page-templates\/gwofp-landing.php","meta":{"_acf_changed":false,"inline_featured_image":false,"footnotes":""},"class_list":["post-150621","page","type-page","status-publish","hentry"],"acf":[],"yoast_head":"<!-- This site is optimized with the Yoast SEO plugin v27.3 - https:\/\/yoast.com\/product\/yoast-seo-wordpress\/ -->\n<title>Semana global de Oraci\u00f3n 24-7 - 24-7 Prayer International<\/title>\n<meta name=\"description\" content=\"\u00danete a nosotros del 1 al 7 de septiembre para declarar la grandeza de Dios sobre la tierra, con una sala de oraci\u00f3n f\u00edsica en cada naci\u00f3n que acoger\u00e1 oraciones ininterrumpidas.\" \/>\n<meta name=\"robots\" content=\"index, follow, max-snippet:-1, max-image-preview:large, max-video-preview:-1\" \/>\n<link rel=\"canonical\" href=\"https:\/\/www.24-7prayer.com\/es\/semanadeoracion\/\" \/>\n<meta property=\"og:locale\" content=\"es_ES\" \/>\n<meta property=\"og:type\" content=\"article\" \/>\n<meta property=\"og:title\" content=\"Semana global de Oraci\u00f3n 24-7 - 24-7 Prayer International\" \/>\n<meta property=\"og:description\" content=\"\u00danete a nosotros del 1 al 7 de septiembre para declarar la grandeza de Dios sobre la tierra, con una sala de oraci\u00f3n f\u00edsica en cada naci\u00f3n que acoger\u00e1 oraciones ininterrumpidas.\" \/>\n<meta property=\"og:url\" content=\"https:\/\/www.24-7prayer.com\/es\/semanadeoracion\/\" \/>\n<meta property=\"og:site_name\" content=\"24-7 Prayer International\" \/>\n<meta property=\"article:modified_time\" content=\"2025-07-12T13:01:38+00:00\" \/>\n<meta name=\"twitter:card\" content=\"summary_large_image\" \/>\n<script type=\"application\/ld+json\" class=\"yoast-schema-graph\">{\"@context\":\"https:\\\/\\\/schema.org\",\"@graph\":[{\"@type\":\"WebPage\",\"@id\":\"https:\\\/\\\/www.24-7prayer.com\\\/es\\\/semanadeoracion\\\/\",\"url\":\"https:\\\/\\\/www.24-7prayer.com\\\/es\\\/semanadeoracion\\\/\",\"name\":\"Semana global de Oraci\u00f3n 24-7 - 24-7 Prayer International\",\"isPartOf\":{\"@id\":\"https:\\\/\\\/www.24-7prayer.com\\\/es\\\/#website\"},\"datePublished\":\"2025-01-31T09:38:59+00:00\",\"dateModified\":\"2025-07-12T13:01:38+00:00\",\"description\":\"\u00danete a nosotros del 1 al 7 de septiembre para declarar la grandeza de Dios sobre la tierra, con una sala de oraci\u00f3n f\u00edsica en cada naci\u00f3n que acoger\u00e1 oraciones ininterrumpidas.\",\"breadcrumb\":{\"@id\":\"https:\\\/\\\/www.24-7prayer.com\\\/es\\\/semanadeoracion\\\/#breadcrumb\"},\"inLanguage\":\"es\",\"potentialAction\":[{\"@type\":\"ReadAction\",\"target\":[\"https:\\\/\\\/www.24-7prayer.com\\\/es\\\/semanadeoracion\\\/\"]}]},{\"@type\":\"BreadcrumbList\",\"@id\":\"https:\\\/\\\/www.24-7prayer.com\\\/es\\\/semanadeoracion\\\/#breadcrumb\",\"itemListElement\":[{\"@type\":\"ListItem\",\"position\":1,\"name\":\"Home\",\"item\":\"https:\\\/\\\/www.24-7prayer.com\\\/es\\\/\"},{\"@type\":\"ListItem\",\"position\":2,\"name\":\"Semana global de Oraci\u00f3n 24-7\"}]},{\"@type\":\"WebSite\",\"@id\":\"https:\\\/\\\/www.24-7prayer.com\\\/es\\\/#website\",\"url\":\"https:\\\/\\\/www.24-7prayer.com\\\/es\\\/\",\"name\":\"24-7 Prayer International\",\"description\":\"Prayer Mission Justice\",\"publisher\":{\"@id\":\"https:\\\/\\\/www.24-7prayer.com\\\/es\\\/#organization\"},\"potentialAction\":[{\"@type\":\"SearchAction\",\"target\":{\"@type\":\"EntryPoint\",\"urlTemplate\":\"https:\\\/\\\/www.24-7prayer.com\\\/es\\\/?s={search_term_string}\"},\"query-input\":{\"@type\":\"PropertyValueSpecification\",\"valueRequired\":true,\"valueName\":\"search_term_string\"}}],\"inLanguage\":\"es\"},{\"@type\":\"Organization\",\"@id\":\"https:\\\/\\\/www.24-7prayer.com\\\/es\\\/#organization\",\"name\":\"24-7 Prayer\",\"url\":\"https:\\\/\\\/www.24-7prayer.com\\\/es\\\/\",\"logo\":{\"@type\":\"ImageObject\",\"inLanguage\":\"es\",\"@id\":\"https:\\\/\\\/www.24-7prayer.com\\\/es\\\/#\\\/schema\\\/logo\\\/image\\\/\",\"url\":\"https:\\\/\\\/www.24-7prayer.com\\\/wp-content\\\/uploads\\\/2022\\\/06\\\/logo.png\",\"contentUrl\":\"https:\\\/\\\/www.24-7prayer.com\\\/wp-content\\\/uploads\\\/2022\\\/06\\\/logo.png\",\"width\":302,\"height\":49,\"caption\":\"24-7 Prayer\"},\"image\":{\"@id\":\"https:\\\/\\\/www.24-7prayer.com\\\/es\\\/#\\\/schema\\\/logo\\\/image\\\/\"}}]}<\/script>\n<!-- \/ Yoast SEO plugin. -->","yoast_head_json":{"title":"Semana global de Oraci\u00f3n 24-7 - 24-7 Prayer International","description":"\u00danete a nosotros del 1 al 7 de septiembre para declarar la grandeza de Dios sobre la tierra, con una sala de oraci\u00f3n f\u00edsica en cada naci\u00f3n que acoger\u00e1 oraciones ininterrumpidas.","robots":{"index":"index","follow":"follow","max-snippet":"max-snippet:-1","max-image-preview":"max-image-preview:large","max-video-preview":"max-video-preview:-1"},"canonical":"https:\/\/www.24-7prayer.com\/es\/semanadeoracion\/","og_locale":"es_ES","og_type":"article","og_title":"Semana global de Oraci\u00f3n 24-7 - 24-7 Prayer International","og_description":"\u00danete a nosotros del 1 al 7 de septiembre para declarar la grandeza de Dios sobre la tierra, con una sala de oraci\u00f3n f\u00edsica en cada naci\u00f3n que acoger\u00e1 oraciones ininterrumpidas.","og_url":"https:\/\/www.24-7prayer.com\/es\/semanadeoracion\/","og_site_name":"24-7 Prayer International","article_modified_time":"2025-07-12T13:01:38+00:00","twitter_card":"summary_large_image","schema":{"@context":"https:\/\/schema.org","@graph":[{"@type":"WebPage","@id":"https:\/\/www.24-7prayer.com\/es\/semanadeoracion\/","url":"https:\/\/www.24-7prayer.com\/es\/semanadeoracion\/","name":"Semana global de Oraci\u00f3n 24-7 - 24-7 Prayer International","isPartOf":{"@id":"https:\/\/www.24-7prayer.com\/es\/#website"},"datePublished":"2025-01-31T09:38:59+00:00","dateModified":"2025-07-12T13:01:38+00:00","description":"\u00danete a nosotros del 1 al 7 de septiembre para declarar la grandeza de Dios sobre la tierra, con una sala de oraci\u00f3n f\u00edsica en cada naci\u00f3n que acoger\u00e1 oraciones ininterrumpidas.","breadcrumb":{"@id":"https:\/\/www.24-7prayer.com\/es\/semanadeoracion\/#breadcrumb"},"inLanguage":"es","potentialAction":[{"@type":"ReadAction","target":["https:\/\/www.24-7prayer.com\/es\/semanadeoracion\/"]}]},{"@type":"BreadcrumbList","@id":"https:\/\/www.24-7prayer.com\/es\/semanadeoracion\/#breadcrumb","itemListElement":[{"@type":"ListItem","position":1,"name":"Home","item":"https:\/\/www.24-7prayer.com\/es\/"},{"@type":"ListItem","position":2,"name":"Semana global de Oraci\u00f3n 24-7"}]},{"@type":"WebSite","@id":"https:\/\/www.24-7prayer.com\/es\/#website","url":"https:\/\/www.24-7prayer.com\/es\/","name":"24-7 Prayer International","description":"Prayer Mission Justice","publisher":{"@id":"https:\/\/www.24-7prayer.com\/es\/#organization"},"potentialAction":[{"@type":"SearchAction","target":{"@type":"EntryPoint","urlTemplate":"https:\/\/www.24-7prayer.com\/es\/?s={search_term_string}"},"query-input":{"@type":"PropertyValueSpecification","valueRequired":true,"valueName":"search_term_string"}}],"inLanguage":"es"},{"@type":"Organization","@id":"https:\/\/www.24-7prayer.com\/es\/#organization","name":"24-7 Prayer","url":"https:\/\/www.24-7prayer.com\/es\/","logo":{"@type":"ImageObject","inLanguage":"es","@id":"https:\/\/www.24-7prayer.com\/es\/#\/schema\/logo\/image\/","url":"https:\/\/www.24-7prayer.com\/wp-content\/uploads\/2022\/06\/logo.png","contentUrl":"https:\/\/www.24-7prayer.com\/wp-content\/uploads\/2022\/06\/logo.png","width":302,"height":49,"caption":"24-7 Prayer"},"image":{"@id":"https:\/\/www.24-7prayer.com\/es\/#\/schema\/logo\/image\/"}}]}},"_links":{"self":[{"href":"https:\/\/www.24-7prayer.com\/es\/wp-json\/wp\/v2\/pages\/150621","targetHints":{"allow":["GET"]}}],"collection":[{"href":"https:\/\/www.24-7prayer.com\/es\/wp-json\/wp\/v2\/pages"}],"about":[{"href":"https:\/\/www.24-7prayer.com\/es\/wp-json\/wp\/v2\/types\/page"}],"author":[{"embeddable":true,"href":"https:\/\/www.24-7prayer.com\/es\/wp-json\/wp\/v2\/users\/1"}],"replies":[{"embeddable":true,"href":"https:\/\/www.24-7prayer.com\/es\/wp-json\/wp\/v2\/comments?post=150621"}],"version-history":[{"count":3,"href":"https:\/\/www.24-7prayer.com\/es\/wp-json\/wp\/v2\/pages\/150621\/revisions"}],"predecessor-version":[{"id":150627,"href":"https:\/\/www.24-7prayer.com\/es\/wp-json\/wp\/v2\/pages\/150621\/revisions\/150627"}],"wp:attachment":[{"href":"https:\/\/www.24-7prayer.com\/es\/wp-json\/wp\/v2\/media?parent=150621"}],"curies":[{"name":"wp","href":"https:\/\/api.w.org\/{rel}","templated":true}]}}