{"id":144878,"date":"2025-03-12T16:10:52","date_gmt":"2025-03-12T16:10:52","guid":{"rendered":"https:\/\/www.24-7prayer.com\/?page_id=144878"},"modified":"2025-03-12T16:11:01","modified_gmt":"2025-03-12T16:11:01","slug":"mapa-de-las-salas-de-oracion","status":"publish","type":"page","link":"https:\/\/www.24-7prayer.com\/es\/mapa-de-las-salas-de-oracion\/","title":{"rendered":"Mapa de las salas de oraci\u00f3n"},"content":{"rendered":"\n<p>Encuentra m\u00e1s informaci\u00f3n sobre las salas de oraci\u00f3n 24-7 en el mapa interactivo que aparece a continuaci\u00f3n.<\/p>\n\n\n\n<div class=\"wp-block-buttons is-content-justification-center is-layout-flex wp-container-core-buttons-is-layout-a89b3969 wp-block-buttons-is-layout-flex\">\n<div class=\"wp-block-button\"><a class=\"wp-block-button__link wp-element-button\" href=\"https:\/\/pray.24-7prayer.com\/prayer-rooms\">Ver la lista de salas de oraci\u00f3n<\/a><\/div>\n<\/div>\n","protected":false},"excerpt":{"rendered":"<p>Encuentra m\u00e1s informaci\u00f3n sobre las salas de oraci\u00f3n 24-7 en el mapa interactivo que aparece a continuaci\u00f3n.<\/p>\n","protected":false},"author":216,"featured_media":0,"parent":0,"menu_order":126,"comment_status":"closed","ping_status":"closed","template":"page-templates\/prayer-rooms-map.php","meta":{"_acf_changed":false,"inline_featured_image":false,"footnotes":""},"class_list":["post-144878","page","type-page","status-publish","hentry"],"acf":[],"yoast_head":"<!-- This site is optimized with the Yoast SEO plugin v27.3 - https:\/\/yoast.com\/product\/yoast-seo-wordpress\/ -->\n<title>Mapa de las salas de oraci\u00f3n - 24-7 Prayer International<\/title>\n<meta name=\"robots\" content=\"index, follow, max-snippet:-1, max-image-preview:large, max-video-preview:-1\" \/>\n<link rel=\"canonical\" href=\"https:\/\/www.24-7prayer.com\/es\/mapa-de-las-salas-de-oracion\/\" \/>\n<meta property=\"og:locale\" content=\"es_ES\" \/>\n<meta property=\"og:type\" content=\"article\" \/>\n<meta property=\"og:title\" content=\"Mapa de las salas de oraci\u00f3n - 24-7 Prayer International\" \/>\n<meta property=\"og:description\" content=\"Encuentra m\u00e1s informaci\u00f3n sobre las salas de oraci\u00f3n 24-7 en el mapa interactivo que aparece a continuaci\u00f3n.\" \/>\n<meta property=\"og:url\" content=\"https:\/\/www.24-7prayer.com\/es\/mapa-de-las-salas-de-oracion\/\" \/>\n<meta property=\"og:site_name\" content=\"24-7 Prayer International\" \/>\n<meta property=\"article:modified_time\" content=\"2025-03-12T16:11:01+00:00\" \/>\n<meta name=\"twitter:card\" content=\"summary_large_image\" \/>\n<script type=\"application\/ld+json\" class=\"yoast-schema-graph\">{\"@context\":\"https:\\\/\\\/schema.org\",\"@graph\":[{\"@type\":\"WebPage\",\"@id\":\"https:\\\/\\\/www.24-7prayer.com\\\/es\\\/mapa-de-las-salas-de-oracion\\\/\",\"url\":\"https:\\\/\\\/www.24-7prayer.com\\\/es\\\/mapa-de-las-salas-de-oracion\\\/\",\"name\":\"Mapa de las salas de oraci\u00f3n - 24-7 Prayer International\",\"isPartOf\":{\"@id\":\"https:\\\/\\\/www.24-7prayer.com\\\/es\\\/#website\"},\"datePublished\":\"2025-03-12T16:10:52+00:00\",\"dateModified\":\"2025-03-12T16:11:01+00:00\",\"breadcrumb\":{\"@id\":\"https:\\\/\\\/www.24-7prayer.com\\\/es\\\/mapa-de-las-salas-de-oracion\\\/#breadcrumb\"},\"inLanguage\":\"es\",\"potentialAction\":[{\"@type\":\"ReadAction\",\"target\":[\"https:\\\/\\\/www.24-7prayer.com\\\/es\\\/mapa-de-las-salas-de-oracion\\\/\"]}]},{\"@type\":\"BreadcrumbList\",\"@id\":\"https:\\\/\\\/www.24-7prayer.com\\\/es\\\/mapa-de-las-salas-de-oracion\\\/#breadcrumb\",\"itemListElement\":[{\"@type\":\"ListItem\",\"position\":1,\"name\":\"Home\",\"item\":\"https:\\\/\\\/www.24-7prayer.com\\\/es\\\/\"},{\"@type\":\"ListItem\",\"position\":2,\"name\":\"Mapa de las salas de oraci\u00f3n\"}]},{\"@type\":\"WebSite\",\"@id\":\"https:\\\/\\\/www.24-7prayer.com\\\/es\\\/#website\",\"url\":\"https:\\\/\\\/www.24-7prayer.com\\\/es\\\/\",\"name\":\"24-7 Prayer International\",\"description\":\"Prayer Mission Justice\",\"publisher\":{\"@id\":\"https:\\\/\\\/www.24-7prayer.com\\\/es\\\/#organization\"},\"potentialAction\":[{\"@type\":\"SearchAction\",\"target\":{\"@type\":\"EntryPoint\",\"urlTemplate\":\"https:\\\/\\\/www.24-7prayer.com\\\/es\\\/?s={search_term_string}\"},\"query-input\":{\"@type\":\"PropertyValueSpecification\",\"valueRequired\":true,\"valueName\":\"search_term_string\"}}],\"inLanguage\":\"es\"},{\"@type\":\"Organization\",\"@id\":\"https:\\\/\\\/www.24-7prayer.com\\\/es\\\/#organization\",\"name\":\"24-7 Prayer\",\"url\":\"https:\\\/\\\/www.24-7prayer.com\\\/es\\\/\",\"logo\":{\"@type\":\"ImageObject\",\"inLanguage\":\"es\",\"@id\":\"https:\\\/\\\/www.24-7prayer.com\\\/es\\\/#\\\/schema\\\/logo\\\/image\\\/\",\"url\":\"https:\\\/\\\/www.24-7prayer.com\\\/wp-content\\\/uploads\\\/2022\\\/06\\\/logo.png\",\"contentUrl\":\"https:\\\/\\\/www.24-7prayer.com\\\/wp-content\\\/uploads\\\/2022\\\/06\\\/logo.png\",\"width\":302,\"height\":49,\"caption\":\"24-7 Prayer\"},\"image\":{\"@id\":\"https:\\\/\\\/www.24-7prayer.com\\\/es\\\/#\\\/schema\\\/logo\\\/image\\\/\"}}]}<\/script>\n<!-- \/ Yoast SEO plugin. -->","yoast_head_json":{"title":"Mapa de las salas de oraci\u00f3n - 24-7 Prayer International","robots":{"index":"index","follow":"follow","max-snippet":"max-snippet:-1","max-image-preview":"max-image-preview:large","max-video-preview":"max-video-preview:-1"},"canonical":"https:\/\/www.24-7prayer.com\/es\/mapa-de-las-salas-de-oracion\/","og_locale":"es_ES","og_type":"article","og_title":"Mapa de las salas de oraci\u00f3n - 24-7 Prayer International","og_description":"Encuentra m\u00e1s informaci\u00f3n sobre las salas de oraci\u00f3n 24-7 en el mapa interactivo que aparece a continuaci\u00f3n.","og_url":"https:\/\/www.24-7prayer.com\/es\/mapa-de-las-salas-de-oracion\/","og_site_name":"24-7 Prayer International","article_modified_time":"2025-03-12T16:11:01+00:00","twitter_card":"summary_large_image","schema":{"@context":"https:\/\/schema.org","@graph":[{"@type":"WebPage","@id":"https:\/\/www.24-7prayer.com\/es\/mapa-de-las-salas-de-oracion\/","url":"https:\/\/www.24-7prayer.com\/es\/mapa-de-las-salas-de-oracion\/","name":"Mapa de las salas de oraci\u00f3n - 24-7 Prayer International","isPartOf":{"@id":"https:\/\/www.24-7prayer.com\/es\/#website"},"datePublished":"2025-03-12T16:10:52+00:00","dateModified":"2025-03-12T16:11:01+00:00","breadcrumb":{"@id":"https:\/\/www.24-7prayer.com\/es\/mapa-de-las-salas-de-oracion\/#breadcrumb"},"inLanguage":"es","potentialAction":[{"@type":"ReadAction","target":["https:\/\/www.24-7prayer.com\/es\/mapa-de-las-salas-de-oracion\/"]}]},{"@type":"BreadcrumbList","@id":"https:\/\/www.24-7prayer.com\/es\/mapa-de-las-salas-de-oracion\/#breadcrumb","itemListElement":[{"@type":"ListItem","position":1,"name":"Home","item":"https:\/\/www.24-7prayer.com\/es\/"},{"@type":"ListItem","position":2,"name":"Mapa de las salas de oraci\u00f3n"}]},{"@type":"WebSite","@id":"https:\/\/www.24-7prayer.com\/es\/#website","url":"https:\/\/www.24-7prayer.com\/es\/","name":"24-7 Prayer International","description":"Prayer Mission Justice","publisher":{"@id":"https:\/\/www.24-7prayer.com\/es\/#organization"},"potentialAction":[{"@type":"SearchAction","target":{"@type":"EntryPoint","urlTemplate":"https:\/\/www.24-7prayer.com\/es\/?s={search_term_string}"},"query-input":{"@type":"PropertyValueSpecification","valueRequired":true,"valueName":"search_term_string"}}],"inLanguage":"es"},{"@type":"Organization","@id":"https:\/\/www.24-7prayer.com\/es\/#organization","name":"24-7 Prayer","url":"https:\/\/www.24-7prayer.com\/es\/","logo":{"@type":"ImageObject","inLanguage":"es","@id":"https:\/\/www.24-7prayer.com\/es\/#\/schema\/logo\/image\/","url":"https:\/\/www.24-7prayer.com\/wp-content\/uploads\/2022\/06\/logo.png","contentUrl":"https:\/\/www.24-7prayer.com\/wp-content\/uploads\/2022\/06\/logo.png","width":302,"height":49,"caption":"24-7 Prayer"},"image":{"@id":"https:\/\/www.24-7prayer.com\/es\/#\/schema\/logo\/image\/"}}]}},"_links":{"self":[{"href":"https:\/\/www.24-7prayer.com\/es\/wp-json\/wp\/v2\/pages\/144878","targetHints":{"allow":["GET"]}}],"collection":[{"href":"https:\/\/www.24-7prayer.com\/es\/wp-json\/wp\/v2\/pages"}],"about":[{"href":"https:\/\/www.24-7prayer.com\/es\/wp-json\/wp\/v2\/types\/page"}],"author":[{"embeddable":true,"href":"https:\/\/www.24-7prayer.com\/es\/wp-json\/wp\/v2\/users\/216"}],"replies":[{"embeddable":true,"href":"https:\/\/www.24-7prayer.com\/es\/wp-json\/wp\/v2\/comments?post=144878"}],"version-history":[{"count":2,"href":"https:\/\/www.24-7prayer.com\/es\/wp-json\/wp\/v2\/pages\/144878\/revisions"}],"predecessor-version":[{"id":144882,"href":"https:\/\/www.24-7prayer.com\/es\/wp-json\/wp\/v2\/pages\/144878\/revisions\/144882"}],"wp:attachment":[{"href":"https:\/\/www.24-7prayer.com\/es\/wp-json\/wp\/v2\/media?parent=144878"}],"curies":[{"name":"wp","href":"https:\/\/api.w.org\/{rel}","templated":true}]}}