{"id":144120,"date":"2024-02-09T14:06:44","date_gmt":"2024-02-09T14:06:44","guid":{"rendered":"https:\/\/www.24-7prayer.com\/lent-and-easter-prayers\/"},"modified":"2025-03-12T17:47:08","modified_gmt":"2025-03-12T17:47:08","slug":"oraciones-de-cuaresma-y-semana-santa","status":"publish","type":"page","link":"https:\/\/www.24-7prayer.com\/es\/oraciones-de-cuaresma-y-semana-santa\/","title":{"rendered":"Oraciones de Cuaresma y Semana Santa"},"content":{"rendered":"\n<h6 class=\"wp-block-heading\">Explora los recursos para orar durante Cuaresma, Semana Santa y Pascua.<\/h6>\n\n\n\n<p>Actividades creativas de oraci\u00f3n, devocionales y series para ayudarte a profundizar en la oraci\u00f3n durante la Cuaresma y la Semana Santa.<\/p>\n\n\n\n<div style=\"height:50px\" aria-hidden=\"true\" class=\"wp-block-spacer\"><\/div>\n\n\n\n<div class=\"wp-block-media-text is-stacked-on-mobile is-vertically-aligned-center\"><figure class=\"wp-block-media-text__media\"><img loading=\"lazy\" decoding=\"async\" width=\"530\" height=\"530\" src=\"https:\/\/www.24-7prayer.com\/wp-content\/uploads\/2025\/03\/semana-santa-recursos-sqr.jpg\" alt=\"\" class=\"wp-image-144146 size-full\" srcset=\"https:\/\/www.24-7prayer.com\/wp-content\/uploads\/2025\/03\/semana-santa-recursos-sqr.jpg 530w, https:\/\/www.24-7prayer.com\/wp-content\/uploads\/2025\/03\/semana-santa-recursos-sqr-150x150.jpg 150w, https:\/\/www.24-7prayer.com\/wp-content\/uploads\/2025\/03\/semana-santa-recursos-sqr-300x300.jpg 300w, https:\/\/www.24-7prayer.com\/wp-content\/uploads\/2025\/03\/semana-santa-recursos-sqr-500x500.jpg 500w, https:\/\/www.24-7prayer.com\/wp-content\/uploads\/2025\/03\/semana-santa-recursos-sqr-100x100.jpg 100w\" sizes=\"auto, (max-width: 530px) 100vw, 530px\" \/><\/figure><div class=\"wp-block-media-text__content\">\n<h4 class=\"wp-block-heading\">Actividades para Semana Santa<\/h4>\n\n\n\n<p>Estas actividades de oraci\u00f3n, inspiradas en diferentes momentos de los \u00faltimos d\u00edas de Jes\u00fas antes de la Crucifixi\u00f3n y la Resurrecci\u00f3n, nos ayudan a centrar nuestros corazones y mentes durante esta \u00e9poca.<\/p>\n\n\n\n<p>Est\u00e1n dise\u00f1adas para ser adaptables, de modo que puedes utilizarlas en tu casa, solo o con tu familia; o pueden formar parte de una sala de oraci\u00f3n comunitaria.<\/p>\n\n\n\n<div class=\"wp-block-buttons is-layout-flex wp-block-buttons-is-layout-flex\">\n<div class=\"wp-block-button\"><a class=\"wp-block-button__link wp-element-button\" href=\"https:\/\/www.24-7prayer.com\/es\/resource\/actividades-de-oracion-para-semana-santa\/\" target=\"_blank\" rel=\"noreferrer noopener\">Consigue la Gu\u00eda<\/a><\/div>\n<\/div>\n<\/div><\/div>\n\n\n\n<div style=\"height:50px\" aria-hidden=\"true\" class=\"wp-block-spacer\"><\/div>\n\n\n\n<div class=\"wp-block-cover\"><span aria-hidden=\"true\" class=\"wp-block-cover__background has-black-background-color has-background-dim\"><\/span><img loading=\"lazy\" decoding=\"async\" width=\"2320\" height=\"1200\" class=\"wp-block-cover__image-background wp-image-144730\" alt=\"\" src=\"https:\/\/www.24-7prayer.com\/wp-content\/uploads\/2025\/03\/prayer-room-pdf-web.jpg\" data-object-fit=\"cover\" srcset=\"https:\/\/www.24-7prayer.com\/wp-content\/uploads\/2025\/03\/prayer-room-pdf-web.jpg 2320w, https:\/\/www.24-7prayer.com\/wp-content\/uploads\/2025\/03\/prayer-room-pdf-web-800x414.jpg 800w, https:\/\/www.24-7prayer.com\/wp-content\/uploads\/2025\/03\/prayer-room-pdf-web-1024x530.jpg 1024w, https:\/\/www.24-7prayer.com\/wp-content\/uploads\/2025\/03\/prayer-room-pdf-web-768x397.jpg 768w, https:\/\/www.24-7prayer.com\/wp-content\/uploads\/2025\/03\/prayer-room-pdf-web-1536x794.jpg 1536w, https:\/\/www.24-7prayer.com\/wp-content\/uploads\/2025\/03\/prayer-room-pdf-web-2048x1059.jpg 2048w, https:\/\/www.24-7prayer.com\/wp-content\/uploads\/2025\/03\/prayer-room-pdf-web-600x310.jpg 600w\" sizes=\"auto, (max-width: 2320px) 100vw, 2320px\" \/><div class=\"wp-block-cover__inner-container is-layout-constrained wp-block-cover-is-layout-constrained\">\n<div style=\"height:40px\" aria-hidden=\"true\" class=\"wp-block-spacer\"><\/div>\n\n\n\n<div class=\"wp-block-columns is-layout-flex wp-container-core-columns-is-layout-28f84493 wp-block-columns-is-layout-flex\">\n<div class=\"wp-block-column is-layout-flow wp-block-column-is-layout-flow\" style=\"flex-basis:2%\">\n<p><\/p>\n<\/div>\n\n\n\n<div class=\"wp-block-column is-layout-flow wp-block-column-is-layout-flow\" style=\"flex-basis:66.66%\">\n<h3 class=\"wp-block-heading\">\u00bfNunca has dirigido una sala de oraci\u00f3n 24-7?<\/h3>\n\n\n\n<p>\u00a1La Pascua es un momento incre\u00edble para empezar! Descubre c\u00f3mo puedes activar la oraci\u00f3n en tu comunidad:<\/p>\n\n\n\n<div style=\"height:10px\" aria-hidden=\"true\" class=\"wp-block-spacer\"><\/div>\n\n\n\n<div class=\"wp-block-buttons is-content-justification-left is-layout-flex wp-container-core-buttons-is-layout-fc4fd283 wp-block-buttons-is-layout-flex\">\n<div class=\"wp-block-button\"><a class=\"wp-block-button__link has-red-background-color has-background wp-element-button\" href=\"https:\/\/www.24-7prayer.com\/wp-content\/uploads\/2025\/10\/Como-llevar-una-sala-de-oracion.pdf\">Descarga el PDF gratuito<\/a><\/div>\n<\/div>\n<\/div>\n<\/div>\n\n\n\n<div style=\"height:30px\" aria-hidden=\"true\" class=\"wp-block-spacer\"><\/div>\n<\/div><\/div>\n\n\n\n<div style=\"height:50px\" aria-hidden=\"true\" class=\"wp-block-spacer\"><\/div>\n\n\n\n<div class=\"wp-block-media-text is-stacked-on-mobile is-vertically-aligned-center\"><figure class=\"wp-block-media-text__media\"><img loading=\"lazy\" decoding=\"async\" width=\"1024\" height=\"1024\" src=\"https:\/\/www.24-7prayer.com\/wp-content\/uploads\/2022\/02\/l365-v4.0-es-mediodia-esta_semana-Resource-Content-Left_Right-1024x1024.jpg\" alt=\"\" class=\"wp-image-137459 size-full\" srcset=\"https:\/\/www.24-7prayer.com\/wp-content\/uploads\/2022\/02\/l365-v4.0-es-mediodia-esta_semana-Resource-Content-Left_Right-1024x1024.jpg 1024w, https:\/\/www.24-7prayer.com\/wp-content\/uploads\/2022\/02\/l365-v4.0-es-mediodia-esta_semana-Resource-Content-Left_Right-800x800.jpg 800w, https:\/\/www.24-7prayer.com\/wp-content\/uploads\/2022\/02\/l365-v4.0-es-mediodia-esta_semana-Resource-Content-Left_Right-150x150.jpg 150w, https:\/\/www.24-7prayer.com\/wp-content\/uploads\/2022\/02\/l365-v4.0-es-mediodia-esta_semana-Resource-Content-Left_Right-768x767.jpg 768w, https:\/\/www.24-7prayer.com\/wp-content\/uploads\/2022\/02\/l365-v4.0-es-mediodia-esta_semana-Resource-Content-Left_Right-300x300.jpg 300w, https:\/\/www.24-7prayer.com\/wp-content\/uploads\/2022\/02\/l365-v4.0-es-mediodia-esta_semana-Resource-Content-Left_Right-500x500.jpg 500w, https:\/\/www.24-7prayer.com\/wp-content\/uploads\/2022\/02\/l365-v4.0-es-mediodia-esta_semana-Resource-Content-Left_Right-400x400.jpg 400w, https:\/\/www.24-7prayer.com\/wp-content\/uploads\/2022\/02\/l365-v4.0-es-mediodia-esta_semana-Resource-Content-Left_Right-600x600.jpg 600w, https:\/\/www.24-7prayer.com\/wp-content\/uploads\/2022\/02\/l365-v4.0-es-mediodia-esta_semana-Resource-Content-Left_Right-100x100.jpg 100w, https:\/\/www.24-7prayer.com\/wp-content\/uploads\/2022\/02\/l365-v4.0-es-mediodia-esta_semana-Resource-Content-Left_Right.jpg 1200w\" sizes=\"auto, (max-width: 1024px) 100vw, 1024px\" \/><\/figure><div class=\"wp-block-media-text__content\">\n<h4 class=\"wp-block-heading\">Ora durante la Cuaresma con Lectio 365<\/h4>\n\n\n\n<p>Lectio 365 es nuestra aplicaci\u00f3n devocional gratuita para ayudarte a orar la Biblia cada d\u00eda. Durante esta Cuaresma, la serie \u00abPaisajes de Cuaresma\u00bb trata sobre las historias de personajes y comunidades b\u00edblicas y sobre c\u00f3mo se apoyan en Dios y en los dem\u00e1s en tiempos de desierto.<\/p>\n\n\n\n<div class=\"wp-block-buttons is-layout-flex wp-block-buttons-is-layout-flex\">\n<div class=\"wp-block-button\"><a class=\"wp-block-button__link wp-element-button\" href=\"https:\/\/www.24-7prayer.com\/es\/resource\/lectio-365\/\" target=\"_blank\" rel=\"noreferrer noopener\">Descarga la app<\/a><\/div>\n<\/div>\n<\/div><\/div>\n\n\n\n<div style=\"margin-top:0;margin-bottom:0;height:50px\" aria-hidden=\"true\" class=\"wp-block-spacer\"><\/div>\n\n\n\n<div class=\"wp-block-media-text has-media-on-the-right is-stacked-on-mobile is-vertically-aligned-center\"><div class=\"wp-block-media-text__content\">\n<h4 class=\"wp-block-heading\">Gu\u00eda de ayuno para el principiante<\/h4>\n\n\n\n<p>La Cuaresma es una \u00e9poca que nos invita a ayunar, a renunciar a algo para crear m\u00e1s espacio para buscar a Dios. Este blog cuenta la historia de lo que sucedi\u00f3 en la vida de una persona cuando empez\u00f3 a ayunar durante la Cuaresma. Si est\u00e1s pensando en renunciar a algo durante la Cuaresma, o quieres dejarte animar por la fidelidad de Dios, dedica unos minutos a leer este blog.<\/p>\n\n\n\n<div class=\"wp-block-buttons is-content-justification-left is-layout-flex wp-container-core-buttons-is-layout-fc4fd283 wp-block-buttons-is-layout-flex\">\n<div class=\"wp-block-button\"><a class=\"wp-block-button__link wp-element-button\" href=\"https:\/\/www.24-7prayer.com\/es\/guia-de-ayuno-para-el-principiante\/\">Lee el blog<\/a><\/div>\n<\/div>\n<\/div><figure class=\"wp-block-media-text__media\"><img loading=\"lazy\" decoding=\"async\" width=\"1024\" height=\"1024\" src=\"https:\/\/www.24-7prayer.com\/wp-content\/uploads\/2025\/03\/ayuno-sqr-1024x1024.jpg\" alt=\"\" class=\"wp-image-144155 size-full\" srcset=\"https:\/\/www.24-7prayer.com\/wp-content\/uploads\/2025\/03\/ayuno-sqr-1024x1024.jpg 1024w, https:\/\/www.24-7prayer.com\/wp-content\/uploads\/2025\/03\/ayuno-sqr-800x800.jpg 800w, https:\/\/www.24-7prayer.com\/wp-content\/uploads\/2025\/03\/ayuno-sqr-150x150.jpg 150w, https:\/\/www.24-7prayer.com\/wp-content\/uploads\/2025\/03\/ayuno-sqr-768x768.jpg 768w, https:\/\/www.24-7prayer.com\/wp-content\/uploads\/2025\/03\/ayuno-sqr-300x300.jpg 300w, https:\/\/www.24-7prayer.com\/wp-content\/uploads\/2025\/03\/ayuno-sqr-500x500.jpg 500w, https:\/\/www.24-7prayer.com\/wp-content\/uploads\/2025\/03\/ayuno-sqr-600x600.jpg 600w, https:\/\/www.24-7prayer.com\/wp-content\/uploads\/2025\/03\/ayuno-sqr-100x100.jpg 100w, https:\/\/www.24-7prayer.com\/wp-content\/uploads\/2025\/03\/ayuno-sqr.jpg 1050w\" sizes=\"auto, (max-width: 1024px) 100vw, 1024px\" \/><\/figure><\/div>\n\n\n\n<div style=\"height:100px\" aria-hidden=\"true\" class=\"wp-block-spacer\"><\/div>\n\n\n\n<div class=\"wp-block-media-text is-stacked-on-mobile is-vertically-aligned-center\"><figure class=\"wp-block-media-text__media\"><img loading=\"lazy\" decoding=\"async\" width=\"1000\" height=\"1000\" src=\"https:\/\/www.24-7prayer.com\/wp-content\/uploads\/2025\/10\/cdo2-gemma-pete-cuadrado.jpg\" alt=\"\" class=\"wp-image-144160 size-full\" srcset=\"https:\/\/www.24-7prayer.com\/wp-content\/uploads\/2025\/10\/cdo2-gemma-pete-cuadrado.jpg 1000w, https:\/\/www.24-7prayer.com\/wp-content\/uploads\/2025\/10\/cdo2-gemma-pete-cuadrado-800x800.jpg 800w, https:\/\/www.24-7prayer.com\/wp-content\/uploads\/2025\/10\/cdo2-gemma-pete-cuadrado-150x150.jpg 150w, https:\/\/www.24-7prayer.com\/wp-content\/uploads\/2025\/10\/cdo2-gemma-pete-cuadrado-768x768.jpg 768w, https:\/\/www.24-7prayer.com\/wp-content\/uploads\/2025\/10\/cdo2-gemma-pete-cuadrado-300x300.jpg 300w, https:\/\/www.24-7prayer.com\/wp-content\/uploads\/2025\/10\/cdo2-gemma-pete-cuadrado-500x500.jpg 500w, https:\/\/www.24-7prayer.com\/wp-content\/uploads\/2025\/10\/cdo2-gemma-pete-cuadrado-600x600.jpg 600w, https:\/\/www.24-7prayer.com\/wp-content\/uploads\/2025\/10\/cdo2-gemma-pete-cuadrado-100x100.jpg 100w\" sizes=\"auto, (max-width: 1000px) 100vw, 1000px\" \/><\/figure><div class=\"wp-block-media-text__content\">\n<h4 class=\"wp-block-heading\">El Curso de oraci\u00f3n II<\/h4>\n\n\n\n<p>Durante el tiempo de Cuaresma te proponemos hacer el Curso de oraci\u00f3n II, cinco sesiones para profundizar y provocar conversaciones honestas alrededor de las preguntas m\u00e1s duras y personales acerca de la oraci\u00f3n.<\/p>\n\n\n\n<div class=\"wp-block-buttons is-layout-flex wp-block-buttons-is-layout-flex\">\n<div class=\"wp-block-button\"><a class=\"wp-block-button__link wp-element-button\" href=\"https:\/\/diosensilencio.elcursodeoracion.com\/acerca-del-curso\/\" target=\"_blank\" rel=\"noreferrer noopener\">Empezar el curso<\/a><\/div>\n<\/div>\n<\/div><\/div>\n\n\n\n<p><\/p>\n","protected":false},"excerpt":{"rendered":"<p>Explora los recursos para orar durante Cuaresma, Semana Santa y Pascua. Actividades creativas de oraci\u00f3n, devocionales y series para ayudarte a profundizar en la oraci\u00f3n durante la Cuaresma y la Semana Santa.<\/p>\n","protected":false},"author":1026,"featured_media":142877,"parent":0,"menu_order":65,"comment_status":"closed","ping_status":"closed","template":"","meta":{"_acf_changed":false,"inline_featured_image":false,"footnotes":""},"class_list":["post-144120","page","type-page","status-publish","has-post-thumbnail","hentry"],"acf":[],"yoast_head":"<!-- This site is optimized with the Yoast SEO plugin v27.4 - https:\/\/yoast.com\/product\/yoast-seo-wordpress\/ -->\n<title>Oraciones de Cuaresma y Semana Santa -<\/title>\n<meta name=\"description\" content=\"Actividades creativas de oraci\u00f3n, devocionales y series para ayudarte a profundizar en la oraci\u00f3n durante la Cuaresma y la Semana Santa.\" \/>\n<meta name=\"robots\" content=\"index, follow, max-snippet:-1, max-image-preview:large, max-video-preview:-1\" \/>\n<link rel=\"canonical\" href=\"https:\/\/www.24-7prayer.com\/es\/oraciones-de-cuaresma-y-semana-santa\/\" \/>\n<meta property=\"og:locale\" content=\"es_ES\" \/>\n<meta property=\"og:type\" content=\"article\" \/>\n<meta property=\"og:title\" content=\"Oraciones de Cuaresma y Semana Santa -\" \/>\n<meta property=\"og:description\" content=\"Actividades creativas de oraci\u00f3n, devocionales y series para ayudarte a profundizar en la oraci\u00f3n durante la Cuaresma y la Semana Santa.\" \/>\n<meta property=\"og:url\" content=\"https:\/\/www.24-7prayer.com\/es\/oraciones-de-cuaresma-y-semana-santa\/\" \/>\n<meta property=\"og:site_name\" content=\"24-7 Prayer International\" \/>\n<meta property=\"article:modified_time\" content=\"2025-03-12T17:47:08+00:00\" \/>\n<meta property=\"og:image\" content=\"https:\/\/www.24-7prayer.com\/wp-content\/uploads\/2025\/02\/damian-denis-D8R_txR_0PE-unsplash-e1739550821108.jpg\" \/>\n\t<meta property=\"og:image:width\" content=\"1920\" \/>\n\t<meta property=\"og:image:height\" content=\"1281\" \/>\n\t<meta property=\"og:image:type\" content=\"image\/jpeg\" \/>\n<meta name=\"twitter:card\" content=\"summary_large_image\" \/>\n<script type=\"application\/ld+json\" class=\"yoast-schema-graph\">{\"@context\":\"https:\\\/\\\/schema.org\",\"@graph\":[{\"@type\":\"WebPage\",\"@id\":\"https:\\\/\\\/www.24-7prayer.com\\\/es\\\/oraciones-de-cuaresma-y-semana-santa\\\/\",\"url\":\"https:\\\/\\\/www.24-7prayer.com\\\/es\\\/oraciones-de-cuaresma-y-semana-santa\\\/\",\"name\":\"Oraciones de Cuaresma y Semana Santa -\",\"isPartOf\":{\"@id\":\"https:\\\/\\\/www.24-7prayer.com\\\/es\\\/#website\"},\"primaryImageOfPage\":{\"@id\":\"https:\\\/\\\/www.24-7prayer.com\\\/es\\\/oraciones-de-cuaresma-y-semana-santa\\\/#primaryimage\"},\"image\":{\"@id\":\"https:\\\/\\\/www.24-7prayer.com\\\/es\\\/oraciones-de-cuaresma-y-semana-santa\\\/#primaryimage\"},\"thumbnailUrl\":\"https:\\\/\\\/www.24-7prayer.com\\\/wp-content\\\/uploads\\\/2025\\\/02\\\/damian-denis-D8R_txR_0PE-unsplash-e1739550821108.jpg\",\"datePublished\":\"2024-02-09T14:06:44+00:00\",\"dateModified\":\"2025-03-12T17:47:08+00:00\",\"description\":\"Actividades creativas de oraci\u00f3n, devocionales y series para ayudarte a profundizar en la oraci\u00f3n durante la Cuaresma y la Semana Santa.\",\"breadcrumb\":{\"@id\":\"https:\\\/\\\/www.24-7prayer.com\\\/es\\\/oraciones-de-cuaresma-y-semana-santa\\\/#breadcrumb\"},\"inLanguage\":\"es\",\"potentialAction\":[{\"@type\":\"ReadAction\",\"target\":[\"https:\\\/\\\/www.24-7prayer.com\\\/es\\\/oraciones-de-cuaresma-y-semana-santa\\\/\"]}]},{\"@type\":\"ImageObject\",\"inLanguage\":\"es\",\"@id\":\"https:\\\/\\\/www.24-7prayer.com\\\/es\\\/oraciones-de-cuaresma-y-semana-santa\\\/#primaryimage\",\"url\":\"https:\\\/\\\/www.24-7prayer.com\\\/wp-content\\\/uploads\\\/2025\\\/02\\\/damian-denis-D8R_txR_0PE-unsplash-e1739550821108.jpg\",\"contentUrl\":\"https:\\\/\\\/www.24-7prayer.com\\\/wp-content\\\/uploads\\\/2025\\\/02\\\/damian-denis-D8R_txR_0PE-unsplash-e1739550821108.jpg\",\"width\":1920,\"height\":1281},{\"@type\":\"BreadcrumbList\",\"@id\":\"https:\\\/\\\/www.24-7prayer.com\\\/es\\\/oraciones-de-cuaresma-y-semana-santa\\\/#breadcrumb\",\"itemListElement\":[{\"@type\":\"ListItem\",\"position\":1,\"name\":\"Home\",\"item\":\"https:\\\/\\\/www.24-7prayer.com\\\/es\\\/\"},{\"@type\":\"ListItem\",\"position\":2,\"name\":\"Oraciones de Cuaresma y Semana Santa\"}]},{\"@type\":\"WebSite\",\"@id\":\"https:\\\/\\\/www.24-7prayer.com\\\/es\\\/#website\",\"url\":\"https:\\\/\\\/www.24-7prayer.com\\\/es\\\/\",\"name\":\"24-7 Prayer International\",\"description\":\"Prayer Mission Justice\",\"publisher\":{\"@id\":\"https:\\\/\\\/www.24-7prayer.com\\\/es\\\/#organization\"},\"potentialAction\":[{\"@type\":\"SearchAction\",\"target\":{\"@type\":\"EntryPoint\",\"urlTemplate\":\"https:\\\/\\\/www.24-7prayer.com\\\/es\\\/?s={search_term_string}\"},\"query-input\":{\"@type\":\"PropertyValueSpecification\",\"valueRequired\":true,\"valueName\":\"search_term_string\"}}],\"inLanguage\":\"es\"},{\"@type\":\"Organization\",\"@id\":\"https:\\\/\\\/www.24-7prayer.com\\\/es\\\/#organization\",\"name\":\"24-7 Prayer\",\"url\":\"https:\\\/\\\/www.24-7prayer.com\\\/es\\\/\",\"logo\":{\"@type\":\"ImageObject\",\"inLanguage\":\"es\",\"@id\":\"https:\\\/\\\/www.24-7prayer.com\\\/es\\\/#\\\/schema\\\/logo\\\/image\\\/\",\"url\":\"https:\\\/\\\/www.24-7prayer.com\\\/wp-content\\\/uploads\\\/2022\\\/06\\\/logo.png\",\"contentUrl\":\"https:\\\/\\\/www.24-7prayer.com\\\/wp-content\\\/uploads\\\/2022\\\/06\\\/logo.png\",\"width\":302,\"height\":49,\"caption\":\"24-7 Prayer\"},\"image\":{\"@id\":\"https:\\\/\\\/www.24-7prayer.com\\\/es\\\/#\\\/schema\\\/logo\\\/image\\\/\"}}]}<\/script>\n<!-- \/ Yoast SEO plugin. -->","yoast_head_json":{"title":"Oraciones de Cuaresma y Semana Santa -","description":"Actividades creativas de oraci\u00f3n, devocionales y series para ayudarte a profundizar en la oraci\u00f3n durante la Cuaresma y la Semana Santa.","robots":{"index":"index","follow":"follow","max-snippet":"max-snippet:-1","max-image-preview":"max-image-preview:large","max-video-preview":"max-video-preview:-1"},"canonical":"https:\/\/www.24-7prayer.com\/es\/oraciones-de-cuaresma-y-semana-santa\/","og_locale":"es_ES","og_type":"article","og_title":"Oraciones de Cuaresma y Semana Santa -","og_description":"Actividades creativas de oraci\u00f3n, devocionales y series para ayudarte a profundizar en la oraci\u00f3n durante la Cuaresma y la Semana Santa.","og_url":"https:\/\/www.24-7prayer.com\/es\/oraciones-de-cuaresma-y-semana-santa\/","og_site_name":"24-7 Prayer International","article_modified_time":"2025-03-12T17:47:08+00:00","og_image":[{"width":1920,"height":1281,"url":"https:\/\/www.24-7prayer.com\/wp-content\/uploads\/2025\/02\/damian-denis-D8R_txR_0PE-unsplash-e1739550821108.jpg","type":"image\/jpeg"}],"twitter_card":"summary_large_image","schema":{"@context":"https:\/\/schema.org","@graph":[{"@type":"WebPage","@id":"https:\/\/www.24-7prayer.com\/es\/oraciones-de-cuaresma-y-semana-santa\/","url":"https:\/\/www.24-7prayer.com\/es\/oraciones-de-cuaresma-y-semana-santa\/","name":"Oraciones de Cuaresma y Semana Santa -","isPartOf":{"@id":"https:\/\/www.24-7prayer.com\/es\/#website"},"primaryImageOfPage":{"@id":"https:\/\/www.24-7prayer.com\/es\/oraciones-de-cuaresma-y-semana-santa\/#primaryimage"},"image":{"@id":"https:\/\/www.24-7prayer.com\/es\/oraciones-de-cuaresma-y-semana-santa\/#primaryimage"},"thumbnailUrl":"https:\/\/www.24-7prayer.com\/wp-content\/uploads\/2025\/02\/damian-denis-D8R_txR_0PE-unsplash-e1739550821108.jpg","datePublished":"2024-02-09T14:06:44+00:00","dateModified":"2025-03-12T17:47:08+00:00","description":"Actividades creativas de oraci\u00f3n, devocionales y series para ayudarte a profundizar en la oraci\u00f3n durante la Cuaresma y la Semana Santa.","breadcrumb":{"@id":"https:\/\/www.24-7prayer.com\/es\/oraciones-de-cuaresma-y-semana-santa\/#breadcrumb"},"inLanguage":"es","potentialAction":[{"@type":"ReadAction","target":["https:\/\/www.24-7prayer.com\/es\/oraciones-de-cuaresma-y-semana-santa\/"]}]},{"@type":"ImageObject","inLanguage":"es","@id":"https:\/\/www.24-7prayer.com\/es\/oraciones-de-cuaresma-y-semana-santa\/#primaryimage","url":"https:\/\/www.24-7prayer.com\/wp-content\/uploads\/2025\/02\/damian-denis-D8R_txR_0PE-unsplash-e1739550821108.jpg","contentUrl":"https:\/\/www.24-7prayer.com\/wp-content\/uploads\/2025\/02\/damian-denis-D8R_txR_0PE-unsplash-e1739550821108.jpg","width":1920,"height":1281},{"@type":"BreadcrumbList","@id":"https:\/\/www.24-7prayer.com\/es\/oraciones-de-cuaresma-y-semana-santa\/#breadcrumb","itemListElement":[{"@type":"ListItem","position":1,"name":"Home","item":"https:\/\/www.24-7prayer.com\/es\/"},{"@type":"ListItem","position":2,"name":"Oraciones de Cuaresma y Semana Santa"}]},{"@type":"WebSite","@id":"https:\/\/www.24-7prayer.com\/es\/#website","url":"https:\/\/www.24-7prayer.com\/es\/","name":"24-7 Prayer International","description":"Prayer Mission Justice","publisher":{"@id":"https:\/\/www.24-7prayer.com\/es\/#organization"},"potentialAction":[{"@type":"SearchAction","target":{"@type":"EntryPoint","urlTemplate":"https:\/\/www.24-7prayer.com\/es\/?s={search_term_string}"},"query-input":{"@type":"PropertyValueSpecification","valueRequired":true,"valueName":"search_term_string"}}],"inLanguage":"es"},{"@type":"Organization","@id":"https:\/\/www.24-7prayer.com\/es\/#organization","name":"24-7 Prayer","url":"https:\/\/www.24-7prayer.com\/es\/","logo":{"@type":"ImageObject","inLanguage":"es","@id":"https:\/\/www.24-7prayer.com\/es\/#\/schema\/logo\/image\/","url":"https:\/\/www.24-7prayer.com\/wp-content\/uploads\/2022\/06\/logo.png","contentUrl":"https:\/\/www.24-7prayer.com\/wp-content\/uploads\/2022\/06\/logo.png","width":302,"height":49,"caption":"24-7 Prayer"},"image":{"@id":"https:\/\/www.24-7prayer.com\/es\/#\/schema\/logo\/image\/"}}]}},"_links":{"self":[{"href":"https:\/\/www.24-7prayer.com\/es\/wp-json\/wp\/v2\/pages\/144120","targetHints":{"allow":["GET"]}}],"collection":[{"href":"https:\/\/www.24-7prayer.com\/es\/wp-json\/wp\/v2\/pages"}],"about":[{"href":"https:\/\/www.24-7prayer.com\/es\/wp-json\/wp\/v2\/types\/page"}],"author":[{"embeddable":true,"href":"https:\/\/www.24-7prayer.com\/es\/wp-json\/wp\/v2\/users\/1026"}],"replies":[{"embeddable":true,"href":"https:\/\/www.24-7prayer.com\/es\/wp-json\/wp\/v2\/comments?post=144120"}],"version-history":[{"count":21,"href":"https:\/\/www.24-7prayer.com\/es\/wp-json\/wp\/v2\/pages\/144120\/revisions"}],"predecessor-version":[{"id":144892,"href":"https:\/\/www.24-7prayer.com\/es\/wp-json\/wp\/v2\/pages\/144120\/revisions\/144892"}],"wp:featuredmedia":[{"embeddable":true,"href":"https:\/\/www.24-7prayer.com\/es\/wp-json\/wp\/v2\/media\/142877"}],"wp:attachment":[{"href":"https:\/\/www.24-7prayer.com\/es\/wp-json\/wp\/v2\/media?parent=144120"}],"curies":[{"name":"wp","href":"https:\/\/api.w.org\/{rel}","templated":true}]}}