{"id":110066,"date":"2024-09-04T21:19:14","date_gmt":"2024-09-04T20:19:14","guid":{"rendered":"https:\/\/www.24-7prayer.com\/25-anos-de-oracion-continua\/"},"modified":"2024-09-17T14:28:25","modified_gmt":"2024-09-17T13:28:25","slug":"25-anos-de-oracion-continua","status":"publish","type":"page","link":"https:\/\/www.24-7prayer.com\/es\/25-anos-de-oracion-continua\/","title":{"rendered":"25 a\u00f1os de oraci\u00f3n continua"},"content":{"rendered":"\n<h6 class=\"wp-block-heading\">El 5 de septiembre de 2024 marca 25 a\u00f1os desde el comienzo de la primera sala de Oraci\u00f3n 24-7 y el inicio de una cadena ininterrumpida de oraci\u00f3n que ha continuado durante un cuarto de siglo.<\/h6>\n\n\n\n<p>Al mirar hacia atr\u00e1s lo hacemos con gratitud a Dios por su presencia y poder durante todo este tiempo. Te invitamos a unirte a nuestra visi\u00f3n radical y extravagante de reavivar la iglesia y transformar la cultura a trav\u00e9s de la oraci\u00f3n continua d\u00eda y noche. \u00a1Durante 25 a\u00f1os, nuestra visi\u00f3n ha sido Jes\u00fas! <\/p>\n\n\n\n<figure class=\"wp-block-embed is-type-video is-provider-youtube wp-block-embed-youtube wp-embed-aspect-16-9 wp-has-aspect-ratio\"><div class=\"wp-block-embed__wrapper\">\n<iframe loading=\"lazy\" title=\"25 A\u00f1os de Oraci\u00f3n Ininterrumpida | Oraci\u00f3n 24-7\" width=\"500\" height=\"281\" src=\"https:\/\/www.youtube.com\/embed\/3CdAXDvOU34?feature=oembed\" frameborder=\"0\" allow=\"accelerometer; autoplay; clipboard-write; encrypted-media; gyroscope; picture-in-picture; web-share\" referrerpolicy=\"strict-origin-when-cross-origin\" allowfullscreen><\/iframe>\n<\/div><figcaption class=\"wp-element-caption\"><br><\/figcaption><\/figure>\n\n\n\n<div style=\"height:15px\" aria-hidden=\"true\" class=\"wp-block-spacer\"><\/div>\n\n\n\n<div style=\"height:30px\" aria-hidden=\"true\" class=\"wp-block-spacer\"><\/div>\n\n\n\n<div class=\"wp-block-cover\"><span aria-hidden=\"true\" class=\"wp-block-cover__background has-background-dim\" style=\"background-color:#3b3a40\"><\/span><img loading=\"lazy\" decoding=\"async\" width=\"2320\" height=\"1200\" class=\"wp-block-cover__image-background wp-image-110100\" alt=\"\" src=\"https:\/\/www.24-7prayer.com\/wp-content\/uploads\/2024\/10\/25th-birthday-timeline-group-es.jpg\" style=\"object-position:63% 22%\" data-object-fit=\"cover\" data-object-position=\"63% 22%\" srcset=\"https:\/\/www.24-7prayer.com\/wp-content\/uploads\/2024\/10\/25th-birthday-timeline-group-es.jpg 2320w, https:\/\/www.24-7prayer.com\/wp-content\/uploads\/2024\/10\/25th-birthday-timeline-group-es-800x414.jpg 800w, https:\/\/www.24-7prayer.com\/wp-content\/uploads\/2024\/10\/25th-birthday-timeline-group-es-1024x530.jpg 1024w, https:\/\/www.24-7prayer.com\/wp-content\/uploads\/2024\/10\/25th-birthday-timeline-group-es-768x397.jpg 768w, https:\/\/www.24-7prayer.com\/wp-content\/uploads\/2024\/10\/25th-birthday-timeline-group-es-1536x794.jpg 1536w, https:\/\/www.24-7prayer.com\/wp-content\/uploads\/2024\/10\/25th-birthday-timeline-group-es-2048x1059.jpg 2048w, https:\/\/www.24-7prayer.com\/wp-content\/uploads\/2024\/10\/25th-birthday-timeline-group-es-600x310.jpg 600w\" sizes=\"auto, (max-width: 2320px) 100vw, 2320px\" \/><div class=\"wp-block-cover__inner-container is-layout-constrained wp-block-cover-is-layout-constrained\">\n<div style=\"height:40px\" aria-hidden=\"true\" class=\"wp-block-spacer\"><\/div>\n\n\n\n<div class=\"wp-block-columns is-layout-flex wp-container-core-columns-is-layout-28f84493 wp-block-columns-is-layout-flex\">\n<div class=\"wp-block-column is-layout-flow wp-block-column-is-layout-flow\" style=\"flex-basis:5%\">\n<p><\/p>\n<\/div>\n\n\n\n<div class=\"wp-block-column is-layout-flow wp-block-column-is-layout-flow\" style=\"flex-basis:60%\">\n<h3 class=\"wp-block-heading has-white-color has-text-color has-link-color wp-elements-3d1d44e814fbefe14392964eae7d1e2b\">La historia de Oraci\u00f3n 24-7 a trav\u00e9s de los a\u00f1os<\/h3>\n\n\n\n<p class=\"has-white-color has-text-color has-link-color wp-elements-0badeb8a5e7482b8f49d16a3c3819712\" style=\"margin-right:0;margin-left:0\">Hace 25 a\u00f1os un grupo de estudiantes dijo \u00abs\u00ed\u00bb a la invitaci\u00f3n de Dios para aprender a orar. Desde entonces hemos pasado de ser un grupo de personas que apenas sab\u00eda c\u00f3mo orar a convertirnos en un movimiento global de oraci\u00f3n, misi\u00f3n y justicia.<\/p>\n\n\n\n<div style=\"height:15px\" aria-hidden=\"true\" class=\"wp-block-spacer\"><\/div>\n\n\n\n<div class=\"wp-block-buttons is-layout-flex wp-block-buttons-is-layout-flex\">\n<div class=\"wp-block-button\"><a class=\"wp-block-button__link has-black-color has-text-color has-background has-link-color wp-element-button\" href=\"https:\/\/www.24-7prayer.com\/es\/celebrando-25-anos-de-oracion-ininterrumpida\/\" style=\"background-color:#bbb1f1\">Descubre la historia de Oraci\u00f3n 24-7<\/a><\/div>\n<\/div>\n<\/div>\n<\/div>\n\n\n\n<div style=\"height:15px\" aria-hidden=\"true\" class=\"wp-block-spacer\"><\/div>\n<\/div><\/div>\n\n\n\n<div style=\"height:15px\" aria-hidden=\"true\" class=\"wp-block-spacer\"><\/div>\n\n\n\n<blockquote class=\"wp-block-quote is-layout-flow wp-block-quote-is-layout-flow\">\n<p><em>\u00abCuando observas lo que sucedi\u00f3 despu\u00e9s y c\u00f3mo una sola sala de oraci\u00f3n se convirti\u00f3 en miles de salas de oraci\u00f3n casi por accidente, la \u00fanica explicaci\u00f3n racional es que Dios se manifest\u00f3 en esa primera sala de Oraci\u00f3n 24-7 y ha continuado haci\u00e9ndolo en todas las dem\u00e1s desde entonces.\u00bb<\/em><\/p>\n<cite>Pete Greig<\/cite><\/blockquote>\n\n\n\n<div style=\"height:15px\" aria-hidden=\"true\" class=\"wp-block-spacer\"><\/div>\n\n\n\n<div class=\"wp-block-cover is-light\"><span aria-hidden=\"true\" class=\"wp-block-cover__background has-white-background-color has-background-dim\"><\/span><img loading=\"lazy\" decoding=\"async\" width=\"2320\" height=\"1200\" class=\"wp-block-cover__image-background wp-image-109463\" alt=\"\" src=\"https:\/\/www.24-7prayer.com\/wp-content\/uploads\/2024\/10\/25th-birthday-prayer-group.jpg\" style=\"object-position:5% 45%\" data-object-fit=\"cover\" data-object-position=\"5% 45%\" srcset=\"https:\/\/www.24-7prayer.com\/wp-content\/uploads\/2024\/10\/25th-birthday-prayer-group.jpg 2320w, https:\/\/www.24-7prayer.com\/wp-content\/uploads\/2024\/10\/25th-birthday-prayer-group-800x414.jpg 800w, https:\/\/www.24-7prayer.com\/wp-content\/uploads\/2024\/10\/25th-birthday-prayer-group-1024x530.jpg 1024w, https:\/\/www.24-7prayer.com\/wp-content\/uploads\/2024\/10\/25th-birthday-prayer-group-768x397.jpg 768w, https:\/\/www.24-7prayer.com\/wp-content\/uploads\/2024\/10\/25th-birthday-prayer-group-1536x794.jpg 1536w, https:\/\/www.24-7prayer.com\/wp-content\/uploads\/2024\/10\/25th-birthday-prayer-group-2048x1059.jpg 2048w, https:\/\/www.24-7prayer.com\/wp-content\/uploads\/2024\/10\/25th-birthday-prayer-group-600x310.jpg 600w\" sizes=\"auto, (max-width: 2320px) 100vw, 2320px\" \/><div class=\"wp-block-cover__inner-container is-layout-constrained wp-block-cover-is-layout-constrained\">\n<div style=\"height:40px\" aria-hidden=\"true\" class=\"wp-block-spacer\"><\/div>\n\n\n\n<div class=\"wp-block-columns is-layout-flex wp-container-core-columns-is-layout-28f84493 wp-block-columns-is-layout-flex\">\n<div class=\"wp-block-column is-layout-flow wp-block-column-is-layout-flow\" style=\"flex-basis:5%\">\n<p><\/p>\n<\/div>\n\n\n\n<div class=\"wp-block-column is-layout-flow wp-block-column-is-layout-flow\" style=\"flex-basis:60%\">\n<h3 class=\"wp-block-heading has-black-color has-text-color has-link-color wp-elements-55eee42bc7f634601f1901a3b0ef9487\">Prueba la oraci\u00f3n continua.<br><br> <\/h3>\n\n\n\n<p class=\"has-black-color has-text-color has-link-color wp-elements-9614a0d96f1b387518b44eac49b20d32\">Hoy en d\u00eda, cientos de miles de personas han dado su propio \u00abs\u00ed\u00bb a la oraci\u00f3n continua y han emprendido aventuras emocionantes de fe alrededor de todo el mundo.<\/p>\n\n\n\n<p class=\"has-black-color has-text-color has-link-color wp-elements-eb90cd0d9dae53faac5114c7fd278b08\"><strong>\u00bfQu\u00e9 podr\u00eda hacer Dios con tu \u00abs\u00ed\u00bb? <\/strong><\/p>\n\n\n\n<div style=\"height:15px\" aria-hidden=\"true\" class=\"wp-block-spacer\"><\/div>\n\n\n\n<div class=\"wp-block-buttons is-layout-flex wp-block-buttons-is-layout-flex\">\n<div class=\"wp-block-button\"><a class=\"wp-block-button__link wp-element-button\" href=\"https:\/\/www.24-7prayer.com\/es\/join_in_posts\/preg-frec-salas-de-oracion\/\">Descubre las salas de Oraci\u00f3n 24-7<\/a><\/div>\n<\/div>\n<\/div>\n<\/div>\n\n\n\n<div style=\"height:15px\" aria-hidden=\"true\" class=\"wp-block-spacer\"><\/div>\n<\/div><\/div>\n","protected":false},"excerpt":{"rendered":"<p>El 5 de septiembre de 2024 marca 25 a\u00f1os desde el comienzo de la primera sala de Oraci\u00f3n 24-7 y el inicio de una cadena ininterrumpida de oraci\u00f3n que ha continuado durante un cuarto de siglo. Al mirar hacia atr\u00e1s lo hacemos con gratitud a Dios por su presencia y poder durante todo este tiempo. [&hellip;]<\/p>\n","protected":false},"author":1026,"featured_media":110097,"parent":0,"menu_order":66,"comment_status":"closed","ping_status":"closed","template":"page-templates\/page-featured-img.php","meta":{"_acf_changed":false,"inline_featured_image":false,"footnotes":""},"class_list":["post-110066","page","type-page","status-publish","has-post-thumbnail","hentry"],"acf":[],"yoast_head":"<!-- This site is optimized with the Yoast SEO plugin v27.4 - https:\/\/yoast.com\/product\/yoast-seo-wordpress\/ -->\n<title>25 a\u00f1os de oraci\u00f3n continua - 24-7 Prayer International<\/title>\n<meta name=\"description\" content=\"El 5 de septiembre de 2024 marca 25 a\u00f1os desde el comienzo de la primera Sala de Oraci\u00f3n 24-7 y el inicio de una cadena ininterrumpida de oraci\u00f3n que ha continuado durante un cuarto de siglo. Mira el v\u00eddeo del 25\u00ba aniversario.\" \/>\n<meta name=\"robots\" content=\"index, follow, max-snippet:-1, max-image-preview:large, max-video-preview:-1\" \/>\n<link rel=\"canonical\" href=\"https:\/\/www.24-7prayer.com\/es\/25-anos-de-oracion-continua\/\" \/>\n<meta property=\"og:locale\" content=\"es_ES\" \/>\n<meta property=\"og:type\" content=\"article\" \/>\n<meta property=\"og:title\" content=\"25 a\u00f1os de oraci\u00f3n continua - 24-7 Prayer International\" \/>\n<meta property=\"og:description\" content=\"El 5 de septiembre de 2024 marca 25 a\u00f1os desde el comienzo de la primera Sala de Oraci\u00f3n 24-7 y el inicio de una cadena ininterrumpida de oraci\u00f3n que ha continuado durante un cuarto de siglo. Mira el v\u00eddeo del 25\u00ba aniversario.\" \/>\n<meta property=\"og:url\" content=\"https:\/\/www.24-7prayer.com\/es\/25-anos-de-oracion-continua\/\" \/>\n<meta property=\"og:site_name\" content=\"24-7 Prayer International\" \/>\n<meta property=\"article:modified_time\" content=\"2024-09-17T13:28:25+00:00\" \/>\n<meta property=\"og:image\" content=\"https:\/\/www.24-7prayer.com\/wp-content\/uploads\/2024\/10\/25-years-video-home-header-es-scaled.jpg\" \/>\n\t<meta property=\"og:image:width\" content=\"2560\" \/>\n\t<meta property=\"og:image:height\" content=\"1280\" \/>\n\t<meta property=\"og:image:type\" content=\"image\/jpeg\" \/>\n<meta name=\"twitter:card\" content=\"summary_large_image\" \/>\n<script type=\"application\/ld+json\" class=\"yoast-schema-graph\">{\"@context\":\"https:\\\/\\\/schema.org\",\"@graph\":[{\"@type\":\"WebPage\",\"@id\":\"https:\\\/\\\/www.24-7prayer.com\\\/es\\\/25-anos-de-oracion-continua\\\/\",\"url\":\"https:\\\/\\\/www.24-7prayer.com\\\/es\\\/25-anos-de-oracion-continua\\\/\",\"name\":\"25 a\u00f1os de oraci\u00f3n continua - 24-7 Prayer International\",\"isPartOf\":{\"@id\":\"https:\\\/\\\/www.24-7prayer.com\\\/es\\\/#website\"},\"primaryImageOfPage\":{\"@id\":\"https:\\\/\\\/www.24-7prayer.com\\\/es\\\/25-anos-de-oracion-continua\\\/#primaryimage\"},\"image\":{\"@id\":\"https:\\\/\\\/www.24-7prayer.com\\\/es\\\/25-anos-de-oracion-continua\\\/#primaryimage\"},\"thumbnailUrl\":\"https:\\\/\\\/www.24-7prayer.com\\\/wp-content\\\/uploads\\\/2024\\\/10\\\/25-years-video-home-header-es-scaled.jpg\",\"datePublished\":\"2024-09-04T20:19:14+00:00\",\"dateModified\":\"2024-09-17T13:28:25+00:00\",\"description\":\"El 5 de septiembre de 2024 marca 25 a\u00f1os desde el comienzo de la primera Sala de Oraci\u00f3n 24-7 y el inicio de una cadena ininterrumpida de oraci\u00f3n que ha continuado durante un cuarto de siglo. Mira el v\u00eddeo del 25\u00ba aniversario.\",\"breadcrumb\":{\"@id\":\"https:\\\/\\\/www.24-7prayer.com\\\/es\\\/25-anos-de-oracion-continua\\\/#breadcrumb\"},\"inLanguage\":\"es\",\"potentialAction\":[{\"@type\":\"ReadAction\",\"target\":[\"https:\\\/\\\/www.24-7prayer.com\\\/es\\\/25-anos-de-oracion-continua\\\/\"]}]},{\"@type\":\"ImageObject\",\"inLanguage\":\"es\",\"@id\":\"https:\\\/\\\/www.24-7prayer.com\\\/es\\\/25-anos-de-oracion-continua\\\/#primaryimage\",\"url\":\"https:\\\/\\\/www.24-7prayer.com\\\/wp-content\\\/uploads\\\/2024\\\/10\\\/25-years-video-home-header-es-scaled.jpg\",\"contentUrl\":\"https:\\\/\\\/www.24-7prayer.com\\\/wp-content\\\/uploads\\\/2024\\\/10\\\/25-years-video-home-header-es-scaled.jpg\",\"width\":2560,\"height\":1280},{\"@type\":\"BreadcrumbList\",\"@id\":\"https:\\\/\\\/www.24-7prayer.com\\\/es\\\/25-anos-de-oracion-continua\\\/#breadcrumb\",\"itemListElement\":[{\"@type\":\"ListItem\",\"position\":1,\"name\":\"Home\",\"item\":\"https:\\\/\\\/www.24-7prayer.com\\\/es\\\/\"},{\"@type\":\"ListItem\",\"position\":2,\"name\":\"25 a\u00f1os de oraci\u00f3n continua\"}]},{\"@type\":\"WebSite\",\"@id\":\"https:\\\/\\\/www.24-7prayer.com\\\/es\\\/#website\",\"url\":\"https:\\\/\\\/www.24-7prayer.com\\\/es\\\/\",\"name\":\"24-7 Prayer International\",\"description\":\"Prayer Mission Justice\",\"publisher\":{\"@id\":\"https:\\\/\\\/www.24-7prayer.com\\\/es\\\/#organization\"},\"potentialAction\":[{\"@type\":\"SearchAction\",\"target\":{\"@type\":\"EntryPoint\",\"urlTemplate\":\"https:\\\/\\\/www.24-7prayer.com\\\/es\\\/?s={search_term_string}\"},\"query-input\":{\"@type\":\"PropertyValueSpecification\",\"valueRequired\":true,\"valueName\":\"search_term_string\"}}],\"inLanguage\":\"es\"},{\"@type\":\"Organization\",\"@id\":\"https:\\\/\\\/www.24-7prayer.com\\\/es\\\/#organization\",\"name\":\"24-7 Prayer\",\"url\":\"https:\\\/\\\/www.24-7prayer.com\\\/es\\\/\",\"logo\":{\"@type\":\"ImageObject\",\"inLanguage\":\"es\",\"@id\":\"https:\\\/\\\/www.24-7prayer.com\\\/es\\\/#\\\/schema\\\/logo\\\/image\\\/\",\"url\":\"https:\\\/\\\/www.24-7prayer.com\\\/wp-content\\\/uploads\\\/2022\\\/06\\\/logo.png\",\"contentUrl\":\"https:\\\/\\\/www.24-7prayer.com\\\/wp-content\\\/uploads\\\/2022\\\/06\\\/logo.png\",\"width\":302,\"height\":49,\"caption\":\"24-7 Prayer\"},\"image\":{\"@id\":\"https:\\\/\\\/www.24-7prayer.com\\\/es\\\/#\\\/schema\\\/logo\\\/image\\\/\"}}]}<\/script>\n<!-- \/ Yoast SEO plugin. -->","yoast_head_json":{"title":"25 a\u00f1os de oraci\u00f3n continua - 24-7 Prayer International","description":"El 5 de septiembre de 2024 marca 25 a\u00f1os desde el comienzo de la primera Sala de Oraci\u00f3n 24-7 y el inicio de una cadena ininterrumpida de oraci\u00f3n que ha continuado durante un cuarto de siglo. Mira el v\u00eddeo del 25\u00ba aniversario.","robots":{"index":"index","follow":"follow","max-snippet":"max-snippet:-1","max-image-preview":"max-image-preview:large","max-video-preview":"max-video-preview:-1"},"canonical":"https:\/\/www.24-7prayer.com\/es\/25-anos-de-oracion-continua\/","og_locale":"es_ES","og_type":"article","og_title":"25 a\u00f1os de oraci\u00f3n continua - 24-7 Prayer International","og_description":"El 5 de septiembre de 2024 marca 25 a\u00f1os desde el comienzo de la primera Sala de Oraci\u00f3n 24-7 y el inicio de una cadena ininterrumpida de oraci\u00f3n que ha continuado durante un cuarto de siglo. Mira el v\u00eddeo del 25\u00ba aniversario.","og_url":"https:\/\/www.24-7prayer.com\/es\/25-anos-de-oracion-continua\/","og_site_name":"24-7 Prayer International","article_modified_time":"2024-09-17T13:28:25+00:00","og_image":[{"width":2560,"height":1280,"url":"https:\/\/www.24-7prayer.com\/wp-content\/uploads\/2024\/10\/25-years-video-home-header-es-scaled.jpg","type":"image\/jpeg"}],"twitter_card":"summary_large_image","schema":{"@context":"https:\/\/schema.org","@graph":[{"@type":"WebPage","@id":"https:\/\/www.24-7prayer.com\/es\/25-anos-de-oracion-continua\/","url":"https:\/\/www.24-7prayer.com\/es\/25-anos-de-oracion-continua\/","name":"25 a\u00f1os de oraci\u00f3n continua - 24-7 Prayer International","isPartOf":{"@id":"https:\/\/www.24-7prayer.com\/es\/#website"},"primaryImageOfPage":{"@id":"https:\/\/www.24-7prayer.com\/es\/25-anos-de-oracion-continua\/#primaryimage"},"image":{"@id":"https:\/\/www.24-7prayer.com\/es\/25-anos-de-oracion-continua\/#primaryimage"},"thumbnailUrl":"https:\/\/www.24-7prayer.com\/wp-content\/uploads\/2024\/10\/25-years-video-home-header-es-scaled.jpg","datePublished":"2024-09-04T20:19:14+00:00","dateModified":"2024-09-17T13:28:25+00:00","description":"El 5 de septiembre de 2024 marca 25 a\u00f1os desde el comienzo de la primera Sala de Oraci\u00f3n 24-7 y el inicio de una cadena ininterrumpida de oraci\u00f3n que ha continuado durante un cuarto de siglo. Mira el v\u00eddeo del 25\u00ba aniversario.","breadcrumb":{"@id":"https:\/\/www.24-7prayer.com\/es\/25-anos-de-oracion-continua\/#breadcrumb"},"inLanguage":"es","potentialAction":[{"@type":"ReadAction","target":["https:\/\/www.24-7prayer.com\/es\/25-anos-de-oracion-continua\/"]}]},{"@type":"ImageObject","inLanguage":"es","@id":"https:\/\/www.24-7prayer.com\/es\/25-anos-de-oracion-continua\/#primaryimage","url":"https:\/\/www.24-7prayer.com\/wp-content\/uploads\/2024\/10\/25-years-video-home-header-es-scaled.jpg","contentUrl":"https:\/\/www.24-7prayer.com\/wp-content\/uploads\/2024\/10\/25-years-video-home-header-es-scaled.jpg","width":2560,"height":1280},{"@type":"BreadcrumbList","@id":"https:\/\/www.24-7prayer.com\/es\/25-anos-de-oracion-continua\/#breadcrumb","itemListElement":[{"@type":"ListItem","position":1,"name":"Home","item":"https:\/\/www.24-7prayer.com\/es\/"},{"@type":"ListItem","position":2,"name":"25 a\u00f1os de oraci\u00f3n continua"}]},{"@type":"WebSite","@id":"https:\/\/www.24-7prayer.com\/es\/#website","url":"https:\/\/www.24-7prayer.com\/es\/","name":"24-7 Prayer International","description":"Prayer Mission Justice","publisher":{"@id":"https:\/\/www.24-7prayer.com\/es\/#organization"},"potentialAction":[{"@type":"SearchAction","target":{"@type":"EntryPoint","urlTemplate":"https:\/\/www.24-7prayer.com\/es\/?s={search_term_string}"},"query-input":{"@type":"PropertyValueSpecification","valueRequired":true,"valueName":"search_term_string"}}],"inLanguage":"es"},{"@type":"Organization","@id":"https:\/\/www.24-7prayer.com\/es\/#organization","name":"24-7 Prayer","url":"https:\/\/www.24-7prayer.com\/es\/","logo":{"@type":"ImageObject","inLanguage":"es","@id":"https:\/\/www.24-7prayer.com\/es\/#\/schema\/logo\/image\/","url":"https:\/\/www.24-7prayer.com\/wp-content\/uploads\/2022\/06\/logo.png","contentUrl":"https:\/\/www.24-7prayer.com\/wp-content\/uploads\/2022\/06\/logo.png","width":302,"height":49,"caption":"24-7 Prayer"},"image":{"@id":"https:\/\/www.24-7prayer.com\/es\/#\/schema\/logo\/image\/"}}]}},"_links":{"self":[{"href":"https:\/\/www.24-7prayer.com\/es\/wp-json\/wp\/v2\/pages\/110066","targetHints":{"allow":["GET"]}}],"collection":[{"href":"https:\/\/www.24-7prayer.com\/es\/wp-json\/wp\/v2\/pages"}],"about":[{"href":"https:\/\/www.24-7prayer.com\/es\/wp-json\/wp\/v2\/types\/page"}],"author":[{"embeddable":true,"href":"https:\/\/www.24-7prayer.com\/es\/wp-json\/wp\/v2\/users\/1026"}],"replies":[{"embeddable":true,"href":"https:\/\/www.24-7prayer.com\/es\/wp-json\/wp\/v2\/comments?post=110066"}],"version-history":[{"count":14,"href":"https:\/\/www.24-7prayer.com\/es\/wp-json\/wp\/v2\/pages\/110066\/revisions"}],"predecessor-version":[{"id":111344,"href":"https:\/\/www.24-7prayer.com\/es\/wp-json\/wp\/v2\/pages\/110066\/revisions\/111344"}],"wp:featuredmedia":[{"embeddable":true,"href":"https:\/\/www.24-7prayer.com\/es\/wp-json\/wp\/v2\/media\/110097"}],"wp:attachment":[{"href":"https:\/\/www.24-7prayer.com\/es\/wp-json\/wp\/v2\/media?parent=110066"}],"curies":[{"name":"wp","href":"https:\/\/api.w.org\/{rel}","templated":true}]}}